{"id":24191,"date":"2023-04-09T16:45:35","date_gmt":"2023-04-09T16:45:35","guid":{"rendered":"https:\/\/chilimag.hu\/webshop\/?post_type=product&#038;p=24191"},"modified":"2026-02-23T09:51:53","modified_gmt":"2026-02-23T09:51:53","slug":"lufa-tok-florian-bg","status":"publish","type":"product","link":"https:\/\/chilimag.hu\/webshop\/termek\/lufa-tok-florian-bg\/","title":{"rendered":"Lufa t\u00f6k Florian Bg"},"content":{"rendered":"","protected":false},"excerpt":{"rendered":"<p><img decoding=\"async\" class=\"img-inline\" src=\"https:\/\/brcci.eu\/cache\/thumbnails\/12ecd0e6e419f1b9b1484ef02ad361979dd8e054\/1a6c5e1406ad462ca86d17b2800862d7f837862c-829875ad0a268b741b7edd818ffce098.png\" alt=\"FLORIAN OOD\" \/><\/p>\n<p>Luffa Cylindrica, luffa mag, d\u00edszn\u00f6v\u00e9ny \u00e9s f\u00fcrd\u0151szivacs az uborka csal\u00e1db\u00f3l.<\/p>\n<p>Hivatalos n\u00e9v: Luffa cylindrica<\/p>\n<p>N\u00e9pszer\u0171 n\u00e9v: luffa<\/p>\n<p>A Lufa egy egyny\u00e1ri k\u00fasz\u00f3n\u00f6v\u00e9ny, nagy levelekkel, s\u00e1rga vir\u00e1gokkal \u00e9s t\u00f6kre eml\u00e9keztet\u0151 gy\u00fcm\u00f6lcs\u00f6kkel. A magvakat a fagyvesz\u00e9ly \u00e9s a hideg elm\u00fal\u00e1sa ut\u00e1n, a t\u00f6k\u00f6kh\u00f6z hasonl\u00f3 f\u00e9szekbe vetik. Kell\u00e9kek kellenek neki. Javasolt a tetej\u00e9t 2-3 m\u00e9terre megh\u00fazni, a n\u00f6veked\u00e9s kezdet\u00e9n pedig a cs\u00facsokat lefel\u00e9 mutat\u00f3an emelni.<\/p>\n<p>Rostjainak h\u00e1mlaszt\u00f3 tulajdons\u00e1ga miatt term\u00e9szetes f\u00fcrd\u0151szivacsk\u00e9nt haszn\u00e1lj\u00e1k.<\/p>\n<p>M\u0171szaki adatok:<\/p>\n<p>\u00c1prilist\u00f3l kezd\u0151d\u0151en vetik<br \/>\nTermeszt\u00e9si m\u00f3dok: vet\u0151magb\u00f3l<br \/>\n\u00c1ltal\u00e1noss\u00e1gok:<\/p>\n<p>\u00c1prilis \u00fcltet\u00e9s<br \/>\nOkt\u00f3beri betakar\u00edt\u00e1s<br \/>\nVeget\u00e1ci\u00f3 180 nap<\/p>\n<p>&nbsp;<\/p>\n","protected":false},"featured_media":24192,"comment_status":"closed","ping_status":"closed","template":"","meta":[],"product_brand":[],"product_cat":[384],"product_tag":[],"class_list":{"0":"post-24191","1":"product","2":"type-product","3":"status-publish","4":"has-post-thumbnail","6":"product_cat-virag-vetomagok-bolgar-florian-vetomagok","8":"first","9":"instock","10":"taxable","11":"shipping-taxable","12":"purchasable","13":"product-type-simple"},"_links":{"self":[{"href":"https:\/\/chilimag.hu\/webshop\/wp-json\/wp\/v2\/product\/24191","targetHints":{"allow":["GET"]}}],"collection":[{"href":"https:\/\/chilimag.hu\/webshop\/wp-json\/wp\/v2\/product"}],"about":[{"href":"https:\/\/chilimag.hu\/webshop\/wp-json\/wp\/v2\/types\/product"}],"replies":[{"embeddable":true,"href":"https:\/\/chilimag.hu\/webshop\/wp-json\/wp\/v2\/comments?post=24191"}],"wp:featuredmedia":[{"embeddable":true,"href":"https:\/\/chilimag.hu\/webshop\/wp-json\/wp\/v2\/media\/24192"}],"wp:attachment":[{"href":"https:\/\/chilimag.hu\/webshop\/wp-json\/wp\/v2\/media?parent=24191"}],"wp:term":[{"taxonomy":"product_brand","embeddable":true,"href":"https:\/\/chilimag.hu\/webshop\/wp-json\/wp\/v2\/product_brand?post=24191"},{"taxonomy":"product_cat","embeddable":true,"href":"https:\/\/chilimag.hu\/webshop\/wp-json\/wp\/v2\/product_cat?post=24191"},{"taxonomy":"product_tag","embeddable":true,"href":"https:\/\/chilimag.hu\/webshop\/wp-json\/wp\/v2\/product_tag?post=24191"}],"curies":[{"name":"wp","href":"https:\/\/api.w.org\/{rel}","templated":true}]}}