{"id":24188,"date":"2023-04-09T16:40:56","date_gmt":"2023-04-09T16:40:56","guid":{"rendered":"https:\/\/chilimag.hu\/webshop\/?post_type=product&#038;p=24188"},"modified":"2025-08-12T20:11:17","modified_gmt":"2025-08-12T20:11:17","slug":"izsop-florian-bg","status":"publish","type":"product","link":"https:\/\/chilimag.hu\/webshop\/termek\/izsop-florian-bg\/","title":{"rendered":"Izs\u00f3p Florian Bg"},"content":{"rendered":"","protected":false},"excerpt":{"rendered":"<p><img decoding=\"async\" class=\"img-inline\" src=\"https:\/\/brcci.eu\/cache\/thumbnails\/12ecd0e6e419f1b9b1484ef02ad361979dd8e054\/1a6c5e1406ad462ca86d17b2800862d7f837862c-829875ad0a268b741b7edd818ffce098.png\" alt=\"FLORIAN OOD\" \/><\/p>\n<p>Izs\u00f3p \u2013 0,2 gr \u2013 Gy\u00f3gyn\u00f6v\u00e9ny magok Izs\u00f3p \u00e9vel\u0151 n\u00f6v\u00e9ny Fl\u00f3ri\u00e1nt\u00f3l<\/p>\n<p>Kiszerel\u00e9s: 0,2 gr mag<\/p>\n<p>Sz\u00e1razs\u00e1ggal szemben er\u0151sen ellen\u00e1ll\u00f3 \u00e9vel\u0151 n\u00f6v\u00e9ny, amely a napos, j\u00f3l karbantartott talaj\u00fa helyeket kedveli. Szapor\u00edt\u00e1sa pal\u00e1ntanevel\u00e9ssel t\u00f6rt\u00e9nik, a magokat \u00e1prilis-m\u00e1jusban vetik el, a n\u00f6v\u00e9nyeket j\u00falius-augusztusban hajtj\u00e1k ki. A m\u00e1sodik \u00e9vben vir\u00e1gzik. Az izs\u00f3pot gyullad\u00e1scs\u00f6kkent\u0151 tulajdons\u00e1gai miatt gy\u00f3gyn\u00f6v\u00e9nyk\u00e9nt \u00e9s f\u0171szerk\u00e9nt haszn\u00e1lj\u00e1k, melynek vir\u00e1gz\u00e1s el\u0151tt csak a f\u00f6ld feletti r\u00e9sz\u00e9t szedik be.<\/p>\n<p>Magok mennyis\u00e9ge zs\u00e1konk\u00e9nt: 0,2 gramm<\/p>\n<p>M\u0171szaki adatok:<\/p>\n<p>M\u00e9lys\u00e9ge 2-2,5 cm<br \/>\n\u00c1prilis-m\u00e1just\u00f3l kezd\u0151d\u0151en vetik<br \/>\nA magvakb\u00f3l, pal\u00e1nt\u00e1kb\u00f3l t\u00f6rt\u00e9n\u0151 el\u0151\u00e1ll\u00edt\u00e1s fajt\u00e1i<br \/>\n\u00c1ltal\u00e1noss\u00e1gok:<\/p>\n<p>S\u00falya 0,2 gramm<br \/>\n\u00dcltet\u00e9s \u00e1prilis-augusztus<br \/>\nM\u00e1sodik \u00e9vi betakar\u00edt\u00e1s<br \/>\nVeget\u00e1ci\u00f3 180 nap<\/p>\n","protected":false},"featured_media":24189,"comment_status":"closed","ping_status":"closed","template":"","meta":[],"product_brand":[],"product_cat":[374],"product_tag":[],"class_list":{"0":"post-24188","1":"product","2":"type-product","3":"status-publish","4":"has-post-thumbnail","6":"product_cat-fuszer-es-gyogynoveny-vetomagok-bolgar-florian-vetomagok","8":"first","9":"outofstock","10":"taxable","11":"shipping-taxable","12":"purchasable","13":"product-type-simple"},"_links":{"self":[{"href":"https:\/\/chilimag.hu\/webshop\/wp-json\/wp\/v2\/product\/24188","targetHints":{"allow":["GET"]}}],"collection":[{"href":"https:\/\/chilimag.hu\/webshop\/wp-json\/wp\/v2\/product"}],"about":[{"href":"https:\/\/chilimag.hu\/webshop\/wp-json\/wp\/v2\/types\/product"}],"replies":[{"embeddable":true,"href":"https:\/\/chilimag.hu\/webshop\/wp-json\/wp\/v2\/comments?post=24188"}],"wp:featuredmedia":[{"embeddable":true,"href":"https:\/\/chilimag.hu\/webshop\/wp-json\/wp\/v2\/media\/24189"}],"wp:attachment":[{"href":"https:\/\/chilimag.hu\/webshop\/wp-json\/wp\/v2\/media?parent=24188"}],"wp:term":[{"taxonomy":"product_brand","embeddable":true,"href":"https:\/\/chilimag.hu\/webshop\/wp-json\/wp\/v2\/product_brand?post=24188"},{"taxonomy":"product_cat","embeddable":true,"href":"https:\/\/chilimag.hu\/webshop\/wp-json\/wp\/v2\/product_cat?post=24188"},{"taxonomy":"product_tag","embeddable":true,"href":"https:\/\/chilimag.hu\/webshop\/wp-json\/wp\/v2\/product_tag?post=24188"}],"curies":[{"name":"wp","href":"https:\/\/api.w.org\/{rel}","templated":true}]}}