{"id":24185,"date":"2023-04-09T16:38:55","date_gmt":"2023-04-09T16:38:55","guid":{"rendered":"https:\/\/chilimag.hu\/webshop\/?post_type=product&#038;p=24185"},"modified":"2026-02-11T13:16:02","modified_gmt":"2026-02-11T13:16:02","slug":"kamilla-florian-bg","status":"publish","type":"product","link":"https:\/\/chilimag.hu\/webshop\/termek\/kamilla-florian-bg\/","title":{"rendered":"Orvosi Kamilla Florian Bg"},"content":{"rendered":"","protected":false},"excerpt":{"rendered":"<p><img decoding=\"async\" class=\"img-inline\" src=\"https:\/\/brcci.eu\/cache\/thumbnails\/12ecd0e6e419f1b9b1484ef02ad361979dd8e054\/1a6c5e1406ad462ca86d17b2800862d7f837862c-829875ad0a268b741b7edd818ffce098.png\" alt=\"FLORIAN OOD\" \/><\/p>\n<p>Gy\u00f3gyhat\u00e1s\u00fa kamilla Gy\u00f3gy\u00e1szati \u200b\u200bkamilla magvak Fl\u00f3ri\u00e1nt\u00f3l sz\u00e1rmaz\u00f3 \u00e9vel\u0151 gy\u00f3gyn\u00f6v\u00e9ny<\/p>\n<p>10-15 cm magas \u00e9vel\u0151 n\u00f6v\u00e9ny, talaj- \u00e9s \u00e9ghajlati viszonyokra nem ig\u00e9nyes. Jellemz\u0151je, hogy ha szeptember-okt\u00f3berben \u00fcltetj\u00fck, akkor a k\u00f6vetkez\u0151 \u00e9v m\u00e1jus\u00e1ban, m\u00e1rcius-\u00e1prilisban pedig j\u00falius v\u00e9g\u00e9n vir\u00e1gzik. Haszn\u00e1lj\u00e1k a gy\u00f3gy\u00e1szatban, de gy\u00f3gyn\u00f6v\u00e9nyk\u00e9nt is.<\/p>\n<p>Kiszerel\u00e9s: 10.000 ezer mag (1 gr)<\/p>\n<p>M\u0171szaki adatok<br \/>\nM\u00e9lys\u00e9ge 2 cm<br \/>\nFebru\u00e1r-m\u00e1rciust\u00f3l, szeptember-okt\u00f3bert\u0151l kezd\u0151d\u0151en vetik<br \/>\nA vet\u0151magb\u00f3l t\u00f6rt\u00e9n\u0151 termel\u00e9s t\u00edpusai<br \/>\n\u00c1ttekint\u00e9s<br \/>\n\u00dcltet\u00e9s febru\u00e1r-m\u00e1rcius, szeptember-okt\u00f3ber<br \/>\nSz\u00fcret m\u00e1jus-j\u00falius<br \/>\nVeget\u00e1ci\u00f3 100 nap<\/p>\n","protected":false},"featured_media":24186,"comment_status":"closed","ping_status":"closed","template":"","meta":[],"product_brand":[],"product_cat":[374],"product_tag":[],"class_list":{"0":"post-24185","1":"product","2":"type-product","3":"status-publish","4":"has-post-thumbnail","6":"product_cat-fuszer-es-gyogynoveny-vetomagok-bolgar-florian-vetomagok","8":"first","9":"instock","10":"taxable","11":"shipping-taxable","12":"purchasable","13":"product-type-simple"},"_links":{"self":[{"href":"https:\/\/chilimag.hu\/webshop\/wp-json\/wp\/v2\/product\/24185","targetHints":{"allow":["GET"]}}],"collection":[{"href":"https:\/\/chilimag.hu\/webshop\/wp-json\/wp\/v2\/product"}],"about":[{"href":"https:\/\/chilimag.hu\/webshop\/wp-json\/wp\/v2\/types\/product"}],"replies":[{"embeddable":true,"href":"https:\/\/chilimag.hu\/webshop\/wp-json\/wp\/v2\/comments?post=24185"}],"wp:featuredmedia":[{"embeddable":true,"href":"https:\/\/chilimag.hu\/webshop\/wp-json\/wp\/v2\/media\/24186"}],"wp:attachment":[{"href":"https:\/\/chilimag.hu\/webshop\/wp-json\/wp\/v2\/media?parent=24185"}],"wp:term":[{"taxonomy":"product_brand","embeddable":true,"href":"https:\/\/chilimag.hu\/webshop\/wp-json\/wp\/v2\/product_brand?post=24185"},{"taxonomy":"product_cat","embeddable":true,"href":"https:\/\/chilimag.hu\/webshop\/wp-json\/wp\/v2\/product_cat?post=24185"},{"taxonomy":"product_tag","embeddable":true,"href":"https:\/\/chilimag.hu\/webshop\/wp-json\/wp\/v2\/product_tag?post=24185"}],"curies":[{"name":"wp","href":"https:\/\/api.w.org\/{rel}","templated":true}]}}