{"id":24179,"date":"2023-04-09T07:30:49","date_gmt":"2023-04-09T07:30:49","guid":{"rendered":"https:\/\/chilimag.hu\/webshop\/?post_type=product&#038;p=24179"},"modified":"2026-03-18T17:47:08","modified_gmt":"2026-03-18T17:47:08","slug":"csalan-florian-bg","status":"publish","type":"product","link":"https:\/\/chilimag.hu\/webshop\/termek\/csalan-florian-bg\/","title":{"rendered":"Csal\u00e1n Florian Bg"},"content":{"rendered":"","protected":false},"excerpt":{"rendered":"<p><img decoding=\"async\" class=\"img-inline\" src=\"https:\/\/brcci.eu\/cache\/thumbnails\/12ecd0e6e419f1b9b1484ef02ad361979dd8e054\/1a6c5e1406ad462ca86d17b2800862d7f837862c-829875ad0a268b741b7edd818ffce098.png\" alt=\"FLORIAN OOD\" \/><\/p>\n<p>Gy\u00f3gycsal\u00e1n (Urtica dioica) gy\u00f3gycsal\u00e1n magja termeszt\u00e9sre, Fl\u00f3ri\u00e1nt\u00f3l<\/p>\n<p>Kiszerel\u00e9s: 1300 mag (0,3 gr)<\/p>\n<p>L\u00e1gysz\u00e1r\u00fa \u00e9vel\u0151 n\u00f6v\u00e9ny, amely b\u00e1rmilyen t\u00edpus\u00fa talajon n\u0151, \u00e9s k\u00f6nnyen termeszthet\u0151. A magokat k\u00f6zvetlen\u00fcl \u0151sszel &#8211; okt\u00f3berben &#8211; novemberben vetik el, vagy kora tavasszal magas p\u00e1ratartalm\u00fa talajba. Levelei 3-15 cm hossz\u00faak \u00e9s a sz\u00e1rral egy\u00fctt csal\u00e1nki\u00fct\u00e9ses s\u00f6rt\u00e9kkel rendelkeznek. A n\u00f6v\u00e9ny v\u00edzben \u00e1ztat\u00e1sa vagy f\u0151z\u00e9se biztos\u00edtja a csal\u00e1nki\u00fct\u00e9ses tulajdons\u00e1gainak elt\u00e1vol\u00edt\u00e1s\u00e1t. Fogyaszt\u00e1sra csak a legfiatalabb levelek alkalmasak. \u00cdze hasonl\u00edt a spen\u00f3thoz \u00e9s az ubork\u00e1hoz. A csal\u00e1n magas t\u00e1ps\u00f3-, A-, C- \u00e9s D-vitamin-, \u00e1sv\u00e1nyi s\u00f3k (vas, n\u00e1trium, foszfor stb.) tartalommal rendelkezik. Nagyon j\u00f3t\u00e9kony t\u00e1pl\u00e1lkoz\u00e1si tulajdons\u00e1gain k\u00edv\u00fcl ter\u00e1pi\u00e1s \u00e9rt\u00e9ke is van, \u00e1ltal\u00e1nos er\u0151s\u00edt\u0151 hat\u00e1s\u00e1val.<\/p>\n<p>Csal\u00e1n &#8211; 0,3 gr &#8211; Csal\u00e1n magvak &#8211; Gy\u00f3gyn\u00f6v\u00e9ny &#8211; Csal\u00e1n mag Fl\u00f3ri\u00e1nt\u00f3l termeszt\u00e9sre<\/p>\n<p>Magok sz\u00e1ma zs\u00e1konk\u00e9nt: 1300 mag (0,3 gr)<\/p>\n<p>Vet\u00e9si ar\u00e1ny 500-700 gramm csal\u00e1nmag 10 hekt\u00e1ronk\u00e9nt.<\/p>\n<p>Sikeresen haszn\u00e1lhat\u00f3 a 70 X 15 cm-es vet\u00e9st\u00e1vols\u00e1g.<\/p>\n<p>&nbsp;<\/p>\n<p>M\u0171szaki adatok:<\/p>\n<p>Okt\u00f3ber-november m\u00e1rcius-\u00e1prilis vet\u00e9se<br \/>\n\u00c1ltal\u00e1noss\u00e1gok:<\/p>\n<p>S\u00falya 0,3 gramm<br \/>\n\u00dcltet\u00e9s okt\u00f3ber-november<br \/>\nA betakar\u00edt\u00e1s m\u00e1rciusban kezd\u0151dik<\/p>\n","protected":false},"featured_media":24180,"comment_status":"closed","ping_status":"closed","template":"","meta":[],"product_brand":[],"product_cat":[374],"product_tag":[],"class_list":{"0":"post-24179","1":"product","2":"type-product","3":"status-publish","4":"has-post-thumbnail","6":"product_cat-fuszer-es-gyogynoveny-vetomagok-bolgar-florian-vetomagok","8":"first","9":"instock","10":"taxable","11":"shipping-taxable","12":"purchasable","13":"product-type-simple"},"_links":{"self":[{"href":"https:\/\/chilimag.hu\/webshop\/wp-json\/wp\/v2\/product\/24179","targetHints":{"allow":["GET"]}}],"collection":[{"href":"https:\/\/chilimag.hu\/webshop\/wp-json\/wp\/v2\/product"}],"about":[{"href":"https:\/\/chilimag.hu\/webshop\/wp-json\/wp\/v2\/types\/product"}],"replies":[{"embeddable":true,"href":"https:\/\/chilimag.hu\/webshop\/wp-json\/wp\/v2\/comments?post=24179"}],"wp:featuredmedia":[{"embeddable":true,"href":"https:\/\/chilimag.hu\/webshop\/wp-json\/wp\/v2\/media\/24180"}],"wp:attachment":[{"href":"https:\/\/chilimag.hu\/webshop\/wp-json\/wp\/v2\/media?parent=24179"}],"wp:term":[{"taxonomy":"product_brand","embeddable":true,"href":"https:\/\/chilimag.hu\/webshop\/wp-json\/wp\/v2\/product_brand?post=24179"},{"taxonomy":"product_cat","embeddable":true,"href":"https:\/\/chilimag.hu\/webshop\/wp-json\/wp\/v2\/product_cat?post=24179"},{"taxonomy":"product_tag","embeddable":true,"href":"https:\/\/chilimag.hu\/webshop\/wp-json\/wp\/v2\/product_tag?post=24179"}],"curies":[{"name":"wp","href":"https:\/\/api.w.org\/{rel}","templated":true}]}}