{"id":24177,"date":"2023-04-09T07:27:34","date_gmt":"2023-04-09T07:27:34","guid":{"rendered":"https:\/\/chilimag.hu\/webshop\/?post_type=product&#038;p=24177"},"modified":"2026-03-02T11:11:26","modified_gmt":"2026-03-02T11:11:26","slug":"kover-porcsin-florian-bg","status":"publish","type":"product","link":"https:\/\/chilimag.hu\/webshop\/termek\/kover-porcsin-florian-bg\/","title":{"rendered":"K\u00f6v\u00e9r porcsin Florian Bg"},"content":{"rendered":"","protected":false},"excerpt":{"rendered":"<p><img decoding=\"async\" class=\"img-inline\" src=\"https:\/\/brcci.eu\/cache\/thumbnails\/12ecd0e6e419f1b9b1484ef02ad361979dd8e054\/1a6c5e1406ad462ca86d17b2800862d7f837862c-829875ad0a268b741b7edd818ffce098.png\" alt=\"FLORIAN OOD\" \/><\/p>\n<p>Egyny\u00e1ri n\u00f6v\u00e9ny k\u00f6zvetlen szabadf\u00f6ldi vet\u00e9sre.A n\u00f6v\u00e9ny h\u00fasos leveleit \u00e9s sz\u00e1r\u00e1t fogyasztj\u00e1k.Friss sal\u00e1t\u00e1khoz,f\u0151z\u00e9shez,f\u0151z\u00e9shez,mint a spen\u00f3t,sp\u00e1rga vagy karfiol kiv\u00e1l\u00f3 antioxid\u00e1ns- \u00e9s vitaminforr\u00e1s, magas tartalommal savak omega-3 zs\u00edrok m\u00e9g egyes halolajokhoz k\u00e9pest is.Cukorbetegeknek is aj\u00e1nlott.A zs\u00edros f\u0171 a napos helyeket \u00e9s a gyakori \u00f6nt\u00f6z\u00e9st kedveli Veget\u00e1ci\u00f3s peri\u00f3dus-60 nap.<\/p>\n<p>Vet\u00e9se: \u00e1prilis-augusztus, betakar\u00edt\u00e1sa m\u00e1jus-okt\u00f3ber id\u0151szakban t\u00f6rt\u00e9nik.<\/p>\n<p>Magok mennyis\u00e9ge zs\u00e1konk\u00e9nt: 1 gramm (2200 db)<\/p>\n<p>M\u0171szaki adatok:<\/p>\n<p>\u00c1prilis-augusztus vet\u00e9se<br \/>\n\u00c1ltal\u00e1noss\u00e1gok:<\/p>\n<p>2200 magot tartalmaz grammonk\u00e9nt<br \/>\nS\u00falya 1 gramm<br \/>\n\u00dcltet\u00e9s \u00e1prilis-augusztus<br \/>\nSz\u00fcret m\u00e1jus-okt\u00f3ber<br \/>\nVeget\u00e1ci\u00f3 60 nap<\/p>\n","protected":false},"featured_media":24178,"comment_status":"closed","ping_status":"closed","template":"","meta":[],"product_brand":[],"product_cat":[374],"product_tag":[],"class_list":{"0":"post-24177","1":"product","2":"type-product","3":"status-publish","4":"has-post-thumbnail","6":"product_cat-fuszer-es-gyogynoveny-vetomagok-bolgar-florian-vetomagok","8":"first","9":"instock","10":"taxable","11":"shipping-taxable","12":"purchasable","13":"product-type-simple"},"_links":{"self":[{"href":"https:\/\/chilimag.hu\/webshop\/wp-json\/wp\/v2\/product\/24177","targetHints":{"allow":["GET"]}}],"collection":[{"href":"https:\/\/chilimag.hu\/webshop\/wp-json\/wp\/v2\/product"}],"about":[{"href":"https:\/\/chilimag.hu\/webshop\/wp-json\/wp\/v2\/types\/product"}],"replies":[{"embeddable":true,"href":"https:\/\/chilimag.hu\/webshop\/wp-json\/wp\/v2\/comments?post=24177"}],"wp:featuredmedia":[{"embeddable":true,"href":"https:\/\/chilimag.hu\/webshop\/wp-json\/wp\/v2\/media\/24178"}],"wp:attachment":[{"href":"https:\/\/chilimag.hu\/webshop\/wp-json\/wp\/v2\/media?parent=24177"}],"wp:term":[{"taxonomy":"product_brand","embeddable":true,"href":"https:\/\/chilimag.hu\/webshop\/wp-json\/wp\/v2\/product_brand?post=24177"},{"taxonomy":"product_cat","embeddable":true,"href":"https:\/\/chilimag.hu\/webshop\/wp-json\/wp\/v2\/product_cat?post=24177"},{"taxonomy":"product_tag","embeddable":true,"href":"https:\/\/chilimag.hu\/webshop\/wp-json\/wp\/v2\/product_tag?post=24177"}],"curies":[{"name":"wp","href":"https:\/\/api.w.org\/{rel}","templated":true}]}}