{"id":24172,"date":"2023-04-09T07:20:54","date_gmt":"2023-04-09T07:20:54","guid":{"rendered":"https:\/\/chilimag.hu\/webshop\/?post_type=product&#038;p=24172"},"modified":"2026-02-27T12:17:42","modified_gmt":"2026-02-27T12:17:42","slug":"komeny-florian-bg","status":"publish","type":"product","link":"https:\/\/chilimag.hu\/webshop\/termek\/komeny-florian-bg\/","title":{"rendered":"K\u00f6m\u00e9ny mag termeszt\u00e9sre Florian Bg"},"content":{"rendered":"","protected":false},"excerpt":{"rendered":"<div class=\"elementor-element elementor-element-2bf5bbaa elementor-widget elementor-widget-woocommerce-product-short-description\" data-id=\"2bf5bbaa\" data-element_type=\"widget\" data-widget_type=\"woocommerce-product-short-description.default\">\n<div class=\"elementor-widget-container\">\n<div class=\"woocommerce-product-details__short-description\">\n<p><img decoding=\"async\" class=\"img-inline\" src=\"https:\/\/brcci.eu\/cache\/thumbnails\/12ecd0e6e419f1b9b1484ef02ad361979dd8e054\/1a6c5e1406ad462ca86d17b2800862d7f837862c-829875ad0a268b741b7edd818ffce098.png\" alt=\"FLORIAN OOD\" \/><\/p>\n<p>K\u00e9t\u00e9ves n\u00f6v\u00e9ny, 1 m\u00e9ter magas. Gazdag talajokon n\u0151, nedvess\u00e9g- \u00e9s f\u00e9nyig\u00e9nyes. A k\u00f6m\u00e9nyt febru\u00e1r-m\u00e1rciusban vetik 1,5-2 cm m\u00e9lyre, 1-1,5 kg\/hekt\u00e1r vet\u00e9sar\u00e1nnyal. Ill\u00f3olajok nyer\u00e9s\u00e9re \u00e9s magvak el\u0151\u00e1ll\u00edt\u00e1s\u00e1ra termesztik.<\/p>\n<p>Vet\u00e9s: febru\u00e1r-\u00e1prilis.<\/p>\n<p>A magok mennyis\u00e9ge zs\u00e1konk\u00e9nt: 0,6 gramm<\/p>\n<p>M\u0171szaki adatok:<\/p>\n<p>M\u00e9lys\u00e9ge 1,5-2 cm<br \/>\nFebru\u00e1r-\u00e1prilist\u00f3l kezd\u0151d\u0151en vetik<br \/>\nVet\u00e9smennyis\u00e9g 1-1,5 Kg\/hekt\u00e1r<br \/>\nA vet\u0151magb\u00f3l t\u00f6rt\u00e9n\u0151 termel\u00e9s t\u00edpusai<br \/>\n\u00c1ltal\u00e1noss\u00e1gok:<\/p>\n<p>S\u00falya 0,6 gramm<br \/>\n\u00dcltet\u00e9s m\u00e1rcius-\u00e1prilis<br \/>\nSz\u00fcret j\u00fanius<br \/>\nVeget\u00e1ci\u00f3 120 nap<\/p>\n<\/div>\n<\/div>\n<\/div>\n<p>&nbsp;<\/p>\n","protected":false},"featured_media":24173,"comment_status":"closed","ping_status":"closed","template":"","meta":[],"product_brand":[],"product_cat":[374],"product_tag":[],"class_list":{"0":"post-24172","1":"product","2":"type-product","3":"status-publish","4":"has-post-thumbnail","6":"product_cat-fuszer-es-gyogynoveny-vetomagok-bolgar-florian-vetomagok","8":"first","9":"instock","10":"taxable","11":"shipping-taxable","12":"purchasable","13":"product-type-simple"},"_links":{"self":[{"href":"https:\/\/chilimag.hu\/webshop\/wp-json\/wp\/v2\/product\/24172","targetHints":{"allow":["GET"]}}],"collection":[{"href":"https:\/\/chilimag.hu\/webshop\/wp-json\/wp\/v2\/product"}],"about":[{"href":"https:\/\/chilimag.hu\/webshop\/wp-json\/wp\/v2\/types\/product"}],"replies":[{"embeddable":true,"href":"https:\/\/chilimag.hu\/webshop\/wp-json\/wp\/v2\/comments?post=24172"}],"wp:featuredmedia":[{"embeddable":true,"href":"https:\/\/chilimag.hu\/webshop\/wp-json\/wp\/v2\/media\/24173"}],"wp:attachment":[{"href":"https:\/\/chilimag.hu\/webshop\/wp-json\/wp\/v2\/media?parent=24172"}],"wp:term":[{"taxonomy":"product_brand","embeddable":true,"href":"https:\/\/chilimag.hu\/webshop\/wp-json\/wp\/v2\/product_brand?post=24172"},{"taxonomy":"product_cat","embeddable":true,"href":"https:\/\/chilimag.hu\/webshop\/wp-json\/wp\/v2\/product_cat?post=24172"},{"taxonomy":"product_tag","embeddable":true,"href":"https:\/\/chilimag.hu\/webshop\/wp-json\/wp\/v2\/product_tag?post=24172"}],"curies":[{"name":"wp","href":"https:\/\/api.w.org\/{rel}","templated":true}]}}