{"id":24155,"date":"2023-04-08T19:21:15","date_gmt":"2023-04-08T19:21:15","guid":{"rendered":"https:\/\/chilimag.hu\/webshop\/?post_type=product&#038;p=24155"},"modified":"2026-03-28T04:18:01","modified_gmt":"2026-03-28T04:18:01","slug":"csemegekukorica-guchio-f1-florian-bg","status":"publish","type":"product","link":"https:\/\/chilimag.hu\/webshop\/termek\/csemegekukorica-guchio-f1-florian-bg\/","title":{"rendered":"Csemegekukorica Gucio  F1 Florian Bg"},"content":{"rendered":"","protected":false},"excerpt":{"rendered":"<p><img decoding=\"async\" class=\"img-inline\" src=\"https:\/\/brcci.eu\/cache\/thumbnails\/12ecd0e6e419f1b9b1484ef02ad361979dd8e054\/1a6c5e1406ad462ca86d17b2800862d7f837862c-829875ad0a268b741b7edd818ffce098.png\" alt=\"FLORIAN OOD\" \/><\/p>\n<p>Csemegekukorica Gucio F1, korai fajta, rendk\u00edv\u00fcl csemegekukorica.<\/p>\n<p>Rendk\u00edv\u00fcl \u00e9des korai fajta. Bogy\u00f3i v\u00e9kony, s\u00e1rg\u00e1s-narancss\u00e1rga h\u00e9j\u00faak, hossz\u00fa ideig meg\u0151rzik frissess\u00e9g\u00fcket. Alkalmas eg\u00e9sz gubacsban f\u0151z\u00e9shez vagy sal\u00e1ta hozz\u00e1ad\u00e1s\u00e1ra. A n\u00f6v\u00e9nyek el\u00e9rik a 170 cm-es magass\u00e1got, a gubacsok hengeres alak\u00faak, hossza legfeljebb 25 cm, \u00e1tm\u00e9r\u0151je pedig 5 cm, s\u0171r\u0171 bor\u00edt\u00e1ssal. A veget\u00e1ci\u00f3s id\u0151szak 80-85 nap.<\/p>\n<p>A csomag 10 gram magot tartalmaz<\/p>\n","protected":false},"featured_media":24156,"comment_status":"closed","ping_status":"closed","template":"","meta":[],"product_brand":[],"product_cat":[379],"product_tag":[],"class_list":{"0":"post-24155","1":"product","2":"type-product","3":"status-publish","4":"has-post-thumbnail","6":"product_cat-kukorica-vetomagok","8":"first","9":"instock","10":"taxable","11":"shipping-taxable","12":"purchasable","13":"product-type-simple"},"_links":{"self":[{"href":"https:\/\/chilimag.hu\/webshop\/wp-json\/wp\/v2\/product\/24155","targetHints":{"allow":["GET"]}}],"collection":[{"href":"https:\/\/chilimag.hu\/webshop\/wp-json\/wp\/v2\/product"}],"about":[{"href":"https:\/\/chilimag.hu\/webshop\/wp-json\/wp\/v2\/types\/product"}],"replies":[{"embeddable":true,"href":"https:\/\/chilimag.hu\/webshop\/wp-json\/wp\/v2\/comments?post=24155"}],"wp:featuredmedia":[{"embeddable":true,"href":"https:\/\/chilimag.hu\/webshop\/wp-json\/wp\/v2\/media\/24156"}],"wp:attachment":[{"href":"https:\/\/chilimag.hu\/webshop\/wp-json\/wp\/v2\/media?parent=24155"}],"wp:term":[{"taxonomy":"product_brand","embeddable":true,"href":"https:\/\/chilimag.hu\/webshop\/wp-json\/wp\/v2\/product_brand?post=24155"},{"taxonomy":"product_cat","embeddable":true,"href":"https:\/\/chilimag.hu\/webshop\/wp-json\/wp\/v2\/product_cat?post=24155"},{"taxonomy":"product_tag","embeddable":true,"href":"https:\/\/chilimag.hu\/webshop\/wp-json\/wp\/v2\/product_tag?post=24155"}],"curies":[{"name":"wp","href":"https:\/\/api.w.org\/{rel}","templated":true}]}}