{"id":24152,"date":"2023-04-08T19:18:11","date_gmt":"2023-04-08T19:18:11","guid":{"rendered":"https:\/\/chilimag.hu\/webshop\/?post_type=product&#038;p=24152"},"modified":"2025-05-21T15:38:35","modified_gmt":"2025-05-21T15:38:35","slug":"kukorica-minigold-florian-bg","status":"publish","type":"product","link":"https:\/\/chilimag.hu\/webshop\/termek\/kukorica-minigold-florian-bg\/","title":{"rendered":"Kukorica Minigold Florian Bg"},"content":{"rendered":"","protected":false},"excerpt":{"rendered":"<p><img decoding=\"async\" class=\"img-inline\" src=\"https:\/\/brcci.eu\/cache\/thumbnails\/12ecd0e6e419f1b9b1484ef02ad361979dd8e054\/1a6c5e1406ad462ca86d17b2800862d7f837862c-829875ad0a268b741b7edd818ffce098.png\" alt=\"FLORIAN OOD\" \/><\/p>\n<p>A csemegekukorica k\u00e9s\u0151i fajt\u00e1ja fiatal \u00e9s \u00e9retlen b\u00e9bikukoricaszemek tart\u00f3s\u00edt\u00e1s\u00e1ra alkalmas. A n\u00f6v\u00e9nyek k\u00f6zepes magass\u00e1g\u00faak, k\u00fapos \u00e9s nagyon kicsi h\u00fcvelyeket alkotnak. A kicsi, finom \u00e9s ropog\u00f3s szemeket eg\u00e9szben fogyasztj\u00e1k, nagyon kor\u00e1n, kukoricaselyemk\u00e9pz\u0151d\u00e9ssel kell leszedni, amikor a m\u00e9ret\u00fck 0,7-1,7 cm \u00e1tm\u00e9r\u0151j\u0171.<\/p>\n<p>A magok mennyis\u00e9ge zs\u00e1konk\u00e9nt: 10 gramm<\/p>\n<p>M\u0171szaki adatok<br \/>\nVet\u00e9s \u00e1prilis 10-m\u00e1jus 10, j\u00fanius 20-j\u00falius 20<\/p>\n<p>A csomag 10 gram magot tartalmaz<\/p>\n","protected":false},"featured_media":24153,"comment_status":"closed","ping_status":"closed","template":"","meta":[],"product_brand":[],"product_cat":[379],"product_tag":[],"class_list":{"0":"post-24152","1":"product","2":"type-product","3":"status-publish","4":"has-post-thumbnail","6":"product_cat-kukorica-vetomagok","8":"first","9":"instock","10":"taxable","11":"shipping-taxable","12":"purchasable","13":"product-type-simple"},"_links":{"self":[{"href":"https:\/\/chilimag.hu\/webshop\/wp-json\/wp\/v2\/product\/24152","targetHints":{"allow":["GET"]}}],"collection":[{"href":"https:\/\/chilimag.hu\/webshop\/wp-json\/wp\/v2\/product"}],"about":[{"href":"https:\/\/chilimag.hu\/webshop\/wp-json\/wp\/v2\/types\/product"}],"replies":[{"embeddable":true,"href":"https:\/\/chilimag.hu\/webshop\/wp-json\/wp\/v2\/comments?post=24152"}],"wp:featuredmedia":[{"embeddable":true,"href":"https:\/\/chilimag.hu\/webshop\/wp-json\/wp\/v2\/media\/24153"}],"wp:attachment":[{"href":"https:\/\/chilimag.hu\/webshop\/wp-json\/wp\/v2\/media?parent=24152"}],"wp:term":[{"taxonomy":"product_brand","embeddable":true,"href":"https:\/\/chilimag.hu\/webshop\/wp-json\/wp\/v2\/product_brand?post=24152"},{"taxonomy":"product_cat","embeddable":true,"href":"https:\/\/chilimag.hu\/webshop\/wp-json\/wp\/v2\/product_cat?post=24152"},{"taxonomy":"product_tag","embeddable":true,"href":"https:\/\/chilimag.hu\/webshop\/wp-json\/wp\/v2\/product_tag?post=24152"}],"curies":[{"name":"wp","href":"https:\/\/api.w.org\/{rel}","templated":true}]}}