{"id":24147,"date":"2023-04-08T19:01:30","date_gmt":"2023-04-08T19:01:30","guid":{"rendered":"https:\/\/chilimag.hu\/webshop\/?post_type=product&#038;p=24147"},"modified":"2026-03-28T04:18:02","modified_gmt":"2026-03-28T04:18:02","slug":"bab-szarazbab-igolomska-florian-bg","status":"publish","type":"product","link":"https:\/\/chilimag.hu\/webshop\/termek\/bab-szarazbab-igolomska-florian-bg\/","title":{"rendered":"Bab (Sz\u00e1razbab) Igolomska Florian Bg"},"content":{"rendered":"","protected":false},"excerpt":{"rendered":"<p><img decoding=\"async\" class=\"img-inline\" src=\"https:\/\/brcci.eu\/cache\/thumbnails\/12ecd0e6e419f1b9b1484ef02ad361979dd8e054\/1a6c5e1406ad462ca86d17b2800862d7f837862c-829875ad0a268b741b7edd818ffce098.png\" alt=\"FLORIAN OOD\" \/><\/p>\n<p>Igolomska feh\u00e9rbab magvak, Fl\u00f3ri\u00e1n<\/p>\n<p>&nbsp;<\/p>\n<p>A magvakat \u00e1prilis 1-t\u0151l m\u00e1jus 15-ig vetik el, amikor a talaj h\u0151m\u00e9rs\u00e9klete 12 Celsius-fok \u00e9s a fagyvesz\u00e9ly elm\u00falt.<\/p>\n<p>A soros vet\u00e9st a k\u00f6vetkez\u0151 t\u00e1vols\u00e1gra haszn\u00e1lj\u00e1k:<\/p>\n<p>&#8211; alacsony kult\u00far\u00e1khoz &#8211; 40\/60 cm;<\/p>\n<p>Veget\u00e1ci\u00f3s id\u0151szak 75-80 nap.<\/p>\n<p>Nagyon korai fajta, k\u00f6zepes magm\u00e9rettel. Egys\u00e9ges h\u00fcvely jellemzi. A magvak k\u00f6zepesek vagy nagyok, feh\u00e9rek, megny\u00falt hengeresek.<br \/>\nA hozam 2,5-3,5 t 1ha<\/p>\n<p>M\u0171szaki adatok:<\/p>\n<p>M\u00e9lys\u00e9ge 4-7 cm<br \/>\nVet\u00e9s \u00e1prilis 1-m\u00e1jus 15<br \/>\nVet\u00e9smennyis\u00e9g 8-10 kg\/nap<br \/>\n\u00c1ltal\u00e1noss\u00e1gok:<\/p>\n<p>A feh\u00e9r bab megfigyel\u00e9sei<br \/>\nSz\u00fcret j\u00fanius-j\u00falius<br \/>\nVeget\u00e1ci\u00f3ja 75-80 nap<\/p>\n<p>A csomag 100 gram magot tartalmaz<\/p>\n","protected":false},"featured_media":24148,"comment_status":"closed","ping_status":"closed","template":"","meta":[],"product_brand":[],"product_cat":[377],"product_tag":[],"class_list":{"0":"post-24147","1":"product","2":"type-product","3":"status-publish","4":"has-post-thumbnail","6":"product_cat-huvelyesek-vetomagok","8":"first","9":"instock","10":"taxable","11":"shipping-taxable","12":"purchasable","13":"product-type-variable"},"_links":{"self":[{"href":"https:\/\/chilimag.hu\/webshop\/wp-json\/wp\/v2\/product\/24147","targetHints":{"allow":["GET"]}}],"collection":[{"href":"https:\/\/chilimag.hu\/webshop\/wp-json\/wp\/v2\/product"}],"about":[{"href":"https:\/\/chilimag.hu\/webshop\/wp-json\/wp\/v2\/types\/product"}],"replies":[{"embeddable":true,"href":"https:\/\/chilimag.hu\/webshop\/wp-json\/wp\/v2\/comments?post=24147"}],"wp:featuredmedia":[{"embeddable":true,"href":"https:\/\/chilimag.hu\/webshop\/wp-json\/wp\/v2\/media\/24148"}],"wp:attachment":[{"href":"https:\/\/chilimag.hu\/webshop\/wp-json\/wp\/v2\/media?parent=24147"}],"wp:term":[{"taxonomy":"product_brand","embeddable":true,"href":"https:\/\/chilimag.hu\/webshop\/wp-json\/wp\/v2\/product_brand?post=24147"},{"taxonomy":"product_cat","embeddable":true,"href":"https:\/\/chilimag.hu\/webshop\/wp-json\/wp\/v2\/product_cat?post=24147"},{"taxonomy":"product_tag","embeddable":true,"href":"https:\/\/chilimag.hu\/webshop\/wp-json\/wp\/v2\/product_tag?post=24147"}],"curies":[{"name":"wp","href":"https:\/\/api.w.org\/{rel}","templated":true}]}}