{"id":24144,"date":"2023-04-08T18:56:03","date_gmt":"2023-04-08T18:56:03","guid":{"rendered":"https:\/\/chilimag.hu\/webshop\/?post_type=product&#038;p=24144"},"modified":"2026-03-15T12:35:42","modified_gmt":"2026-03-15T12:35:42","slug":"zold-bab-purple-queen-florian-bg","status":"publish","type":"product","link":"https:\/\/chilimag.hu\/webshop\/termek\/zold-bab-purple-queen-florian-bg\/","title":{"rendered":"Bab (Z\u00f6ldbab) Purple Florian Bg"},"content":{"rendered":"","protected":false},"excerpt":{"rendered":"<p><img decoding=\"async\" class=\"img-inline\" src=\"https:\/\/brcci.eu\/cache\/thumbnails\/12ecd0e6e419f1b9b1484ef02ad361979dd8e054\/1a6c5e1406ad462ca86d17b2800862d7f837862c-829875ad0a268b741b7edd818ffce098.png\" alt=\"FLORIAN OOD\" \/><\/p>\n<p>Purple Queen t\u00f6rpebab magvak \u00a0Jellemz\u0151k<br \/>\nPurple Queen t\u00f6rpebab term\u00e9keny, korai fajta, 52-55 napos veget\u00e1ci\u00f3s peri\u00f3dussal.<\/p>\n<p>A h\u00fcvelyek kerekek, 14-15 cm-esek, ropog\u00f3sak, \u00edzletesek. Sz\u00edne s\u00f6t\u00e9tlil\u00e1t\u00f3l a feket\u00e9ig terjed.<\/p>\n<p>Friss fogyaszt\u00e1sra \u00e9s \u00e9lelmiszeriparban aj\u00e1nlott.<\/p>\n<p>Vet\u00e9s \u00e9s betakar\u00edt\u00e1s<br \/>\nK\u00f6zvetlen\u00fcl a sz\u00e1nt\u00f3f\u00f6ldre vetik \u00e1prilis-j\u00falius h\u00f3napokban, a sorok k\u00f6z\u00f6tt 50 cm, a n\u00f6v\u00e9nyek k\u00f6z\u00f6tt 5 cm t\u00e1vols\u00e1gra.<\/p>\n<p>J\u00fanius-szeptemberben sz\u00fcretelik.<\/p>\n<p>Ak\u00e1r 2 m\u00e9teres magass\u00e1gig is bokork\u00e9nt n\u0151, er\u0151teljes sz\u00e1rral, amelyet meg kell k\u00f6tni, hogy k\u00f6nnyen eltarthassa a gazdag gy\u00fcm\u00f6lcsterm\u00e9st. A fajta term\u00e9sei nagyok, k\u00f6r\u00fclbel\u00fcl 21 g t\u00f6meg\u0171ek.<\/p>\n<p>A csomag 50 gram magot tartalmaz<\/p>\n","protected":false},"featured_media":25107,"comment_status":"closed","ping_status":"closed","template":"","meta":[],"product_brand":[],"product_cat":[377],"product_tag":[],"class_list":{"0":"post-24144","1":"product","2":"type-product","3":"status-publish","4":"has-post-thumbnail","6":"product_cat-huvelyesek-vetomagok","8":"first","9":"instock","10":"taxable","11":"shipping-taxable","12":"purchasable","13":"product-type-simple"},"_links":{"self":[{"href":"https:\/\/chilimag.hu\/webshop\/wp-json\/wp\/v2\/product\/24144","targetHints":{"allow":["GET"]}}],"collection":[{"href":"https:\/\/chilimag.hu\/webshop\/wp-json\/wp\/v2\/product"}],"about":[{"href":"https:\/\/chilimag.hu\/webshop\/wp-json\/wp\/v2\/types\/product"}],"replies":[{"embeddable":true,"href":"https:\/\/chilimag.hu\/webshop\/wp-json\/wp\/v2\/comments?post=24144"}],"wp:featuredmedia":[{"embeddable":true,"href":"https:\/\/chilimag.hu\/webshop\/wp-json\/wp\/v2\/media\/25107"}],"wp:attachment":[{"href":"https:\/\/chilimag.hu\/webshop\/wp-json\/wp\/v2\/media?parent=24144"}],"wp:term":[{"taxonomy":"product_brand","embeddable":true,"href":"https:\/\/chilimag.hu\/webshop\/wp-json\/wp\/v2\/product_brand?post=24144"},{"taxonomy":"product_cat","embeddable":true,"href":"https:\/\/chilimag.hu\/webshop\/wp-json\/wp\/v2\/product_cat?post=24144"},{"taxonomy":"product_tag","embeddable":true,"href":"https:\/\/chilimag.hu\/webshop\/wp-json\/wp\/v2\/product_tag?post=24144"}],"curies":[{"name":"wp","href":"https:\/\/api.w.org\/{rel}","templated":true}]}}