{"id":24142,"date":"2023-04-08T18:48:44","date_gmt":"2023-04-08T18:48:44","guid":{"rendered":"https:\/\/chilimag.hu\/webshop\/?post_type=product&#038;p=24142"},"modified":"2025-02-10T15:29:17","modified_gmt":"2025-02-10T15:29:17","slug":"borso-ran-1-florian-bg","status":"publish","type":"product","link":"https:\/\/chilimag.hu\/webshop\/termek\/borso-ran-1-florian-bg\/","title":{"rendered":"Bors\u00f3 Ran 1  Florian Bg"},"content":{"rendered":"","protected":false},"excerpt":{"rendered":"<p>Korai fajta, magas term\u0151k\u00e9pess\u00e9ggel. Veget\u00e1ci\u00f3s id\u0151szak 50-55 nap.<br \/>\nA n\u00f6v\u00e9nyek magass\u00e1ga 40-50 cm. A h\u00fcvelyek 8-9. A h\u00fcvelyek z\u00f6ldek, 6-7 cm hossz\u00faak \u00e9s 6-7 ov\u00e1lisak, a bogy\u00f3k k\u00f6zepes m\u00e9ret\u0171ek, z\u00f6ldek.<\/p>\n<p>Magok sz\u00e1ma 1 grammonk\u00e9nt &#8211; 4 &#8211; 6 db<br \/>\nVet\u0151mennyis\u00e9g: 1,6 &#8211; 2,5 kg.\/100 m2.<br \/>\nM\u00e9lys\u00e9g &#8211; 4 &#8211; 5 cm. \u00e9s legfeljebb 8 cm. &#8211; sz\u00e1razabb talajokhoz.<br \/>\nVet\u00e9s: febru\u00e1r v\u00e9g\u00e9n &#8211; m\u00e1rcius elej\u00e9n 2 soros s\u00e1vban 60+20\u044510+15 cm t\u00e1vols\u00e1gra. vagy f\u00e9szkekben 50&#215;30 cm t\u00e1vols\u00e1gra. egyenk\u00e9nt 6-7 maggal a f\u00e9szekben. A magvak k\u00f6r\u00fclbel\u00fcl 7-10 nap alatt cs\u00edr\u00e1znak 4-80\u00b0C talajh\u0151m\u00e9rs\u00e9kleten. A cs\u00edr\u00e1z\u00e1s \u00e9s a n\u00f6veked\u00e9s optim\u00e1lis h\u0151m\u00e9rs\u00e9klete 180 C.<br \/>\n8000 &#8211; 10000 db aj\u00e1nlott. n\u00f6v\u00e9nyek sz\u00e1ma 100 m2-re.<br \/>\nTermel\u00e9s: 80 &#8211; 120 kg.\/100 m2. &#8211; bors\u00f3<\/p>\n<p>A csomag 200 gram magot tartalmaz<\/p>\n","protected":false},"featured_media":24143,"comment_status":"closed","ping_status":"closed","template":"","meta":[],"product_brand":[],"product_cat":[347],"product_tag":[],"class_list":{"0":"post-24142","1":"product","2":"type-product","3":"status-publish","4":"has-post-thumbnail","6":"product_cat-347","8":"first","9":"outofstock","10":"taxable","11":"shipping-taxable","12":"purchasable","13":"product-type-simple"},"_links":{"self":[{"href":"https:\/\/chilimag.hu\/webshop\/wp-json\/wp\/v2\/product\/24142","targetHints":{"allow":["GET"]}}],"collection":[{"href":"https:\/\/chilimag.hu\/webshop\/wp-json\/wp\/v2\/product"}],"about":[{"href":"https:\/\/chilimag.hu\/webshop\/wp-json\/wp\/v2\/types\/product"}],"replies":[{"embeddable":true,"href":"https:\/\/chilimag.hu\/webshop\/wp-json\/wp\/v2\/comments?post=24142"}],"wp:featuredmedia":[{"embeddable":true,"href":"https:\/\/chilimag.hu\/webshop\/wp-json\/wp\/v2\/media\/24143"}],"wp:attachment":[{"href":"https:\/\/chilimag.hu\/webshop\/wp-json\/wp\/v2\/media?parent=24142"}],"wp:term":[{"taxonomy":"product_brand","embeddable":true,"href":"https:\/\/chilimag.hu\/webshop\/wp-json\/wp\/v2\/product_brand?post=24142"},{"taxonomy":"product_cat","embeddable":true,"href":"https:\/\/chilimag.hu\/webshop\/wp-json\/wp\/v2\/product_cat?post=24142"},{"taxonomy":"product_tag","embeddable":true,"href":"https:\/\/chilimag.hu\/webshop\/wp-json\/wp\/v2\/product_tag?post=24142"}],"curies":[{"name":"wp","href":"https:\/\/api.w.org\/{rel}","templated":true}]}}