{"id":24137,"date":"2023-04-08T18:25:33","date_gmt":"2023-04-08T18:25:33","guid":{"rendered":"https:\/\/chilimag.hu\/webshop\/?post_type=product&#038;p=24137"},"modified":"2026-01-27T19:26:42","modified_gmt":"2026-01-27T19:26:42","slug":"sutotok-uchiki-kuri-florian-bg","status":"publish","type":"product","link":"https:\/\/chilimag.hu\/webshop\/termek\/sutotok-uchiki-kuri-florian-bg\/","title":{"rendered":"S\u00fct\u0151t\u00f6k Uchiki kuri Florian Bg"},"content":{"rendered":"","protected":false},"excerpt":{"rendered":"<h1 class=\"product_title entry-title elementor-heading-title elementor-size-default\"><img decoding=\"async\" class=\"img-inline\" src=\"https:\/\/brcci.eu\/cache\/thumbnails\/12ecd0e6e419f1b9b1484ef02ad361979dd8e054\/1a6c5e1406ad462ca86d17b2800862d7f837862c-829875ad0a268b741b7edd818ffce098.png\" alt=\"FLORIAN OOD\" \/><\/h1>\n<p>Nagyon elterjedt jap\u00e1n fajta k\u00fclt\u00e9ri termel\u00e9sre. Nagyon magas term\u0151k\u00e9pess\u00e9g \u00e9s j\u00f3 min\u0151s\u00e9g\u0171 tart\u00f3s\u00edt\u00e1s jellemzi. Gy\u00fcm\u00f6lcsei vonz\u00f3ak, dekorat\u00edvak, k\u00f6nny alak\u00faak, \u00e1tlagos t\u00f6meg\u00fck 1,5 kg. H\u00e9ja v\u00f6r\u00f6s-narancss\u00e1rga, magja kr\u00e9ms\u00e1rga, \u00e9des \u00e9s \u00edzletes. A veget\u00e1ci\u00f3s id\u0151szak 100 nap.<\/p>\n<p>Vet\u00e9sid\u0151: \u00e1prilis 10-25, m\u00e9lys\u00e9g 6-7 cm, t\u00e1vols\u00e1g 200\/200 cm.<\/p>\n<p>Magok mennyis\u00e9ge zs\u00e1konk\u00e9nt: 2 gramm &#8211; 10 mag<\/p>\n<p>M\u0171szaki adatok:<\/p>\n<p>M\u00e9lys\u00e9ge 6-7 cm<br \/>\n\u00c1prilis 10-25<br \/>\nVet\u00e9smennyis\u00e9g 0,350-0,600 Kg\/hekt\u00e1r<br \/>\nA vet\u0151magb\u00f3l t\u00f6rt\u00e9n\u0151 termel\u00e9s t\u00edpusai<br \/>\n\u00c1ltal\u00e1noss\u00e1gok:<\/p>\n<p>3-5 magot tartalmaz grammonk\u00e9nt<br \/>\nS\u00falya 2 gramm<br \/>\n\u00c1prilis \u00fcltet\u00e9s<br \/>\nSz\u00fcret j\u00falius-augusztus<br \/>\nVeget\u00e1ci\u00f3 100 nap<\/p>\n<p>A csomag 2 gram magot tartalmaz<\/p>\n","protected":false},"featured_media":25074,"comment_status":"closed","ping_status":"closed","template":"","meta":[],"product_brand":[],"product_cat":[373],"product_tag":[],"class_list":{"0":"post-24137","1":"product","2":"type-product","3":"status-publish","4":"has-post-thumbnail","6":"product_cat-dinnye-es-tok-vetomagok-bolgar-florian-vetomagok","8":"first","9":"instock","10":"taxable","11":"shipping-taxable","12":"purchasable","13":"product-type-simple"},"_links":{"self":[{"href":"https:\/\/chilimag.hu\/webshop\/wp-json\/wp\/v2\/product\/24137","targetHints":{"allow":["GET"]}}],"collection":[{"href":"https:\/\/chilimag.hu\/webshop\/wp-json\/wp\/v2\/product"}],"about":[{"href":"https:\/\/chilimag.hu\/webshop\/wp-json\/wp\/v2\/types\/product"}],"replies":[{"embeddable":true,"href":"https:\/\/chilimag.hu\/webshop\/wp-json\/wp\/v2\/comments?post=24137"}],"wp:featuredmedia":[{"embeddable":true,"href":"https:\/\/chilimag.hu\/webshop\/wp-json\/wp\/v2\/media\/25074"}],"wp:attachment":[{"href":"https:\/\/chilimag.hu\/webshop\/wp-json\/wp\/v2\/media?parent=24137"}],"wp:term":[{"taxonomy":"product_brand","embeddable":true,"href":"https:\/\/chilimag.hu\/webshop\/wp-json\/wp\/v2\/product_brand?post=24137"},{"taxonomy":"product_cat","embeddable":true,"href":"https:\/\/chilimag.hu\/webshop\/wp-json\/wp\/v2\/product_cat?post=24137"},{"taxonomy":"product_tag","embeddable":true,"href":"https:\/\/chilimag.hu\/webshop\/wp-json\/wp\/v2\/product_tag?post=24137"}],"curies":[{"name":"wp","href":"https:\/\/api.w.org\/{rel}","templated":true}]}}