{"id":24133,"date":"2023-04-08T18:20:41","date_gmt":"2023-04-08T18:20:41","guid":{"rendered":"https:\/\/chilimag.hu\/webshop\/?post_type=product&#038;p=24133"},"modified":"2025-08-12T20:02:19","modified_gmt":"2025-08-12T20:02:19","slug":"sutotok-miranda-florian-bg","status":"publish","type":"product","link":"https:\/\/chilimag.hu\/webshop\/termek\/sutotok-miranda-florian-bg\/","title":{"rendered":"S\u00fct\u0151t\u00f6k Miranda(Olajt\u00f6k) Florian Bg"},"content":{"rendered":"","protected":false},"excerpt":{"rendered":"<p><img decoding=\"async\" class=\"img-inline\" src=\"https:\/\/brcci.eu\/cache\/thumbnails\/12ecd0e6e419f1b9b1484ef02ad361979dd8e054\/1a6c5e1406ad462ca86d17b2800862d7f837862c-829875ad0a268b741b7edd818ffce098.png\" alt=\"FLORIAN OOD\" \/><\/p>\n<p>B\u0151r n\u00e9lk\u00fcli magos s\u00fct\u0151t\u00f6k fajta.Gy\u00fcm\u00f6lcsei szinte g\u00f6mb alak\u00faak,z\u00f6ld h\u00e9j\u00fa \u00e9s narancss\u00e1rga foltokkal,\u00e1tlag 2,5-4,5 kg t\u00f6meg\u0171ek.Magjukban sok h\u00e9j n\u00e9lk\u00fcli mag tal\u00e1lhat\u00f3,amelyek k\u00f6zvetlen\u00fcl,h\u00e1moz\u00e1s n\u00e9lk\u00fcl fogyaszthat\u00f3k.T\u00f6k a magvak \u00edzletesek, nagyon j\u00f3t\u00e9kony hat\u00e1s\u00faak, t\u00e1panyagokban gazdagok. Fogyaszthat\u00f3 nyersen \u00e9s s\u00fctve is.Ez a fajta napos, sz\u00e9lt\u0151l v\u00e9dett helyen fejl\u0151dik a legjobban.<\/p>\n<p>Veget\u00e1ci\u00f3s id\u0151szak 105 nap.<\/p>\n<p>Vet\u00e9s \u00e1prilis 20-30. minimum 10 fokos talajh\u0151m\u00e9rs\u00e9kleten.<\/p>\n<p>Magok mennyis\u00e9ge zs\u00e1konk\u00e9nt: 3 gramm &#8211; 24 mag<\/p>\n<p>M\u0171szaki adatok<br \/>\n\u00c1prilis 20-30<br \/>\nVet\u00e9smennyis\u00e9g 0,250-0,450 kg\/nap<br \/>\n\u00c1ttekint\u00e9s<br \/>\nS\u00falya 3 gramm<br \/>\nSz\u00fcret j\u00falius-augusztus<br \/>\nVeget\u00e1ci\u00f3 105 nap<\/p>\n<p>A csomag 3 gram magot tartalmaz<\/p>\n","protected":false},"featured_media":24134,"comment_status":"closed","ping_status":"closed","template":"","meta":[],"product_brand":[],"product_cat":[373],"product_tag":[],"class_list":{"0":"post-24133","1":"product","2":"type-product","3":"status-publish","4":"has-post-thumbnail","6":"product_cat-dinnye-es-tok-vetomagok-bolgar-florian-vetomagok","8":"first","9":"instock","10":"taxable","11":"shipping-taxable","12":"purchasable","13":"product-type-simple"},"_links":{"self":[{"href":"https:\/\/chilimag.hu\/webshop\/wp-json\/wp\/v2\/product\/24133","targetHints":{"allow":["GET"]}}],"collection":[{"href":"https:\/\/chilimag.hu\/webshop\/wp-json\/wp\/v2\/product"}],"about":[{"href":"https:\/\/chilimag.hu\/webshop\/wp-json\/wp\/v2\/types\/product"}],"replies":[{"embeddable":true,"href":"https:\/\/chilimag.hu\/webshop\/wp-json\/wp\/v2\/comments?post=24133"}],"wp:featuredmedia":[{"embeddable":true,"href":"https:\/\/chilimag.hu\/webshop\/wp-json\/wp\/v2\/media\/24134"}],"wp:attachment":[{"href":"https:\/\/chilimag.hu\/webshop\/wp-json\/wp\/v2\/media?parent=24133"}],"wp:term":[{"taxonomy":"product_brand","embeddable":true,"href":"https:\/\/chilimag.hu\/webshop\/wp-json\/wp\/v2\/product_brand?post=24133"},{"taxonomy":"product_cat","embeddable":true,"href":"https:\/\/chilimag.hu\/webshop\/wp-json\/wp\/v2\/product_cat?post=24133"},{"taxonomy":"product_tag","embeddable":true,"href":"https:\/\/chilimag.hu\/webshop\/wp-json\/wp\/v2\/product_tag?post=24133"}],"curies":[{"name":"wp","href":"https:\/\/api.w.org\/{rel}","templated":true}]}}