{"id":24130,"date":"2023-04-08T18:17:41","date_gmt":"2023-04-08T18:17:41","guid":{"rendered":"https:\/\/chilimag.hu\/webshop\/?post_type=product&#038;p=24130"},"modified":"2025-11-06T13:13:12","modified_gmt":"2025-11-06T13:13:12","slug":"sutotok-amazonka-florian-bg","status":"publish","type":"product","link":"https:\/\/chilimag.hu\/webshop\/termek\/sutotok-amazonka-florian-bg\/","title":{"rendered":"S\u00fct\u0151t\u00f6k Amazonka Florian Bg"},"content":{"rendered":"","protected":false},"excerpt":{"rendered":"<p><img decoding=\"async\" class=\"img-inline\" src=\"https:\/\/brcci.eu\/cache\/thumbnails\/12ecd0e6e419f1b9b1484ef02ad361979dd8e054\/1a6c5e1406ad462ca86d17b2800862d7f837862c-829875ad0a268b741b7edd818ffce098.png\" alt=\"FLORIAN OOD\" \/><\/p>\n<p>Nem er\u0151s n\u00f6veked\u00e9s\u0171 fajta, f\u00e9lcserje, kiskerti termeszt\u00e9sre alkalmas n\u00f6v\u00e9ny.A n\u00f6v\u00e9nyek 3-6-szor nem t\u00fal nagy term\u00e9st hoznak.Ov\u00e1lis,lap\u00edtott alak\u00faak,\u00e1tlags\u00falyuk kb. 1-1,5 kg. Egy s\u00fct\u0151t\u00f6k is el\u00e9g egy desszert elk\u00e9sz\u00edt\u00e9s\u00e9hez az eg\u00e9sz csal\u00e1d sz\u00e1m\u00e1ra. A h\u00e9j s\u00f6t\u00e9tnarancs sz\u00edn\u0171, a mag pedig narancss\u00e1rga. 100 gramm friss gy\u00fcm\u00f6lcs 10-15% sz\u00e1razanyagot \u00e9s 9-13 mg b\u00e9ta-karotint tartalmaz. Ide\u00e1lis fajta az \u00e9lelmiszeripar sz\u00e1m\u00e1ra gy\u00fcm\u00f6lcslevek \u00e9s egy\u00e9b gyermekeknek sz\u00e1nt \u00e9lelmiszerek el\u0151\u00e1ll\u00edt\u00e1s\u00e1hoz. Hossz\u00fa t\u00e1rol\u00e1si id\u0151. A veget\u00e1ci\u00f3s id\u0151szak 126-154 nap.<\/p>\n<p>Vet\u00e9s: \u00e1prilis 10-25., 6-7 cm m\u00e9lys\u00e9gben \u00e9s 200\/200 cm t\u00e1vols\u00e1gra.<\/p>\n<p>Magok mennyis\u00e9ge zs\u00e1konk\u00e9nt: 2 gramm &#8211; 10 mag<\/p>\n<p>M\u0171szaki adatok:<\/p>\n<p>M\u00e9lys\u00e9ge 6-7 cm<br \/>\n\u00c1prilis 10-25<br \/>\nVet\u00e9smennyis\u00e9g 3,5-,6 Kg\/hekt\u00e1r<br \/>\nA vet\u0151magb\u00f3l t\u00f6rt\u00e9n\u0151 termel\u00e9s t\u00edpusai<br \/>\n\u00c1ltal\u00e1noss\u00e1gok:<\/p>\n<p>3-5 magot tartalmaz grammonk\u00e9nt<br \/>\nS\u00falya 2 gramm<br \/>\n\u00c1prilis \u00fcltet\u00e9s<br \/>\nSz\u00fcret augusztus-szeptember<br \/>\nVeget\u00e1ci\u00f3ja 126-154 nap<\/p>\n<p>A csomag 2 gram magot tartalmaz<\/p>\n","protected":false},"featured_media":24131,"comment_status":"closed","ping_status":"closed","template":"","meta":[],"product_brand":[],"product_cat":[373],"product_tag":[],"class_list":{"0":"post-24130","1":"product","2":"type-product","3":"status-publish","4":"has-post-thumbnail","6":"product_cat-dinnye-es-tok-vetomagok-bolgar-florian-vetomagok","8":"first","9":"instock","10":"taxable","11":"shipping-taxable","12":"purchasable","13":"product-type-simple"},"_links":{"self":[{"href":"https:\/\/chilimag.hu\/webshop\/wp-json\/wp\/v2\/product\/24130","targetHints":{"allow":["GET"]}}],"collection":[{"href":"https:\/\/chilimag.hu\/webshop\/wp-json\/wp\/v2\/product"}],"about":[{"href":"https:\/\/chilimag.hu\/webshop\/wp-json\/wp\/v2\/types\/product"}],"replies":[{"embeddable":true,"href":"https:\/\/chilimag.hu\/webshop\/wp-json\/wp\/v2\/comments?post=24130"}],"wp:featuredmedia":[{"embeddable":true,"href":"https:\/\/chilimag.hu\/webshop\/wp-json\/wp\/v2\/media\/24131"}],"wp:attachment":[{"href":"https:\/\/chilimag.hu\/webshop\/wp-json\/wp\/v2\/media?parent=24130"}],"wp:term":[{"taxonomy":"product_brand","embeddable":true,"href":"https:\/\/chilimag.hu\/webshop\/wp-json\/wp\/v2\/product_brand?post=24130"},{"taxonomy":"product_cat","embeddable":true,"href":"https:\/\/chilimag.hu\/webshop\/wp-json\/wp\/v2\/product_cat?post=24130"},{"taxonomy":"product_tag","embeddable":true,"href":"https:\/\/chilimag.hu\/webshop\/wp-json\/wp\/v2\/product_tag?post=24130"}],"curies":[{"name":"wp","href":"https:\/\/api.w.org\/{rel}","templated":true}]}}