{"id":24122,"date":"2023-04-08T16:51:57","date_gmt":"2023-04-08T16:51:57","guid":{"rendered":"https:\/\/chilimag.hu\/webshop\/?post_type=product&#038;p=24122"},"modified":"2026-05-03T11:12:19","modified_gmt":"2026-05-03T11:12:19","slug":"sutotok-muscat-di-provance-florian-bg","status":"publish","type":"product","link":"https:\/\/chilimag.hu\/webshop\/termek\/sutotok-muscat-di-provance-florian-bg\/","title":{"rendered":"S\u00fct\u0151t\u00f6k Muscat di Provance Florian Bg"},"content":{"rendered":"","protected":false},"excerpt":{"rendered":"<p><img decoding=\"async\" class=\"img-inline\" src=\"https:\/\/brcci.eu\/cache\/thumbnails\/12ecd0e6e419f1b9b1484ef02ad361979dd8e054\/1a6c5e1406ad462ca86d17b2800862d7f837862c-829875ad0a268b741b7edd818ffce098.png\" alt=\"FLORIAN OOD\" \/><\/p>\n<p>S\u00fct\u0151t\u00f6k Muscat de Provence \u00a0t\u00f6kmag<\/p>\n<p>A magvakat \u00e1prilis 10-25. A vet\u00e9s 200\/200 cm t\u00e1vols\u00e1gra f\u00e9szkekben t\u00f6rt\u00e9nik, f\u00e9szekbe 4-5 magot helyezve, miut\u00e1n a talajh\u0151m\u00e9rs\u00e9klet folyamatosan 12 fok felett van.<\/p>\n<p>M\u0171szaki adatok:<\/p>\n<p>M\u00e9lys\u00e9ge 6-7 cm<br \/>\n\u00c1prilis 10-25<br \/>\nVet\u00e9smennyis\u00e9g 0,350-0,600 Kg\/hekt\u00e1r<br \/>\nA vet\u0151magb\u00f3l t\u00f6rt\u00e9n\u0151 termel\u00e9s t\u00edpusai<br \/>\n\u00c1ltal\u00e1noss\u00e1gok:<\/p>\n<p>3-5 magot tartalmaz grammonk\u00e9nt<br \/>\nS\u00falya 3 gramm<br \/>\n\u00c1prilis \u00fcltet\u00e9s<br \/>\nSz\u00fcret augusztus-szeptember<br \/>\nVeget\u00e1ci\u00f3ja 120-130 nap<\/p>\n<p>A csomag 3 gram magot tartalmaz<\/p>\n","protected":false},"featured_media":25015,"comment_status":"closed","ping_status":"closed","template":"","meta":[],"product_brand":[],"product_cat":[373],"product_tag":[],"class_list":{"0":"post-24122","1":"product","2":"type-product","3":"status-publish","4":"has-post-thumbnail","6":"product_cat-dinnye-es-tok-vetomagok-bolgar-florian-vetomagok","8":"first","9":"instock","10":"taxable","11":"shipping-taxable","12":"purchasable","13":"product-type-simple"},"_links":{"self":[{"href":"https:\/\/chilimag.hu\/webshop\/wp-json\/wp\/v2\/product\/24122","targetHints":{"allow":["GET"]}}],"collection":[{"href":"https:\/\/chilimag.hu\/webshop\/wp-json\/wp\/v2\/product"}],"about":[{"href":"https:\/\/chilimag.hu\/webshop\/wp-json\/wp\/v2\/types\/product"}],"replies":[{"embeddable":true,"href":"https:\/\/chilimag.hu\/webshop\/wp-json\/wp\/v2\/comments?post=24122"}],"wp:featuredmedia":[{"embeddable":true,"href":"https:\/\/chilimag.hu\/webshop\/wp-json\/wp\/v2\/media\/25015"}],"wp:attachment":[{"href":"https:\/\/chilimag.hu\/webshop\/wp-json\/wp\/v2\/media?parent=24122"}],"wp:term":[{"taxonomy":"product_brand","embeddable":true,"href":"https:\/\/chilimag.hu\/webshop\/wp-json\/wp\/v2\/product_brand?post=24122"},{"taxonomy":"product_cat","embeddable":true,"href":"https:\/\/chilimag.hu\/webshop\/wp-json\/wp\/v2\/product_cat?post=24122"},{"taxonomy":"product_tag","embeddable":true,"href":"https:\/\/chilimag.hu\/webshop\/wp-json\/wp\/v2\/product_tag?post=24122"}],"curies":[{"name":"wp","href":"https:\/\/api.w.org\/{rel}","templated":true}]}}