{"id":24111,"date":"2023-04-08T16:16:58","date_gmt":"2023-04-08T16:16:58","guid":{"rendered":"https:\/\/chilimag.hu\/webshop\/?post_type=product&#038;p=24111"},"modified":"2026-03-23T16:25:29","modified_gmt":"2026-03-23T16:25:29","slug":"cekla-chioggia-florian-bg","status":"publish","type":"product","link":"https:\/\/chilimag.hu\/webshop\/termek\/cekla-chioggia-florian-bg\/","title":{"rendered":"C\u00e9kla Chioggia Florian Bg"},"content":{"rendered":"","protected":false},"excerpt":{"rendered":"<p><img decoding=\"async\" class=\"img-inline\" src=\"https:\/\/brcci.eu\/cache\/thumbnails\/12ecd0e6e419f1b9b1484ef02ad361979dd8e054\/1a6c5e1406ad462ca86d17b2800862d7f837862c-829875ad0a268b741b7edd818ffce098.png\" alt=\"FLORIAN OOD\" \/><\/p>\n<p>Az \u00f6sszes fajta k\u00f6z\u00fcl ez a c\u00e9kla \u00a0n\u00e9z ki a legjobban. G\u00f6mb\u00f6ly\u0171 alak\u00fa gy\u00f6keret form\u00e1l \u00e9s bels\u0151 r\u00e9sze a feh\u00e9r \u00e9s borv\u00f6r\u00f6s koncentrikus \u00a0k\u00f6r\u00f6k miatt bikaszemre eml\u00e9keztet, nagyon kellemes, \u00e9des \u00edz\u0171. Levele kiv\u00e1l\u00f3an helyettes\u00edti a spen\u00f3tot Veget\u00e1ci\u00f3s peri\u00f3dus 55-60 nap.<\/p>\n<p>A korai termeszt\u00e9sn\u00e9l a vet\u00e9s m\u00e1rcius 15. \u00e9s \u00e1prilis 15. k\u00f6z\u00f6tt, a k\u00e9s\u0151i term\u00e9sn\u00e9l m\u00e1jus 1. \u00e9s 30. k\u00f6z\u00f6tt t\u00f6rt\u00e9nik.<\/p>\n<p>Magok mennyis\u00e9ge zs\u00e1konk\u00e9nt: 3 gramm &#8211; 210-240 mag<\/p>\n<p>M\u0171szaki adatok:<\/p>\n<p>M\u00e9lys\u00e9ge 2,5-3,5 cm<br \/>\nM\u00e1rcius 15-t\u0151l \u00e1prilis 15-ig vetve, m\u00e1jus 1-30-ig<br \/>\nVet\u0151mennyis\u00e9g 2-2,5 Kg\/hekt\u00e1r<br \/>\nA magvakb\u00f3l, pal\u00e1nt\u00e1kb\u00f3l t\u00f6rt\u00e9n\u0151 el\u0151\u00e1ll\u00edt\u00e1s fajt\u00e1i<br \/>\n\u00c1ltal\u00e1noss\u00e1gok:<\/p>\n<p>70-80 magot tartalmaz grammonk\u00e9nt<br \/>\nS\u00falya 3 gramm<br \/>\n\u00dcltet\u00e9s m\u00e1rcius-m\u00e1jus<br \/>\nSz\u00fcret m\u00e1jus-j\u00falius<br \/>\nVeget\u00e1ci\u00f3ja 55-60 nap<\/p>\n<p>A csomag 3 gram magot tartalmaz<\/p>\n","protected":false},"featured_media":24112,"comment_status":"closed","ping_status":"closed","template":"","meta":[],"product_brand":[],"product_cat":[385],"product_tag":[],"class_list":{"0":"post-24111","1":"product","2":"type-product","3":"status-publish","4":"has-post-thumbnail","6":"product_cat-zeller-karalabe-cekla-vetomagok-bolgar-florian-vetomagok","8":"first","9":"instock","10":"taxable","11":"shipping-taxable","12":"purchasable","13":"product-type-simple"},"_links":{"self":[{"href":"https:\/\/chilimag.hu\/webshop\/wp-json\/wp\/v2\/product\/24111","targetHints":{"allow":["GET"]}}],"collection":[{"href":"https:\/\/chilimag.hu\/webshop\/wp-json\/wp\/v2\/product"}],"about":[{"href":"https:\/\/chilimag.hu\/webshop\/wp-json\/wp\/v2\/types\/product"}],"replies":[{"embeddable":true,"href":"https:\/\/chilimag.hu\/webshop\/wp-json\/wp\/v2\/comments?post=24111"}],"wp:featuredmedia":[{"embeddable":true,"href":"https:\/\/chilimag.hu\/webshop\/wp-json\/wp\/v2\/media\/24112"}],"wp:attachment":[{"href":"https:\/\/chilimag.hu\/webshop\/wp-json\/wp\/v2\/media?parent=24111"}],"wp:term":[{"taxonomy":"product_brand","embeddable":true,"href":"https:\/\/chilimag.hu\/webshop\/wp-json\/wp\/v2\/product_brand?post=24111"},{"taxonomy":"product_cat","embeddable":true,"href":"https:\/\/chilimag.hu\/webshop\/wp-json\/wp\/v2\/product_cat?post=24111"},{"taxonomy":"product_tag","embeddable":true,"href":"https:\/\/chilimag.hu\/webshop\/wp-json\/wp\/v2\/product_tag?post=24111"}],"curies":[{"name":"wp","href":"https:\/\/api.w.org\/{rel}","templated":true}]}}