{"id":24108,"date":"2023-04-08T16:11:34","date_gmt":"2023-04-08T16:11:34","guid":{"rendered":"https:\/\/chilimag.hu\/webshop\/?post_type=product&#038;p=24108"},"modified":"2026-03-20T00:33:59","modified_gmt":"2026-03-20T00:33:59","slug":"karalabe-delicacy-blue-florian-bg","status":"publish","type":"product","link":"https:\/\/chilimag.hu\/webshop\/termek\/karalabe-delicacy-blue-florian-bg\/","title":{"rendered":"Karal\u00e1b\u00e9 Delicacy Blue Florian Bg"},"content":{"rendered":"","protected":false},"excerpt":{"rendered":"<p><img decoding=\"async\" class=\"img-inline\" src=\"https:\/\/brcci.eu\/cache\/thumbnails\/12ecd0e6e419f1b9b1484ef02ad361979dd8e054\/1a6c5e1406ad462ca86d17b2800862d7f837862c-829875ad0a268b741b7edd818ffce098.png\" alt=\"FLORIAN OOD\" \/><\/p>\n<p>A karal\u00e1b\u00e9 k\u00e9s\u0151i fajt\u00e1ja, amely nagy, sima g\u00f6mb\u00f6ly\u0171, k\u00e9keslila term\u00e9seket hoz l\u00e9tre, amelyek t\u00f6mege el\u00e9ri a 250-350 grammot. A zsenge \u00e9s arom\u00e1s, zs\u00edrt nem tartalmaz\u00f3, nagyon kev\u00e9s kal\u00f3riatartalm\u00fa \u00e9s alacsony n\u00e1triumtartalm\u00fa z\u00f6lds\u00e9g, amely hasznos di\u00e9t\u00e1s term\u00e9knek aj\u00e1nlja. Hossz\u00fa, s\u00fct\u00e9s ut\u00e1n ak\u00e1r 30 napig is eltarthat\u00f3. Megosztott ellen\u00e1ll\u00e1s. A veget\u00e1ci\u00f3s id\u0151szak 150-160 nap.<\/p>\n<p>A korai termeszt\u00e9sn\u00e9l a vet\u00e9s febru\u00e1r 15-20., a k\u00e9sein\u00e9l j\u00fanius 5-15.<\/p>\n<p>Magok mennyis\u00e9ge zs\u00e1konk\u00e9nt: 3 gramm<\/p>\n<p>M\u0171szaki adatok:<\/p>\n<p>M\u00e9lys\u00e9ge 1,5-2 cm<br \/>\nFebru\u00e1r 15-20-t\u00f3l, j\u00fanius 5-15-ig vetik<br \/>\nVet\u00e9smennyis\u00e9g 60-70 gramm\/hekt\u00e1r<br \/>\nA vet\u0151magb\u00f3l t\u00f6rt\u00e9n\u0151 termel\u00e9s t\u00edpusai<br \/>\n\u00c1ltal\u00e1noss\u00e1gok:<\/p>\n<p>300-350 magot tartalmaz grammonk\u00e9nt<br \/>\nS\u00falya 3 gramm<br \/>\n\u00dcltet\u00e9s febru\u00e1r-j\u00fanius<br \/>\nSz\u00fcret j\u00falius-november<br \/>\nVeget\u00e1ci\u00f3ja 150-160 nap<\/p>\n<p>A csomag 3 gram magot tartalmaz<\/p>\n<p>&nbsp;<\/p>\n","protected":false},"featured_media":24109,"comment_status":"closed","ping_status":"closed","template":"","meta":[],"product_brand":[],"product_cat":[385],"product_tag":[],"class_list":{"0":"post-24108","1":"product","2":"type-product","3":"status-publish","4":"has-post-thumbnail","6":"product_cat-zeller-karalabe-cekla-vetomagok-bolgar-florian-vetomagok","8":"first","9":"instock","10":"taxable","11":"shipping-taxable","12":"purchasable","13":"product-type-simple"},"_links":{"self":[{"href":"https:\/\/chilimag.hu\/webshop\/wp-json\/wp\/v2\/product\/24108","targetHints":{"allow":["GET"]}}],"collection":[{"href":"https:\/\/chilimag.hu\/webshop\/wp-json\/wp\/v2\/product"}],"about":[{"href":"https:\/\/chilimag.hu\/webshop\/wp-json\/wp\/v2\/types\/product"}],"replies":[{"embeddable":true,"href":"https:\/\/chilimag.hu\/webshop\/wp-json\/wp\/v2\/comments?post=24108"}],"wp:featuredmedia":[{"embeddable":true,"href":"https:\/\/chilimag.hu\/webshop\/wp-json\/wp\/v2\/media\/24109"}],"wp:attachment":[{"href":"https:\/\/chilimag.hu\/webshop\/wp-json\/wp\/v2\/media?parent=24108"}],"wp:term":[{"taxonomy":"product_brand","embeddable":true,"href":"https:\/\/chilimag.hu\/webshop\/wp-json\/wp\/v2\/product_brand?post=24108"},{"taxonomy":"product_cat","embeddable":true,"href":"https:\/\/chilimag.hu\/webshop\/wp-json\/wp\/v2\/product_cat?post=24108"},{"taxonomy":"product_tag","embeddable":true,"href":"https:\/\/chilimag.hu\/webshop\/wp-json\/wp\/v2\/product_tag?post=24108"}],"curies":[{"name":"wp","href":"https:\/\/api.w.org\/{rel}","templated":true}]}}