{"id":24103,"date":"2023-04-08T16:03:27","date_gmt":"2023-04-08T16:03:27","guid":{"rendered":"https:\/\/chilimag.hu\/webshop\/?post_type=product&#038;p=24103"},"modified":"2026-04-09T13:26:26","modified_gmt":"2026-04-09T13:26:26","slug":"sparga-florian-bg","status":"publish","type":"product","link":"https:\/\/chilimag.hu\/webshop\/termek\/sparga-florian-bg\/","title":{"rendered":"Sp\u00e1rga Florian Bg"},"content":{"rendered":"","protected":false},"excerpt":{"rendered":"<p><img decoding=\"async\" class=\"img-inline\" src=\"https:\/\/brcci.eu\/cache\/thumbnails\/12ecd0e6e419f1b9b1484ef02ad361979dd8e054\/1a6c5e1406ad462ca86d17b2800862d7f837862c-829875ad0a268b741b7edd818ffce098.png\" alt=\"FLORIAN OOD\" \/><\/p>\n<p>Az \u00e9vel\u0151 n\u00f6v\u00e9ny, amely hossz\u00fa ideig n\u00f6vekszik ugyanazon a helyen. A m\u00e1sodik \u00e9vben k\u00e9t h\u00fasos gy\u00f6k\u00e9r k\u00e9pz\u0151dik, amelyek az ehet\u0151 r\u00e9szt alkotj\u00e1k. A puha \u00e9s l\u00e9d\u00fas gy\u00f6kereket aj\u00e1nlott minden nap betakar\u00edtani. A gy\u00fcm\u00f6lcs levesekhez, f\u0151tt \u00e9telekhez \u00e9s k\u00f6retekhez alkalmas, l\u00e9d\u00fas \u00e9s fiatal sz\u00e1rak fogyaszt\u00e1s\u00e1val \u00e9rt\u00e9kes \u00e9trendi elemet k\u00e9pvisel, magas feh\u00e9rje-, sz\u00e9nhidrog\u00e9n- \u00e9s vitamintartalommal. Fogyaszt\u00e1s el\u0151tt h\u0171v\u00f6s, s\u00f6t\u00e9t helyen t\u00e1rolj\u00e1k, sp\u00e1rgakult\u00far\u00e1t 15-20 \u00e9vig haszn\u00e1lnak.<\/p>\n<p>Vet\u00e9s: A magokat fedve vetj\u00fck el, hogy pal\u00e1nt\u00e1kat hozzanak ki febru\u00e1rban, szabadf\u00f6ldre pedig m\u00e1rcius v\u00e9g\u00e9n-\u00e1prilis elej\u00e9n, \u00e1t\u00fcltet\u00e9s j\u00faniust\u00f3l augusztusig.<\/p>\n<p>T\u00e1vols\u00e1g 20-25 cm M\u00e9lys\u00e9g 1-1,5 cm.<\/p>\n<p>Magok mennyis\u00e9ge zs\u00e1konk\u00e9nt: 90 mag (1,5 gramm)<\/p>\n<p>M\u0171szaki adatok:<\/p>\n<p>M\u00e9lys\u00e9ge 1-1,5 cm<br \/>\nFebru\u00e1rt\u00f3l kezd\u0151d\u0151en, m\u00e1rcius-\u00e1prilisban vetik<br \/>\nVet\u0151mennyis\u00e9g 1 kg\/hekt\u00e1r<br \/>\nA vet\u0151magb\u00f3l t\u00f6rt\u00e9n\u0151 termel\u00e9s t\u00edpusai<br \/>\n\u00c1ltal\u00e1noss\u00e1gok:<\/p>\n<p>60 magot tartalmaz grammonk\u00e9nt<br \/>\nS\u00falya 1,5 gramm<br \/>\n\u00dcltet\u00e9s j\u00fanius-augusztus<br \/>\nM\u00e1sodik \u00e9v betakar\u00edt\u00e1s &#8211; \u00e1prilis<\/p>\n<p>A csomag 1,5 gram magot tartalmaz<\/p>\n","protected":false},"featured_media":24104,"comment_status":"closed","ping_status":"closed","template":"","meta":[],"product_brand":[],"product_cat":[386],"product_tag":[],"class_list":{"0":"post-24103","1":"product","2":"type-product","3":"status-publish","4":"has-post-thumbnail","6":"product_cat-zoldseg-vetomagok-bolgar-florian-vetomagok","8":"first","9":"instock","10":"taxable","11":"shipping-taxable","12":"purchasable","13":"product-type-simple"},"_links":{"self":[{"href":"https:\/\/chilimag.hu\/webshop\/wp-json\/wp\/v2\/product\/24103","targetHints":{"allow":["GET"]}}],"collection":[{"href":"https:\/\/chilimag.hu\/webshop\/wp-json\/wp\/v2\/product"}],"about":[{"href":"https:\/\/chilimag.hu\/webshop\/wp-json\/wp\/v2\/types\/product"}],"replies":[{"embeddable":true,"href":"https:\/\/chilimag.hu\/webshop\/wp-json\/wp\/v2\/comments?post=24103"}],"wp:featuredmedia":[{"embeddable":true,"href":"https:\/\/chilimag.hu\/webshop\/wp-json\/wp\/v2\/media\/24104"}],"wp:attachment":[{"href":"https:\/\/chilimag.hu\/webshop\/wp-json\/wp\/v2\/media?parent=24103"}],"wp:term":[{"taxonomy":"product_brand","embeddable":true,"href":"https:\/\/chilimag.hu\/webshop\/wp-json\/wp\/v2\/product_brand?post=24103"},{"taxonomy":"product_cat","embeddable":true,"href":"https:\/\/chilimag.hu\/webshop\/wp-json\/wp\/v2\/product_cat?post=24103"},{"taxonomy":"product_tag","embeddable":true,"href":"https:\/\/chilimag.hu\/webshop\/wp-json\/wp\/v2\/product_tag?post=24103"}],"curies":[{"name":"wp","href":"https:\/\/api.w.org\/{rel}","templated":true}]}}