{"id":24090,"date":"2023-04-08T13:37:44","date_gmt":"2023-04-08T13:37:44","guid":{"rendered":"https:\/\/chilimag.hu\/webshop\/?post_type=product&#038;p=24090"},"modified":"2026-02-25T10:09:38","modified_gmt":"2026-02-25T10:09:38","slug":"salata-lolo-rosa-florian-bg","status":"publish","type":"product","link":"https:\/\/chilimag.hu\/webshop\/termek\/salata-lolo-rosa-florian-bg\/","title":{"rendered":"Sal\u00e1ta Lolo Rosa Florian Bg"},"content":{"rendered":"","protected":false},"excerpt":{"rendered":"<p><img decoding=\"async\" class=\"img-inline\" src=\"https:\/\/brcci.eu\/cache\/thumbnails\/12ecd0e6e419f1b9b1484ef02ad361979dd8e054\/1a6c5e1406ad462ca86d17b2800862d7f837862c-829875ad0a268b741b7edd818ffce098.png\" alt=\"FLORIAN OOD\" \/><\/p>\n<p>F\u00e9lkorai \u00e9s l\u00e9tfontoss\u00e1g\u00fa sal\u00e1tafajta, alkalmas eg\u00e9sz \u00e9ves k\u00fcl- \u00e9s belt\u00e9ri termeszt\u00e9sre. K\u00f6zepes m\u00e9ret\u0171, t\u00f6m\u00f6r, v\u00f6r\u00f6s rozetta, friss, kr\u00e9t\u00e1s levelekkel, z\u00f6ld alappal. A fajta kiv\u00e1l\u00f3 \u00edz\u0171, friss fogyaszt\u00e1sra kiv\u00e1l\u00f3an alkalmas. A tavaszi n\u00f6v\u00e9nyek \u00fcltet\u00e9se m\u00e1rcius 1-10-ig, az \u0151szi n\u00f6v\u00e9nyek\u00e9 pedig okt\u00f3ber 20-25-ig t\u00f6rt\u00e9nik.<\/p>\n<p>Tavaszi n\u00f6v\u00e9nyekn\u00e9l janu\u00e1r 25 &#8211; febru\u00e1r 5.<\/p>\n<p>A tavaszi term\u00e9shez janu\u00e1r 25-febru\u00e1r 5. k\u00f6z\u00f6tt, az \u0151szi\u00e9 szeptember 10-20. k\u00f6z\u00f6tt vetik.<\/p>\n<p>Magok mennyis\u00e9ge zs\u00e1konk\u00e9nt: 2 gramm.<\/p>\n<p>M\u0171szaki adatok:<\/p>\n<p>M\u00e9lys\u00e9ge 1-1,5 cm<br \/>\nJanu\u00e1r 25-febru\u00e1r 5., szeptember 10-20<br \/>\nVet\u00e9smennyis\u00e9g 40-50 gramm\/hekt\u00e1r<br \/>\nA vet\u0151magb\u00f3l t\u00f6rt\u00e9n\u0151 termel\u00e9s t\u00edpusai<br \/>\n\u00c1ltal\u00e1noss\u00e1gok:<\/p>\n<p>700-900 magot tartalmaz grammonk\u00e9nt<br \/>\nS\u00falya 3 gramm<br \/>\n\u00dcltet\u00e9s janu\u00e1r-febru\u00e1r, szeptember<br \/>\nSz\u00fcret \u00e1prilis-december<br \/>\nVeget\u00e1ci\u00f3ja 45-50 nap<\/p>\n<p>A csomag 2 gram magot tartalmaz<\/p>\n","protected":false},"featured_media":24091,"comment_status":"closed","ping_status":"closed","template":"","meta":[],"product_brand":[],"product_cat":[382],"product_tag":[],"class_list":{"0":"post-24090","1":"product","2":"type-product","3":"status-publish","4":"has-post-thumbnail","6":"product_cat-salata-es-retek-vetomagok","8":"first","9":"outofstock","10":"taxable","11":"shipping-taxable","12":"purchasable","13":"product-type-simple"},"_links":{"self":[{"href":"https:\/\/chilimag.hu\/webshop\/wp-json\/wp\/v2\/product\/24090","targetHints":{"allow":["GET"]}}],"collection":[{"href":"https:\/\/chilimag.hu\/webshop\/wp-json\/wp\/v2\/product"}],"about":[{"href":"https:\/\/chilimag.hu\/webshop\/wp-json\/wp\/v2\/types\/product"}],"replies":[{"embeddable":true,"href":"https:\/\/chilimag.hu\/webshop\/wp-json\/wp\/v2\/comments?post=24090"}],"wp:featuredmedia":[{"embeddable":true,"href":"https:\/\/chilimag.hu\/webshop\/wp-json\/wp\/v2\/media\/24091"}],"wp:attachment":[{"href":"https:\/\/chilimag.hu\/webshop\/wp-json\/wp\/v2\/media?parent=24090"}],"wp:term":[{"taxonomy":"product_brand","embeddable":true,"href":"https:\/\/chilimag.hu\/webshop\/wp-json\/wp\/v2\/product_brand?post=24090"},{"taxonomy":"product_cat","embeddable":true,"href":"https:\/\/chilimag.hu\/webshop\/wp-json\/wp\/v2\/product_cat?post=24090"},{"taxonomy":"product_tag","embeddable":true,"href":"https:\/\/chilimag.hu\/webshop\/wp-json\/wp\/v2\/product_tag?post=24090"}],"curies":[{"name":"wp","href":"https:\/\/api.w.org\/{rel}","templated":true}]}}