{"id":24087,"date":"2023-04-08T13:34:14","date_gmt":"2023-04-08T13:34:14","guid":{"rendered":"https:\/\/chilimag.hu\/webshop\/?post_type=product&#038;p=24087"},"modified":"2026-03-12T07:08:12","modified_gmt":"2026-03-12T07:08:12","slug":"porehagyma-bulgarian-giant-florian-bg","status":"publish","type":"product","link":"https:\/\/chilimag.hu\/webshop\/termek\/porehagyma-bulgarian-giant-florian-bg\/","title":{"rendered":"P\u00f3r\u00e9hagyma Bulgarian Giant Florian Bg"},"content":{"rendered":"","protected":false},"excerpt":{"rendered":"<p><img decoding=\"async\" class=\"img-inline\" src=\"https:\/\/brcci.eu\/cache\/thumbnails\/12ecd0e6e419f1b9b1484ef02ad361979dd8e054\/1a6c5e1406ad462ca86d17b2800862d7f837862c-829875ad0a268b741b7edd818ffce098.png\" alt=\"FLORIAN OOD\" \/><\/p>\n<p>\u00d3RI\u00c1S BOLG\u00c1R P\u00f3r\u00e9hagyma. Nagyon term\u0151 k\u00e9s\u0151i fajta, frissen fogyaszt\u00e1sra \u00e9s feldolgoz\u00e1sra is alkalmas Sz\u00e1ra hossz\u00fa, 70 cm, magja 25 cm k\u00f6r\u00fcli, finom, s\u00f6t\u00e9tz\u00f6ld sz\u00edn\u0171, kiv\u00e1l\u00f3 \u00edz\u0171.T\u00e9len is j\u00f3l eltarthat\u00f3 .Betegs\u00e9gekkel szemben ellen\u00e1ll\u00f3. T\u00e9len j\u00f3l el\u00e1ll.<\/p>\n<p>Magok sz\u00e1ma zs\u00e1konk\u00e9nt: 800 mag (2 gr)<\/p>\n<p>Veget\u00e1ci\u00f3s id\u0151szak 110-150 nap.<\/p>\n<p>M\u00e1rcius 15. \u00e9s \u00e1prilis 15. k\u00f6z\u00f6tt vetik 2 cm m\u00e9lyre.<\/p>\n<p>Cs\u00edkokban vetik, a cs\u00edkok k\u00f6z\u00f6tti t\u00e1vols\u00e1g 60 cm, a sorok k\u00f6z\u00f6tt 25 cm.<\/p>\n<p>M\u0171szaki adatok:<\/p>\n<p>M\u00e9lys\u00e9ge 2 cm<br \/>\nM\u00e1rcius 15-\u00e1prilis 15. vet\u00e9s<br \/>\nVet\u00e9smennyis\u00e9g 0,350-0,400 Kg\/hekt\u00e1r<br \/>\nA vet\u0151magb\u00f3l t\u00f6rt\u00e9n\u0151 termel\u00e9s t\u00edpusai<br \/>\n\u00c1ltal\u00e1noss\u00e1gok:<\/p>\n<p>Tartalom 350-450 mag\/gramm<br \/>\nS\u00falya 2 gramm<br \/>\nM\u00e1rciusi \u00fcltet\u00e9s<br \/>\nOkt\u00f3beri betakar\u00edt\u00e1s<br \/>\nVeget\u00e1ci\u00f3ja 110-150 nap<\/p>\n<p>A csomag 2 gram magot tartalmaz<\/p>\n","protected":false},"featured_media":25105,"comment_status":"closed","ping_status":"closed","template":"","meta":[],"product_brand":[],"product_cat":[376],"product_tag":[],"class_list":{"0":"post-24087","1":"product","2":"type-product","3":"status-publish","4":"has-post-thumbnail","6":"product_cat-hagyma-vetomagok","8":"first","9":"instock","10":"taxable","11":"shipping-taxable","12":"purchasable","13":"product-type-simple"},"_links":{"self":[{"href":"https:\/\/chilimag.hu\/webshop\/wp-json\/wp\/v2\/product\/24087","targetHints":{"allow":["GET"]}}],"collection":[{"href":"https:\/\/chilimag.hu\/webshop\/wp-json\/wp\/v2\/product"}],"about":[{"href":"https:\/\/chilimag.hu\/webshop\/wp-json\/wp\/v2\/types\/product"}],"replies":[{"embeddable":true,"href":"https:\/\/chilimag.hu\/webshop\/wp-json\/wp\/v2\/comments?post=24087"}],"wp:featuredmedia":[{"embeddable":true,"href":"https:\/\/chilimag.hu\/webshop\/wp-json\/wp\/v2\/media\/25105"}],"wp:attachment":[{"href":"https:\/\/chilimag.hu\/webshop\/wp-json\/wp\/v2\/media?parent=24087"}],"wp:term":[{"taxonomy":"product_brand","embeddable":true,"href":"https:\/\/chilimag.hu\/webshop\/wp-json\/wp\/v2\/product_brand?post=24087"},{"taxonomy":"product_cat","embeddable":true,"href":"https:\/\/chilimag.hu\/webshop\/wp-json\/wp\/v2\/product_cat?post=24087"},{"taxonomy":"product_tag","embeddable":true,"href":"https:\/\/chilimag.hu\/webshop\/wp-json\/wp\/v2\/product_tag?post=24087"}],"curies":[{"name":"wp","href":"https:\/\/api.w.org\/{rel}","templated":true}]}}