{"id":24084,"date":"2023-04-08T13:25:27","date_gmt":"2023-04-08T13:25:27","guid":{"rendered":"https:\/\/chilimag.hu\/webshop\/?post_type=product&#038;p=24084"},"modified":"2026-04-20T19:41:06","modified_gmt":"2026-04-20T19:41:06","slug":"hagyma-alisa-craig-florian-bg","status":"publish","type":"product","link":"https:\/\/chilimag.hu\/webshop\/termek\/hagyma-alisa-craig-florian-bg\/","title":{"rendered":"Hagyma Alisa Craig Florian Bg"},"content":{"rendered":"","protected":false},"excerpt":{"rendered":"<p><img decoding=\"async\" class=\"img-inline\" src=\"https:\/\/brcci.eu\/cache\/thumbnails\/12ecd0e6e419f1b9b1484ef02ad361979dd8e054\/1a6c5e1406ad462ca86d17b2800862d7f837862c-829875ad0a268b741b7edd818ffce098.png\" alt=\"FLORIAN OOD\" \/><\/p>\n<p>A spanyol hagyma ellen\u0151rz\u00f6tt fajt\u00e1ja, amely a kalapj\u00e1val t\u0171nik ki, n\u00e9melyik\u00fck el\u00e9ri az 1 kg-ot, vil\u00e1gos h\u00e9j\u00fa, feh\u00e9r maggal, \u00e1tlagosan 0,450-0,900 kg-os, \u00e1tm\u00e9r\u0151je 20 cm, \u00e9des \u00edze . Nyers fogyaszt\u00e1sra \u00e9s t\u00e1rol\u00e1sra alkalmas m\u00e1rcius v\u00e9g\u00e9ig. A veget\u00e1ci\u00f3s id\u0151szak 130-140 nap.<\/p>\n<p>Magok sz\u00e1ma zs\u00e1konk\u00e9nt: 450 mag (1,5 gr)<\/p>\n<p>M\u0171szaki adatok<\/p>\n<p>M\u00e9lys\u00e9ge 2,5 &#8211; 3 cm<br \/>\nVet\u00e9s 25.02 \u2013 05.03<br \/>\nVet\u0151mennyis\u00e9g 0,600 Kg\/hekt\u00e1r<br \/>\nA vet\u0151magb\u00f3l t\u00f6rt\u00e9n\u0151 termel\u00e9s t\u00edpusai<br \/>\n\u00c1ttekint\u00e9s<\/p>\n<p>250-300 magot tartalmaz grammonk\u00e9nt<br \/>\nS\u00falya 1,5 gramm<br \/>\n\u00dcltet\u00e9s febru\u00e1r-m\u00e1rcius, szeptember<br \/>\nSz\u00fcret j\u00fanius\/december<br \/>\nVeget\u00e1ci\u00f3ja 130-140 nap<\/p>\n<p>A csomag 1,5 gram magot tartalmaz<\/p>\n","protected":false},"featured_media":24085,"comment_status":"closed","ping_status":"closed","template":"","meta":[],"product_brand":[],"product_cat":[376],"product_tag":[],"class_list":{"0":"post-24084","1":"product","2":"type-product","3":"status-publish","4":"has-post-thumbnail","6":"product_cat-hagyma-vetomagok","8":"first","9":"instock","10":"taxable","11":"shipping-taxable","12":"purchasable","13":"product-type-simple"},"_links":{"self":[{"href":"https:\/\/chilimag.hu\/webshop\/wp-json\/wp\/v2\/product\/24084","targetHints":{"allow":["GET"]}}],"collection":[{"href":"https:\/\/chilimag.hu\/webshop\/wp-json\/wp\/v2\/product"}],"about":[{"href":"https:\/\/chilimag.hu\/webshop\/wp-json\/wp\/v2\/types\/product"}],"replies":[{"embeddable":true,"href":"https:\/\/chilimag.hu\/webshop\/wp-json\/wp\/v2\/comments?post=24084"}],"wp:featuredmedia":[{"embeddable":true,"href":"https:\/\/chilimag.hu\/webshop\/wp-json\/wp\/v2\/media\/24085"}],"wp:attachment":[{"href":"https:\/\/chilimag.hu\/webshop\/wp-json\/wp\/v2\/media?parent=24084"}],"wp:term":[{"taxonomy":"product_brand","embeddable":true,"href":"https:\/\/chilimag.hu\/webshop\/wp-json\/wp\/v2\/product_brand?post=24084"},{"taxonomy":"product_cat","embeddable":true,"href":"https:\/\/chilimag.hu\/webshop\/wp-json\/wp\/v2\/product_cat?post=24084"},{"taxonomy":"product_tag","embeddable":true,"href":"https:\/\/chilimag.hu\/webshop\/wp-json\/wp\/v2\/product_tag?post=24084"}],"curies":[{"name":"wp","href":"https:\/\/api.w.org\/{rel}","templated":true}]}}