{"id":24081,"date":"2023-04-08T13:23:00","date_gmt":"2023-04-08T13:23:00","guid":{"rendered":"https:\/\/chilimag.hu\/webshop\/?post_type=product&#038;p=24081"},"modified":"2026-02-24T17:24:17","modified_gmt":"2026-02-24T17:24:17","slug":"hagyma-agostana-florian-bg","status":"publish","type":"product","link":"https:\/\/chilimag.hu\/webshop\/termek\/hagyma-agostana-florian-bg\/","title":{"rendered":"Hagyma Agostana Florian Bg"},"content":{"rendered":"","protected":false},"excerpt":{"rendered":"<p><img decoding=\"async\" class=\"img-inline\" src=\"https:\/\/brcci.eu\/cache\/thumbnails\/12ecd0e6e419f1b9b1484ef02ad361979dd8e054\/1a6c5e1406ad462ca86d17b2800862d7f837862c-829875ad0a268b741b7edd818ffce098.png\" alt=\"FLORIAN OOD\" \/><\/p>\n<p>K\u00e9s\u0151i \u00e9s nagyon term\u0151 hagymafajta, j\u00f3 eltarthat\u00f3s\u00e1ggal. A n\u00f6v\u00e9ny nagy fejeket k\u00e9pez, 190-200 gramm s\u00faly\u00fa, kerek \u00e9s feh\u00e9r, feh\u00e9r b\u0151rrel bor\u00edtva. A bels\u0151 r\u00e9sze feh\u00e9r, l\u00e9d\u00fas \u00e9s \u00e9des \u00edz\u0171. A fajta ellen\u00e1ll a betegs\u00e9geknek. Veget\u00e1ci\u00f3s id\u0151szak 110-120 nap.<\/p>\n<p>Kiszerel\u00e9s: 600 mag (2 gr)<\/p>\n<p>Vet\u00e9sid\u0151: febru\u00e1r 25-m\u00e1rcius 5. (vet\u0151magb\u00f3l \u00e9s pal\u00e1nt\u00e1b\u00f3l t\u00f6rt\u00e9n\u0151 el\u0151\u00e1ll\u00edt\u00e1s); Szeptember 1-10 (el\u0151t\u00e9li vet\u00e9s)<\/p>\n<p>Vet\u00e9smennyis\u00e9g &#8211; 8-10 kg met\u00e9l\u0151hagyma hekt\u00e1ronk\u00e9nt \u00e9s 0,6 kg vet\u0151mag hekt\u00e1ronk\u00e9nt<\/p>\n<p>M\u0171szaki adatok:<\/p>\n<p>M\u00e9lys\u00e9ge 2,5-3 cm<br \/>\nA gy\u00fcm\u00f6lcs s\u00falya 190-200 gramm<br \/>\nVet\u00e9s febru\u00e1rt\u00f3l kezd\u0151d\u0151en<br \/>\nVet\u00e9smennyis\u00e9g 8-10 kg\/hekt\u00e1r (snidling) 0,6 kg\/hekt\u00e1r (magr\u00f3l)<br \/>\nA magvakb\u00f3l, pal\u00e1nt\u00e1kb\u00f3l t\u00f6rt\u00e9n\u0151 el\u0151\u00e1ll\u00edt\u00e1s fajt\u00e1i<br \/>\n\u00c1ltal\u00e1noss\u00e1gok:<\/p>\n<p>250-300 magot tartalmaz grammonk\u00e9nt<br \/>\nS\u00falya 2 gramm<br \/>\n\u00dcltet\u00e9s febru\u00e1r-m\u00e1rcius, szeptember<br \/>\nSz\u00fcret j\u00fanius, november, \u00e1prilis<br \/>\nVeget\u00e1ci\u00f3ja 110-120 nap<\/p>\n<p>A csomag 2 gram magot tartalmaz<\/p>\n","protected":false},"featured_media":24082,"comment_status":"closed","ping_status":"closed","template":"","meta":[],"product_brand":[],"product_cat":[376],"product_tag":[],"class_list":{"0":"post-24081","1":"product","2":"type-product","3":"status-publish","4":"has-post-thumbnail","6":"product_cat-hagyma-vetomagok","8":"first","9":"instock","10":"taxable","11":"shipping-taxable","12":"purchasable","13":"product-type-simple"},"_links":{"self":[{"href":"https:\/\/chilimag.hu\/webshop\/wp-json\/wp\/v2\/product\/24081","targetHints":{"allow":["GET"]}}],"collection":[{"href":"https:\/\/chilimag.hu\/webshop\/wp-json\/wp\/v2\/product"}],"about":[{"href":"https:\/\/chilimag.hu\/webshop\/wp-json\/wp\/v2\/types\/product"}],"replies":[{"embeddable":true,"href":"https:\/\/chilimag.hu\/webshop\/wp-json\/wp\/v2\/comments?post=24081"}],"wp:featuredmedia":[{"embeddable":true,"href":"https:\/\/chilimag.hu\/webshop\/wp-json\/wp\/v2\/media\/24082"}],"wp:attachment":[{"href":"https:\/\/chilimag.hu\/webshop\/wp-json\/wp\/v2\/media?parent=24081"}],"wp:term":[{"taxonomy":"product_brand","embeddable":true,"href":"https:\/\/chilimag.hu\/webshop\/wp-json\/wp\/v2\/product_brand?post=24081"},{"taxonomy":"product_cat","embeddable":true,"href":"https:\/\/chilimag.hu\/webshop\/wp-json\/wp\/v2\/product_cat?post=24081"},{"taxonomy":"product_tag","embeddable":true,"href":"https:\/\/chilimag.hu\/webshop\/wp-json\/wp\/v2\/product_tag?post=24081"}],"curies":[{"name":"wp","href":"https:\/\/api.w.org\/{rel}","templated":true}]}}