{"id":24077,"date":"2023-04-08T13:19:03","date_gmt":"2023-04-08T13:19:03","guid":{"rendered":"https:\/\/chilimag.hu\/webshop\/?post_type=product&#038;p=24077"},"modified":"2026-02-26T18:37:00","modified_gmt":"2026-02-26T18:37:00","slug":"hagyma-rosa-lunga-florian-bg","status":"publish","type":"product","link":"https:\/\/chilimag.hu\/webshop\/termek\/hagyma-rosa-lunga-florian-bg\/","title":{"rendered":"Hagyma Rossa Lunga Florian Bg"},"content":{"rendered":"","protected":false},"excerpt":{"rendered":"<p><img decoding=\"async\" class=\"img-inline\" src=\"https:\/\/brcci.eu\/cache\/thumbnails\/12ecd0e6e419f1b9b1484ef02ad361979dd8e054\/1a6c5e1406ad462ca86d17b2800862d7f837862c-829875ad0a268b741b7edd818ffce098.png\" alt=\"FLORIAN OOD\" \/><\/p>\n<p>Lilahagyma Rosa Lunga hossz\u00fa hagyma, eredet Olaszorsz\u00e1g K\u00f6z\u00e9pkorai olasz sal\u00e1tafajta. A fejek nagyon nagyok, ellipszis alak\u00faak, lila sz\u00edn\u0171ek. A bels\u0151 h\u00e9jak vil\u00e1gos r\u00f3zsasz\u00edn\u0171ek, t\u00f6r\u00e9kenyek, l\u00e9d\u00fasak, f\u0171szeres \u00e9s kellemes \u00edz\u0171ek, legfeljebb 10 cm hossz\u00faak. A fajta friss fogyaszt\u00e1sra aj\u00e1nlott. A veget\u00e1ci\u00f3s id\u0151szak 120-140 nap.<\/p>\n<p>Gy\u00e1rt\u00e1si t\u00edpusok:<\/p>\n<p>magr\u00f3l \u00e9s pal\u00e1nt\u00e1r\u00f3l &#8211; febru\u00e1r 25-m\u00e1rcius 5<br \/>\nz\u00f6ld &#8211; szeptember 1-10.<br \/>\nM\u0171szaki adatok:<\/p>\n<p>M\u00e9lys\u00e9ge 2,5 &#8211; 3 cm<br \/>\nVet\u00e9s 25.02 \u2013 05.03<br \/>\nVet\u0151mennyis\u00e9g 0,600 Kg\/hekt\u00e1r<br \/>\nA vet\u0151magb\u00f3l t\u00f6rt\u00e9n\u0151 termel\u00e9s t\u00edpusai<br \/>\n\u00c1ltal\u00e1noss\u00e1gok:<\/p>\n<p>\u00c1tlagosan 250-300 magot tartalmaz 1 grammonk\u00e9nt<br \/>\n\u00dcltet\u00e9s febru\u00e1r-szeptember<br \/>\nSz\u00fcret m\u00e1jus-j\u00fanius<br \/>\nVeget\u00e1ci\u00f3ja 120-140 nap<\/p>\n<p>A csomag 2 gram magot tartalmaz<\/p>\n","protected":false},"featured_media":25103,"comment_status":"closed","ping_status":"closed","template":"","meta":[],"product_brand":[],"product_cat":[376],"product_tag":[],"class_list":{"0":"post-24077","1":"product","2":"type-product","3":"status-publish","4":"has-post-thumbnail","6":"product_cat-hagyma-vetomagok","8":"first","9":"instock","10":"taxable","11":"shipping-taxable","12":"purchasable","13":"product-type-simple"},"_links":{"self":[{"href":"https:\/\/chilimag.hu\/webshop\/wp-json\/wp\/v2\/product\/24077","targetHints":{"allow":["GET"]}}],"collection":[{"href":"https:\/\/chilimag.hu\/webshop\/wp-json\/wp\/v2\/product"}],"about":[{"href":"https:\/\/chilimag.hu\/webshop\/wp-json\/wp\/v2\/types\/product"}],"replies":[{"embeddable":true,"href":"https:\/\/chilimag.hu\/webshop\/wp-json\/wp\/v2\/comments?post=24077"}],"wp:featuredmedia":[{"embeddable":true,"href":"https:\/\/chilimag.hu\/webshop\/wp-json\/wp\/v2\/media\/25103"}],"wp:attachment":[{"href":"https:\/\/chilimag.hu\/webshop\/wp-json\/wp\/v2\/media?parent=24077"}],"wp:term":[{"taxonomy":"product_brand","embeddable":true,"href":"https:\/\/chilimag.hu\/webshop\/wp-json\/wp\/v2\/product_brand?post=24077"},{"taxonomy":"product_cat","embeddable":true,"href":"https:\/\/chilimag.hu\/webshop\/wp-json\/wp\/v2\/product_cat?post=24077"},{"taxonomy":"product_tag","embeddable":true,"href":"https:\/\/chilimag.hu\/webshop\/wp-json\/wp\/v2\/product_tag?post=24077"}],"curies":[{"name":"wp","href":"https:\/\/api.w.org\/{rel}","templated":true}]}}