{"id":24065,"date":"2023-04-08T12:32:08","date_gmt":"2023-04-08T12:32:08","guid":{"rendered":"https:\/\/chilimag.hu\/webshop\/?post_type=product&#038;p=24065"},"modified":"2026-02-26T13:06:03","modified_gmt":"2026-02-26T13:06:03","slug":"borsikafu-savory-florian-bg","status":"publish","type":"product","link":"https:\/\/chilimag.hu\/webshop\/termek\/borsikafu-savory-florian-bg\/","title":{"rendered":"Borsikaf\u0171 (Csombor) Local  Florian Bg"},"content":{"rendered":"","protected":false},"excerpt":{"rendered":"<p><img decoding=\"async\" class=\"img-inline\" src=\"https:\/\/brcci.eu\/cache\/thumbnails\/12ecd0e6e419f1b9b1484ef02ad361979dd8e054\/1a6c5e1406ad462ca86d17b2800862d7f837862c-829875ad0a268b741b7edd818ffce098.png\" alt=\"FLORIAN OOD\" \/><\/p>\n<p>Egyny\u00e1ri cserje, v\u00e9kony \u00e9s egyenes sz\u00e1rral, ritka, bronz \u00a0levelekkel \u00e9s kis vil\u00e1gos r\u00f3zsasz\u00edn sz\u00e1rral. A fajta a szereti a ny\u00e1ri meleget, vir\u00e1gcser\u00e9pbe termeszt\u00e9sre alkalmas. Er\u0151s \u00e9s \u00e9l\u00e9g\u00e9s arom\u00e1j\u00e1nak k\u00f6sz\u00f6nhet\u0151en a f\u0151z\u00e9s p\u00f3tolhatlatan opp\u00faljeje. F\u0151leg sz\u00e1raz \u00e1llapotban haszn\u00e1lj\u00e1k. Veget\u00e1ci\u00f3s id\u0151szak 65-75 nap.<\/p>\n<p>Kiszerel\u00e9s: 180 mg (0,2 gr)<\/p>\n<p>V\u00e9t\u00e9s:<\/p>\n<p>&#8211; m\u00e1rcius 20. k\u00f6rt vetik \u00e9s m\u00e1jus 10. k\u00f6rt s\u00e4ttik \u00e1t.<\/p>\n<p>&#8211; k\u00f6zvetlen\u00fcl vet\u00e9s: \u00e1prilis 1-10<\/p>\n<p>Vet\u00e9sm\u00e9lys\u00e9g: 1-2 cm<\/p>\n<p>A csomag 2 gram magot tartalmaz<\/p>\n<p>&nbsp;<\/p>\n<p>Vet\u00e9s int\u00e9zked\u00e9sek:<\/p>\n<p>&#8211; 80 g\/hekt\u00e1r vagy 10 000 n\u00f6v\u00e9ny\/hekt\u00e1r telep\u00edt\u00e9s\u00e9vel<\/p>\n<p>&#8211; k\u00f6zvetlen\u00fcl \u00e1gakon &#8211; 1kg\/ha<\/p>\n","protected":false},"featured_media":25083,"comment_status":"closed","ping_status":"closed","template":"","meta":[],"product_brand":[],"product_cat":[374],"product_tag":[],"class_list":{"0":"post-24065","1":"product","2":"type-product","3":"status-publish","4":"has-post-thumbnail","6":"product_cat-fuszer-es-gyogynoveny-vetomagok-bolgar-florian-vetomagok","8":"first","9":"instock","10":"taxable","11":"shipping-taxable","12":"purchasable","13":"product-type-simple"},"_links":{"self":[{"href":"https:\/\/chilimag.hu\/webshop\/wp-json\/wp\/v2\/product\/24065","targetHints":{"allow":["GET"]}}],"collection":[{"href":"https:\/\/chilimag.hu\/webshop\/wp-json\/wp\/v2\/product"}],"about":[{"href":"https:\/\/chilimag.hu\/webshop\/wp-json\/wp\/v2\/types\/product"}],"replies":[{"embeddable":true,"href":"https:\/\/chilimag.hu\/webshop\/wp-json\/wp\/v2\/comments?post=24065"}],"wp:featuredmedia":[{"embeddable":true,"href":"https:\/\/chilimag.hu\/webshop\/wp-json\/wp\/v2\/media\/25083"}],"wp:attachment":[{"href":"https:\/\/chilimag.hu\/webshop\/wp-json\/wp\/v2\/media?parent=24065"}],"wp:term":[{"taxonomy":"product_brand","embeddable":true,"href":"https:\/\/chilimag.hu\/webshop\/wp-json\/wp\/v2\/product_brand?post=24065"},{"taxonomy":"product_cat","embeddable":true,"href":"https:\/\/chilimag.hu\/webshop\/wp-json\/wp\/v2\/product_cat?post=24065"},{"taxonomy":"product_tag","embeddable":true,"href":"https:\/\/chilimag.hu\/webshop\/wp-json\/wp\/v2\/product_tag?post=24065"}],"curies":[{"name":"wp","href":"https:\/\/api.w.org\/{rel}","templated":true}]}}