{"id":24062,"date":"2023-04-08T12:23:01","date_gmt":"2023-04-08T12:23:01","guid":{"rendered":"https:\/\/chilimag.hu\/webshop\/?post_type=product&#038;p=24062"},"modified":"2026-03-21T12:26:13","modified_gmt":"2026-03-21T12:26:13","slug":"petrezselyem-zold-festival-florian-bg","status":"publish","type":"product","link":"https:\/\/chilimag.hu\/webshop\/termek\/petrezselyem-zold-festival-florian-bg\/","title":{"rendered":"Petrezselyem z\u00f6ld Festival Florian Bg"},"content":{"rendered":"","protected":false},"excerpt":{"rendered":"<p><img decoding=\"async\" class=\"img-inline\" src=\"https:\/\/brcci.eu\/cache\/thumbnails\/12ecd0e6e419f1b9b1484ef02ad361979dd8e054\/1a6c5e1406ad462ca86d17b2800862d7f837862c-829875ad0a268b741b7edd818ffce098.png\" alt=\"FLORIAN OOD\" \/><\/p>\n<p>Fokozott term\u0151k\u00e9pess\u00e9g\u0171 fajta, eg\u00e9sz \u00e9vben k\u00f6zvetlen\u00fcl vetik. Az \u00fatif\u0171 term\u0151, nem ig\u00e9nyel k\u00fcl\u00f6n\u00f6sebb t\u00f6r\u0151d\u00e9st. Levelei nagyok \u00e9s er\u0151s arom\u00e1j\u00faak.<\/p>\n<p>Kerti vagy vir\u00e1gcserepes termeszt\u00e9sre alkalmas.Teljes napsug\u00e1rz\u00e1st ig\u00e9nyel Veget\u00e1ci\u00f3s id\u0151szak 70-90 nap.<\/p>\n<p>Magok mennyis\u00e9ge zs\u00e1konk\u00e9nt: 3500 mag<\/p>\n<p>M\u0171szaki adatok:<\/p>\n<p>M\u00e9lys\u00e9ge 2-2,5 cm<br \/>\nFebru\u00e1r-decembert\u0151l kezd\u0151d\u0151en vetik<br \/>\nVet\u0151mennyis\u00e9g 800-1000 gramm\/hekt\u00e1r<br \/>\nA vet\u0151magb\u00f3l t\u00f6rt\u00e9n\u0151 termel\u00e9s t\u00edpusai<br \/>\n\u00c1ltal\u00e1noss\u00e1gok:<\/p>\n<p>650-700 magot tartalmaz grammonk\u00e9nt<br \/>\nS\u00falya 5 gramm<br \/>\n\u00dcltet\u00e9s febru\u00e1r-december<br \/>\nSz\u00fcret j\u00fanius-m\u00e1rcius<br \/>\nVeget\u00e1ci\u00f3ja 70-90 nap<\/p>\n<p>A csomag 5 gram magot tartalmaz<\/p>\n","protected":false},"featured_media":25088,"comment_status":"closed","ping_status":"closed","template":"","meta":[],"product_brand":[],"product_cat":[374],"product_tag":[],"class_list":{"0":"post-24062","1":"product","2":"type-product","3":"status-publish","4":"has-post-thumbnail","6":"product_cat-fuszer-es-gyogynoveny-vetomagok-bolgar-florian-vetomagok","8":"first","9":"instock","10":"taxable","11":"shipping-taxable","12":"purchasable","13":"product-type-simple"},"_links":{"self":[{"href":"https:\/\/chilimag.hu\/webshop\/wp-json\/wp\/v2\/product\/24062","targetHints":{"allow":["GET"]}}],"collection":[{"href":"https:\/\/chilimag.hu\/webshop\/wp-json\/wp\/v2\/product"}],"about":[{"href":"https:\/\/chilimag.hu\/webshop\/wp-json\/wp\/v2\/types\/product"}],"replies":[{"embeddable":true,"href":"https:\/\/chilimag.hu\/webshop\/wp-json\/wp\/v2\/comments?post=24062"}],"wp:featuredmedia":[{"embeddable":true,"href":"https:\/\/chilimag.hu\/webshop\/wp-json\/wp\/v2\/media\/25088"}],"wp:attachment":[{"href":"https:\/\/chilimag.hu\/webshop\/wp-json\/wp\/v2\/media?parent=24062"}],"wp:term":[{"taxonomy":"product_brand","embeddable":true,"href":"https:\/\/chilimag.hu\/webshop\/wp-json\/wp\/v2\/product_brand?post=24062"},{"taxonomy":"product_cat","embeddable":true,"href":"https:\/\/chilimag.hu\/webshop\/wp-json\/wp\/v2\/product_cat?post=24062"},{"taxonomy":"product_tag","embeddable":true,"href":"https:\/\/chilimag.hu\/webshop\/wp-json\/wp\/v2\/product_tag?post=24062"}],"curies":[{"name":"wp","href":"https:\/\/api.w.org\/{rel}","templated":true}]}}