{"id":24059,"date":"2023-04-08T12:19:53","date_gmt":"2023-04-08T12:19:53","guid":{"rendered":"https:\/\/chilimag.hu\/webshop\/?post_type=product&#038;p=24059"},"modified":"2025-08-12T20:20:23","modified_gmt":"2025-08-12T20:20:23","slug":"petrezselyem-zold-curly-moss-florian-bg","status":"publish","type":"product","link":"https:\/\/chilimag.hu\/webshop\/termek\/petrezselyem-zold-curly-moss-florian-bg\/","title":{"rendered":"Petrezselyem z\u00f6ld Curly Florian Bg"},"content":{"rendered":"","protected":false},"excerpt":{"rendered":"<p><img decoding=\"async\" class=\"img-inline\" src=\"https:\/\/brcci.eu\/cache\/thumbnails\/12ecd0e6e419f1b9b1484ef02ad361979dd8e054\/1a6c5e1406ad462ca86d17b2800862d7f837862c-829875ad0a268b741b7edd818ffce098.png\" alt=\"FLORIAN OOD\" \/><\/p>\n<p>Kora tavaszi n\u00f6v\u00e9nyekhez febru\u00e1r 20-t\u00f3l m\u00e1rcius 10-ig, vagy az el\u0151t\u00e9li vet\u00e9sekhez december 1-15-ig vetik. Vet\u00e9s ut\u00e1n hengerrel \u00e9s enyhe \u00f6nt\u00f6z\u00e9ssel aj\u00e1nlott \u00e1tengedni.<\/p>\n<p>Magok sz\u00e1ma zs\u00e1konk\u00e9nt 3500 mag (5 gramm)<\/p>\n<p>M\u0171szaki adatok:<\/p>\n<p>M\u00e9lys\u00e9ge 2-2,5 cm<br \/>\nVet\u00e9s febru\u00e1rt\u00f3l kezd\u0151d\u0151en<br \/>\nVet\u00e9smennyis\u00e9g 0,500-0,600 Kg\/hekt\u00e1r<br \/>\nA vet\u0151magb\u00f3l t\u00f6rt\u00e9n\u0151 termel\u00e9s t\u00edpusai<br \/>\n\u00c1ltal\u00e1noss\u00e1gok:<\/p>\n<p>650-700 magot tartalmaz grammonk\u00e9nt<br \/>\nS\u00falya 5 gramm<br \/>\n\u00dcltet\u00e9s febru\u00e1r, m\u00e1rcius<br \/>\nSz\u00fcret m\u00e1rcius-november<br \/>\nVeget\u00e1ci\u00f3ja 70-80 nap<\/p>\n<p>A csomag 5 gr tartalmaz<\/p>\n","protected":false},"featured_media":25087,"comment_status":"closed","ping_status":"closed","template":"","meta":[],"product_brand":[],"product_cat":[374],"product_tag":[],"class_list":{"0":"post-24059","1":"product","2":"type-product","3":"status-publish","4":"has-post-thumbnail","6":"product_cat-fuszer-es-gyogynoveny-vetomagok-bolgar-florian-vetomagok","8":"first","9":"instock","10":"taxable","11":"shipping-taxable","12":"purchasable","13":"product-type-simple"},"_links":{"self":[{"href":"https:\/\/chilimag.hu\/webshop\/wp-json\/wp\/v2\/product\/24059","targetHints":{"allow":["GET"]}}],"collection":[{"href":"https:\/\/chilimag.hu\/webshop\/wp-json\/wp\/v2\/product"}],"about":[{"href":"https:\/\/chilimag.hu\/webshop\/wp-json\/wp\/v2\/types\/product"}],"replies":[{"embeddable":true,"href":"https:\/\/chilimag.hu\/webshop\/wp-json\/wp\/v2\/comments?post=24059"}],"wp:featuredmedia":[{"embeddable":true,"href":"https:\/\/chilimag.hu\/webshop\/wp-json\/wp\/v2\/media\/25087"}],"wp:attachment":[{"href":"https:\/\/chilimag.hu\/webshop\/wp-json\/wp\/v2\/media?parent=24059"}],"wp:term":[{"taxonomy":"product_brand","embeddable":true,"href":"https:\/\/chilimag.hu\/webshop\/wp-json\/wp\/v2\/product_brand?post=24059"},{"taxonomy":"product_cat","embeddable":true,"href":"https:\/\/chilimag.hu\/webshop\/wp-json\/wp\/v2\/product_cat?post=24059"},{"taxonomy":"product_tag","embeddable":true,"href":"https:\/\/chilimag.hu\/webshop\/wp-json\/wp\/v2\/product_tag?post=24059"}],"curies":[{"name":"wp","href":"https:\/\/api.w.org\/{rel}","templated":true}]}}