{"id":24056,"date":"2023-04-08T11:46:47","date_gmt":"2023-04-08T11:46:47","guid":{"rendered":"https:\/\/chilimag.hu\/webshop\/?post_type=product&#038;p=24056"},"modified":"2026-02-27T12:17:42","modified_gmt":"2026-02-27T12:17:42","slug":"scorzonera-black-salsify-florian-bg","status":"publish","type":"product","link":"https:\/\/chilimag.hu\/webshop\/termek\/scorzonera-black-salsify-florian-bg\/","title":{"rendered":"Feketegy\u00f6k\u00e9r Black Salsify Florian Bg"},"content":{"rendered":"","protected":false},"excerpt":{"rendered":"<p><img decoding=\"async\" class=\"img-inline\" src=\"https:\/\/brcci.eu\/cache\/thumbnails\/12ecd0e6e419f1b9b1484ef02ad361979dd8e054\/1a6c5e1406ad462ca86d17b2800862d7f837862c-829875ad0a268b741b7edd818ffce098.png\" alt=\"FLORIAN OOD\" \/><\/p>\n<p>\u00c9vel\u0151 n\u00f6v\u00e9ny, amelyet csemegek\u00e9nt sz\u00e1mon tartott gy\u00f6kerei miatt egyny\u00e1ri n\u00f6v\u00e9nyk\u00e9nt termesztenek. \u00c9telek, levesek, \u00fcd\u00edt\u0151k, sz\u00f6rp\u00f6k k\u00e9sz\u00edt\u00e9s\u00e9hez haszn\u00e1lj\u00e1k, a fiatal levelei sal\u00e1t\u00e1khoz alkalmasak. Gy\u00f6k\u00e9rgy\u00fcm\u00f6lcsei nagyon t\u00f6r\u00e9kenyek, hengeresek, 25-35 cm hossz\u00faak, k\u00fcls\u0151 r\u00e9sze s\u00f6t\u00e9tbarna \u00e9s feh\u00e9r, p\u00e9p egyenletes, kellemes \u00edz\u0171. Gazdag C-, B1-, B2-vitamin-, kalcium-, vas-, foszfor-tartalma miatt nagyon j\u00f3 a cukorbetegek sz\u00e1m\u00e1ra. Ha h\u0171v\u00f6s \u00e9s s\u00f6t\u00e9t helyen tartjuk, a gy\u00f6kerek eg\u00e9sz t\u00e9len \u00e1t meg\u0151rzik frissess\u00e9g\u00fcket. A k\u00f6nnyebb talajokat kedveli, j\u00f3l ellen\u00e1ll a hidegnek \u00e9s alacsony a nedvess\u00e9gig\u00e9nye. Betegs\u00e9gekkel \u00e9s k\u00e1rtev\u0151kkel szemben ellen\u00e1ll\u00f3. A veget\u00e1ci\u00f3s id\u0151szak 100-120 nap.<\/p>\n<p>Vet\u00e9si id\u0151szak:<\/p>\n<p>&#8211; korai gy\u00e1rt\u00e1shoz m\u00e1rcius 15-\u00e1prilis 20<\/p>\n<p>&#8211; f\u00e9lkorai gy\u00e1rt\u00e1shoz j\u00fanius 10-j\u00falius 15.<\/p>\n<p>Magok mennyis\u00e9ge zs\u00e1konk\u00e9nt: 3 gramm<\/p>\n<p>M\u0171szaki adatok:<\/p>\n<p>M\u00e9lys\u00e9ge 2-3 cm<br \/>\nM\u00e1rcius 15-\u00e1prilis 20-t\u00f3l, j\u00fanius 10-t\u0151l j\u00falius 15-ig vetve<br \/>\nVet\u0151mennyis\u00e9g 0,800-1000 gramm\/1000 m\u00e9ter<br \/>\nA vet\u0151magb\u00f3l t\u00f6rt\u00e9n\u0151 termel\u00e9s t\u00edpusai<br \/>\n\u00c1ltal\u00e1noss\u00e1gok:<\/p>\n<p>Tartalom 90-100 mag\/gramm, illetve 270-300 mag\/zs\u00e1k<br \/>\nS\u00falya 3 gramm<br \/>\n\u00dcltet\u00e9s 15.III &#8211; 20.IV 10.VI &#8211; 20.VII<br \/>\nA betakar\u00edt\u00e1s j\u00faliusban kezd\u0151dik<br \/>\nVeget\u00e1ci\u00f3ja 100-120 nap<\/p>\n<p>A csomag 3 gram magot tartalmaz<\/p>\n","protected":false},"featured_media":24057,"comment_status":"closed","ping_status":"closed","template":"","meta":[],"product_brand":[],"product_cat":[386],"product_tag":[],"class_list":{"0":"post-24056","1":"product","2":"type-product","3":"status-publish","4":"has-post-thumbnail","6":"product_cat-zoldseg-vetomagok-bolgar-florian-vetomagok","8":"first","9":"instock","10":"taxable","11":"shipping-taxable","12":"purchasable","13":"product-type-simple"},"_links":{"self":[{"href":"https:\/\/chilimag.hu\/webshop\/wp-json\/wp\/v2\/product\/24056","targetHints":{"allow":["GET"]}}],"collection":[{"href":"https:\/\/chilimag.hu\/webshop\/wp-json\/wp\/v2\/product"}],"about":[{"href":"https:\/\/chilimag.hu\/webshop\/wp-json\/wp\/v2\/types\/product"}],"replies":[{"embeddable":true,"href":"https:\/\/chilimag.hu\/webshop\/wp-json\/wp\/v2\/comments?post=24056"}],"wp:featuredmedia":[{"embeddable":true,"href":"https:\/\/chilimag.hu\/webshop\/wp-json\/wp\/v2\/media\/24057"}],"wp:attachment":[{"href":"https:\/\/chilimag.hu\/webshop\/wp-json\/wp\/v2\/media?parent=24056"}],"wp:term":[{"taxonomy":"product_brand","embeddable":true,"href":"https:\/\/chilimag.hu\/webshop\/wp-json\/wp\/v2\/product_brand?post=24056"},{"taxonomy":"product_cat","embeddable":true,"href":"https:\/\/chilimag.hu\/webshop\/wp-json\/wp\/v2\/product_cat?post=24056"},{"taxonomy":"product_tag","embeddable":true,"href":"https:\/\/chilimag.hu\/webshop\/wp-json\/wp\/v2\/product_tag?post=24056"}],"curies":[{"name":"wp","href":"https:\/\/api.w.org\/{rel}","templated":true}]}}