{"id":24041,"date":"2023-04-08T11:20:45","date_gmt":"2023-04-08T11:20:45","guid":{"rendered":"https:\/\/chilimag.hu\/webshop\/?post_type=product&#038;p=24041"},"modified":"2026-01-28T20:56:22","modified_gmt":"2026-01-28T20:56:22","slug":"retek-snezhka-florian-bg","status":"publish","type":"product","link":"https:\/\/chilimag.hu\/webshop\/termek\/retek-snezhka-florian-bg\/","title":{"rendered":"Retek Snezhka Florian Bg"},"content":{"rendered":"","protected":false},"excerpt":{"rendered":"<p><img decoding=\"async\" class=\"img-inline\" src=\"https:\/\/brcci.eu\/cache\/thumbnails\/12ecd0e6e419f1b9b1484ef02ad361979dd8e054\/1a6c5e1406ad462ca86d17b2800862d7f837862c-829875ad0a268b741b7edd818ffce098.png\" alt=\"FLORIAN OOD\" \/><\/p>\n<p>Sniezka h\u00f3nap retek, feh\u00e9r, ropog\u00f3s retekmag, Agrosem<\/p>\n<p>Kiszerel\u00e9s: 600 mag (4 g)<\/p>\n<p>A Sniezka holdretek f\u00e9lkorai fajta, kerek feh\u00e9r gy\u00f6ker\u0171, ropog\u00f3s, \u00edzletes p\u00e9ppel.<\/p>\n<p>Tavaszt\u00f3l \u0151szig sz\u00e1nt\u00f3f\u00f6ld\u00f6n vagy fedett helyen termesztik.<\/p>\n<p>Term\u0151 fajta, nem ligniz\u00e1l.<\/p>\n<p>Szabadf\u00f6ldi vet\u00e9s: m\u00e1rcius-\u00e1prilis; Augusztus szeptember.<\/p>\n<p>N\u00f6v\u00e9nyek k\u00f6z\u00f6tti t\u00e1vols\u00e1g: 20&#215;5 cm.<\/p>\n<p>Betakar\u00edt\u00e1s: \u00e1prilis-m\u00e1jus; szeptember okt\u00f3ber.<\/p>\n<p>A csomag 5 gram magot tartalmaz<\/p>\n","protected":false},"featured_media":24042,"comment_status":"closed","ping_status":"closed","template":"","meta":[],"product_brand":[],"product_cat":[382],"product_tag":[],"class_list":{"0":"post-24041","1":"product","2":"type-product","3":"status-publish","4":"has-post-thumbnail","6":"product_cat-salata-es-retek-vetomagok","8":"first","9":"instock","10":"taxable","11":"shipping-taxable","12":"purchasable","13":"product-type-simple"},"_links":{"self":[{"href":"https:\/\/chilimag.hu\/webshop\/wp-json\/wp\/v2\/product\/24041","targetHints":{"allow":["GET"]}}],"collection":[{"href":"https:\/\/chilimag.hu\/webshop\/wp-json\/wp\/v2\/product"}],"about":[{"href":"https:\/\/chilimag.hu\/webshop\/wp-json\/wp\/v2\/types\/product"}],"replies":[{"embeddable":true,"href":"https:\/\/chilimag.hu\/webshop\/wp-json\/wp\/v2\/comments?post=24041"}],"wp:featuredmedia":[{"embeddable":true,"href":"https:\/\/chilimag.hu\/webshop\/wp-json\/wp\/v2\/media\/24042"}],"wp:attachment":[{"href":"https:\/\/chilimag.hu\/webshop\/wp-json\/wp\/v2\/media?parent=24041"}],"wp:term":[{"taxonomy":"product_brand","embeddable":true,"href":"https:\/\/chilimag.hu\/webshop\/wp-json\/wp\/v2\/product_brand?post=24041"},{"taxonomy":"product_cat","embeddable":true,"href":"https:\/\/chilimag.hu\/webshop\/wp-json\/wp\/v2\/product_cat?post=24041"},{"taxonomy":"product_tag","embeddable":true,"href":"https:\/\/chilimag.hu\/webshop\/wp-json\/wp\/v2\/product_tag?post=24041"}],"curies":[{"name":"wp","href":"https:\/\/api.w.org\/{rel}","templated":true}]}}