{"id":24036,"date":"2023-04-08T11:09:51","date_gmt":"2023-04-08T11:09:51","guid":{"rendered":"https:\/\/chilimag.hu\/webshop\/?post_type=product&#038;p=24036"},"modified":"2026-03-28T04:18:01","modified_gmt":"2026-03-28T04:18:01","slug":"sargarepa-royal-chantenay-florian-bg","status":"publish","type":"product","link":"https:\/\/chilimag.hu\/webshop\/termek\/sargarepa-royal-chantenay-florian-bg\/","title":{"rendered":"S\u00e1rgar\u00e9pa  Royal Chantenay 2 Florian Bg"},"content":{"rendered":"","protected":false},"excerpt":{"rendered":"<p><img decoding=\"async\" class=\"img-inline\" src=\"https:\/\/brcci.eu\/cache\/thumbnails\/12ecd0e6e419f1b9b1484ef02ad361979dd8e054\/1a6c5e1406ad462ca86d17b2800862d7f837862c-829875ad0a268b741b7edd818ffce098.png\" alt=\"FLORIAN OOD\" \/><\/p>\n<p>F\u00e9lkorait\u00f3l k\u00e9s\u0151iig terjed\u0151, megn\u00f6vekedett termel\u00e9kenys\u00e9g\u0171 fajta, amely magas karotintartalm\u00e1val jellemezhet\u0151. A s\u00e1rgar\u00e9pa s\u00f6t\u00e9tnarancss\u00e1rga, l\u00e9d\u00fas, 15-16 cm hossz\u00fa. Kiv\u00e1l\u00f3 \u00edz\u0171ek, frissen is tart\u00f3s\u00edthat\u00f3k, fogyaszthat\u00f3k.<\/p>\n<p>A tavaszi term\u00e9shez febru\u00e1r 20-t\u00f3l m\u00e1rcius 10-ig, a t\u00e9li termel\u00e9shez december 1-15-ig vetik 2-3 cm m\u00e9lys\u00e9gben.<\/p>\n<p>Vet\u0151mag mennyis\u00e9ge zs\u00e1konk\u00e9nt: 10000 mag (10 gramm)<\/p>\n<p>M\u0171szaki adatok:<\/p>\n<p>M\u00e9lys\u00e9ge 2-3 cm<br \/>\nFebru\u00e1r-decembert\u0151l kezd\u0151d\u0151en vetik<br \/>\nVet\u0151mennyis\u00e9g 450-600 gramm\/hekt\u00e1r<br \/>\nA vet\u0151magb\u00f3l t\u00f6rt\u00e9n\u0151 termel\u00e9s t\u00edpusai<br \/>\n\u00c1ltal\u00e1noss\u00e1gok:<\/p>\n<p>800-1000 magot tartalmaz grammonk\u00e9nt<br \/>\nS\u00falya 10 gramm<br \/>\n\u00dcltet\u00e9s febru\u00e1r-december<br \/>\nSz\u00fcret j\u00fanius-\u00e1prilis<br \/>\nVeget\u00e1ci\u00f3ja 75-90 nap<\/p>\n<p>A csomag 5 gram magot tartalmaz<\/p>\n","protected":false},"featured_media":24037,"comment_status":"closed","ping_status":"closed","template":"","meta":[],"product_brand":[],"product_cat":[386],"product_tag":[],"class_list":{"0":"post-24036","1":"product","2":"type-product","3":"status-publish","4":"has-post-thumbnail","6":"product_cat-zoldseg-vetomagok-bolgar-florian-vetomagok","8":"first","9":"instock","10":"taxable","11":"shipping-taxable","12":"purchasable","13":"product-type-simple"},"_links":{"self":[{"href":"https:\/\/chilimag.hu\/webshop\/wp-json\/wp\/v2\/product\/24036","targetHints":{"allow":["GET"]}}],"collection":[{"href":"https:\/\/chilimag.hu\/webshop\/wp-json\/wp\/v2\/product"}],"about":[{"href":"https:\/\/chilimag.hu\/webshop\/wp-json\/wp\/v2\/types\/product"}],"replies":[{"embeddable":true,"href":"https:\/\/chilimag.hu\/webshop\/wp-json\/wp\/v2\/comments?post=24036"}],"wp:featuredmedia":[{"embeddable":true,"href":"https:\/\/chilimag.hu\/webshop\/wp-json\/wp\/v2\/media\/24037"}],"wp:attachment":[{"href":"https:\/\/chilimag.hu\/webshop\/wp-json\/wp\/v2\/media?parent=24036"}],"wp:term":[{"taxonomy":"product_brand","embeddable":true,"href":"https:\/\/chilimag.hu\/webshop\/wp-json\/wp\/v2\/product_brand?post=24036"},{"taxonomy":"product_cat","embeddable":true,"href":"https:\/\/chilimag.hu\/webshop\/wp-json\/wp\/v2\/product_cat?post=24036"},{"taxonomy":"product_tag","embeddable":true,"href":"https:\/\/chilimag.hu\/webshop\/wp-json\/wp\/v2\/product_tag?post=24036"}],"curies":[{"name":"wp","href":"https:\/\/api.w.org\/{rel}","templated":true}]}}