{"id":24031,"date":"2023-04-08T10:16:09","date_gmt":"2023-04-08T10:16:09","guid":{"rendered":"https:\/\/chilimag.hu\/webshop\/?post_type=product&#038;p=24031"},"modified":"2026-05-11T06:30:54","modified_gmt":"2026-05-11T06:30:54","slug":"sargadinnye-medena-rosa-florian-bg","status":"publish","type":"product","link":"https:\/\/chilimag.hu\/webshop\/termek\/sargadinnye-medena-rosa-florian-bg\/","title":{"rendered":"S\u00e1rgadinnye Medena Rosa Florian Bg"},"content":{"rendered":"","protected":false},"excerpt":{"rendered":"<p><img decoding=\"async\" class=\"img-inline\" src=\"https:\/\/brcci.eu\/cache\/thumbnails\/12ecd0e6e419f1b9b1484ef02ad361979dd8e054\/1a6c5e1406ad462ca86d17b2800862d7f837862c-829875ad0a268b741b7edd818ffce098.png\" alt=\"FLORIAN OOD\" \/><\/p>\n<p>K\u00f6z\u00e9pkorai \u00e9s k\u00e9s\u0151i dinnyefajta, t\u00e1rol\u00e1sra \u00e9s sz\u00e1ll\u00edt\u00e1sra alkalmas. A gy\u00fcm\u00f6lcs\u00f6k kerekek, n\u00e9ha kiss\u00e9 megny\u00faltak, vil\u00e1gosz\u00f6ld h\u00e9j\u00faak, \u00e9r\u00e9s ut\u00e1n kr\u00e9ms\u00e1rga sz\u00edn\u0171ek. A mag vil\u00e1gosz\u00f6ld. Fogyaszt\u00e1sa a betakar\u00edt\u00e1s ut\u00e1n 3-4 h\u00e9ttel javasolt. \u00c1tlagos s\u00falya 1,5-3 kg.<\/p>\n<p>\u00c1prilis 15-20 k\u00f6z\u00f6tt vetik 3-5 cm m\u00e9lys\u00e9gben \u00e9s 150\/50-60 t\u00e1vols\u00e1gra.<\/p>\n<p>A magok mennyis\u00e9ge zs\u00e1konk\u00e9nt: 3 gramm &#8211; 100 mag<\/p>\n<p>M\u0171szaki adatok<br \/>\nM\u00e9lys\u00e9ge 3-5 cm<br \/>\n\u00c1prilis 15-20-ig vetik<br \/>\nVet\u00e9smennyis\u00e9g 100-150 gramm\/hekt\u00e1r<br \/>\nA vet\u0151magb\u00f3l t\u00f6rt\u00e9n\u0151 termel\u00e9s t\u00edpusai<br \/>\n\u00c1ttekint\u00e9s<br \/>\n30-35 magot tartalmaz grammonk\u00e9nt<br \/>\nS\u00falya 3 gramm<br \/>\n\u00c1prilis \u00fcltet\u00e9s<br \/>\nSz\u00fcret j\u00falius-augusztus<br \/>\nN\u00f6v\u00e9nyzet 110-115<\/p>\n<p>A csomag 3 gram magot tartalmaz<\/p>\n","protected":false},"featured_media":25054,"comment_status":"closed","ping_status":"closed","template":"","meta":[],"product_brand":[],"product_cat":[373],"product_tag":[],"class_list":{"0":"post-24031","1":"product","2":"type-product","3":"status-publish","4":"has-post-thumbnail","6":"product_cat-dinnye-es-tok-vetomagok-bolgar-florian-vetomagok","8":"first","9":"instock","10":"taxable","11":"shipping-taxable","12":"purchasable","13":"product-type-simple"},"_links":{"self":[{"href":"https:\/\/chilimag.hu\/webshop\/wp-json\/wp\/v2\/product\/24031","targetHints":{"allow":["GET"]}}],"collection":[{"href":"https:\/\/chilimag.hu\/webshop\/wp-json\/wp\/v2\/product"}],"about":[{"href":"https:\/\/chilimag.hu\/webshop\/wp-json\/wp\/v2\/types\/product"}],"replies":[{"embeddable":true,"href":"https:\/\/chilimag.hu\/webshop\/wp-json\/wp\/v2\/comments?post=24031"}],"wp:featuredmedia":[{"embeddable":true,"href":"https:\/\/chilimag.hu\/webshop\/wp-json\/wp\/v2\/media\/25054"}],"wp:attachment":[{"href":"https:\/\/chilimag.hu\/webshop\/wp-json\/wp\/v2\/media?parent=24031"}],"wp:term":[{"taxonomy":"product_brand","embeddable":true,"href":"https:\/\/chilimag.hu\/webshop\/wp-json\/wp\/v2\/product_brand?post=24031"},{"taxonomy":"product_cat","embeddable":true,"href":"https:\/\/chilimag.hu\/webshop\/wp-json\/wp\/v2\/product_cat?post=24031"},{"taxonomy":"product_tag","embeddable":true,"href":"https:\/\/chilimag.hu\/webshop\/wp-json\/wp\/v2\/product_tag?post=24031"}],"curies":[{"name":"wp","href":"https:\/\/api.w.org\/{rel}","templated":true}]}}