{"id":24026,"date":"2023-04-08T10:10:41","date_gmt":"2023-04-08T10:10:41","guid":{"rendered":"https:\/\/chilimag.hu\/webshop\/?post_type=product&#038;p=24026"},"modified":"2026-05-11T06:30:54","modified_gmt":"2026-05-11T06:30:54","slug":"sargadinnye-vidinski-koravtsi-florian-bg","status":"publish","type":"product","link":"https:\/\/chilimag.hu\/webshop\/termek\/sargadinnye-vidinski-koravtsi-florian-bg\/","title":{"rendered":"S\u00e1rgadinnye Vidinski Koravtsi Florian Bg"},"content":{"rendered":"","protected":false},"excerpt":{"rendered":"<div class=\"elementor-element elementor-element-2bf5bbaa elementor-widget elementor-widget-woocommerce-product-short-description\" data-id=\"2bf5bbaa\" data-element_type=\"widget\" data-widget_type=\"woocommerce-product-short-description.default\">\n<div class=\"elementor-widget-container\">\n<div class=\"woocommerce-product-details__short-description\">\n<p><img decoding=\"async\" class=\"img-inline\" src=\"https:\/\/brcci.eu\/cache\/thumbnails\/12ecd0e6e419f1b9b1484ef02ad361979dd8e054\/1a6c5e1406ad462ca86d17b2800862d7f837862c-829875ad0a268b741b7edd818ffce098.png\" alt=\"FLORIAN OOD\" \/><\/p>\n<p>VIDINSKI KORAVTSI \u2013 S\u00e1rgadinnye \u00a0(fajta) \u2013 Bulg\u00e1ria<\/p>\n<p>M\u0171szaki adatok \u2013 VIDINSKI KORAVTSI<\/p>\n<p>Korai fajta \u00e9s korai k\u00f6zepes<br \/>\nCs\u00edr\u00e1z\u00f3k\u00e9pess\u00e9g \u2013 n\/a<br \/>\nDinnye t\u00edpus \u2013 n\/a<br \/>\nA magokat \u00e1prilis-m\u00e1jusban vetik el<br \/>\nM\u00e9lys\u00e9g \u2013 3-5 cm<br \/>\nVet\u00e9s \u2013 \u00e1prilist\u00f3l kezd\u0151d\u0151en<br \/>\nVet\u00e9smennyis\u00e9g \u2013 350-450 gramm\/10 \u00e1r<br \/>\nTermeszt\u00e9s \u00fcvegh\u00e1zakban \u00e9s szabadban<br \/>\nA veget\u00e1ci\u00f3s id\u0151szak k\u00f6r\u00fclbel\u00fcl 85 nap.<\/p>\n<p>Gy\u00fcm\u00f6lcs jellemz\u0151k:<\/p>\n<p>A term\u00e9sek 2-3 kg t\u00f6meg\u0171ek, ellipszis alak\u00faak<br \/>\nA p\u00e9p s\u00e1rg\u00e1s-narancss\u00e1rga, \u00edzletes, kellemes arom\u00e1j\u00fa<br \/>\n\u00c1ltal\u00e1noss\u00e1gok:<\/p>\n<p>Tartalom 1 gr = 20-25 mag<br \/>\nCsomag s\u00falya 50 gramm<br \/>\n\u00dcltet\u00e9s \u00e1prilis-m\u00e1jus<br \/>\nSz\u00fcret j\u00falius-augusztus<br \/>\nVeget\u00e1ci\u00f3 85 nap<\/p>\n<p>A csomag 3 gram magot tartalmaz<\/p>\n<\/div>\n<\/div>\n<\/div>\n<p>&nbsp;<\/p>\n","protected":false},"featured_media":25070,"comment_status":"closed","ping_status":"closed","template":"","meta":[],"product_brand":[],"product_cat":[373],"product_tag":[],"class_list":{"0":"post-24026","1":"product","2":"type-product","3":"status-publish","4":"has-post-thumbnail","6":"product_cat-dinnye-es-tok-vetomagok-bolgar-florian-vetomagok","8":"first","9":"instock","10":"taxable","11":"shipping-taxable","12":"purchasable","13":"product-type-simple"},"_links":{"self":[{"href":"https:\/\/chilimag.hu\/webshop\/wp-json\/wp\/v2\/product\/24026","targetHints":{"allow":["GET"]}}],"collection":[{"href":"https:\/\/chilimag.hu\/webshop\/wp-json\/wp\/v2\/product"}],"about":[{"href":"https:\/\/chilimag.hu\/webshop\/wp-json\/wp\/v2\/types\/product"}],"replies":[{"embeddable":true,"href":"https:\/\/chilimag.hu\/webshop\/wp-json\/wp\/v2\/comments?post=24026"}],"wp:featuredmedia":[{"embeddable":true,"href":"https:\/\/chilimag.hu\/webshop\/wp-json\/wp\/v2\/media\/25070"}],"wp:attachment":[{"href":"https:\/\/chilimag.hu\/webshop\/wp-json\/wp\/v2\/media?parent=24026"}],"wp:term":[{"taxonomy":"product_brand","embeddable":true,"href":"https:\/\/chilimag.hu\/webshop\/wp-json\/wp\/v2\/product_brand?post=24026"},{"taxonomy":"product_cat","embeddable":true,"href":"https:\/\/chilimag.hu\/webshop\/wp-json\/wp\/v2\/product_cat?post=24026"},{"taxonomy":"product_tag","embeddable":true,"href":"https:\/\/chilimag.hu\/webshop\/wp-json\/wp\/v2\/product_tag?post=24026"}],"curies":[{"name":"wp","href":"https:\/\/api.w.org\/{rel}","templated":true}]}}