{"id":24024,"date":"2023-04-08T10:06:11","date_gmt":"2023-04-08T10:06:11","guid":{"rendered":"https:\/\/chilimag.hu\/webshop\/?post_type=product&#038;p=24024"},"modified":"2026-03-05T11:07:40","modified_gmt":"2026-03-05T11:07:40","slug":"sargadinnye-pobeditel-florian-bg","status":"publish","type":"product","link":"https:\/\/chilimag.hu\/webshop\/termek\/sargadinnye-pobeditel-florian-bg\/","title":{"rendered":"S\u00e1rgadinnye Pobeditel  Florian Bg"},"content":{"rendered":"","protected":false},"excerpt":{"rendered":"<p><img decoding=\"async\" class=\"img-inline\" src=\"https:\/\/brcci.eu\/cache\/thumbnails\/12ecd0e6e419f1b9b1484ef02ad361979dd8e054\/1a6c5e1406ad462ca86d17b2800862d7f837862c-829875ad0a268b741b7edd818ffce098.png\" alt=\"FLORIAN OOD\" \/><\/p>\n<p>Pobeditel F1 s\u00e1rga bolg\u00e1r \u00a0Florian<\/p>\n<p>M\u0171szaki adatok:<br \/>\nA magvak elvet\u00e9se \u00e1prilis 10-25<br \/>\nM\u00e9lys\u00e9g &#8211; 3-5 cm<br \/>\nVet\u00e9s &#8211; \u00e1prilist\u00f3l kezd\u0151d\u0151en<br \/>\nVet\u0151mennyis\u00e9g &#8211; 250-350 gramm\/10 aras<br \/>\nTermeszt\u00e9s \u00fcvegh\u00e1zakban \u00e9s szabadban<br \/>\nA veget\u00e1ci\u00f3s peri\u00f3dus k\u00f6r\u00fclbel\u00fcl 85-90 nap, azaz a gy\u00fcm\u00f6lcs\u00f6k veget\u00e1ci\u00f3s peri\u00f3dusa 5-7 nappal hosszabb, mint a Hybrid 1 F1-\u00e9.<br \/>\nBetegs\u00e9grezisztencia &#8211; ellen\u00e1ll a lisztharmatnak, tolerancia \u00e9s nagy ellen\u00e1ll\u00e1s a man\u00e1val szemben.<br \/>\nJ\u00f3 a sz\u00e1ll\u00edt\u00e1si ellen\u00e1ll\u00e1sa \u00e9s nagyon j\u00f3 a marketing sz\u00e1m\u00e1ra.<br \/>\nGy\u00fcm\u00f6lcs jellemz\u0151k:<br \/>\nGy\u00fcm\u00f6lcsei k\u00f6zepes \u00e9s nagy m\u00e9ret\u0171ek, 2-3 kg t\u00f6meg\u0171ek, ov\u00e1lis alak\u00faak, j\u00f3l tagol\u00f3dnak.<br \/>\nA k\u00e9reg t\u00f6m\u00f6r, sima, s\u00e1rga, teljesen finom h\u00e1l\u00f3zattal bor\u00edtott.<br \/>\nA p\u00e9p narancss\u00e1rga, l\u00e1gy, l\u00e9d\u00fas \u00e1llag\u00fa, nagyon j\u00f3 \u00edz\u0171 \u00e9s kiv\u00e1l\u00f3 arom\u00e1j\u00fa. K\u00f6nnyen sz\u00e1ll\u00edthat\u00f3k.<br \/>\nA n\u00f6v\u00e9ny specifik\u00e1ci\u00f3i:<br \/>\nA n\u00f6v\u00e9ny kiv\u00e1l\u00f3 \u00e9leter\u0151vel, buja n\u00f6veked\u00e9ssel, gazdag lombozattal \u00e9s sok oldals\u00f3 sz\u00e1rral rendelkezik.<br \/>\nA sz\u00e1rak hossza 1,8-2,30 m.<br \/>\nLevelei nagyok, k\u00f6z\u00e9ps\u0151 r\u00e9sz\u00fck enyh\u00e9n kit\u00e1gult, s\u00f6t\u00e9tz\u00f6ld sz\u00edn\u0171ek.<br \/>\n\u00c1ltal\u00e1noss\u00e1gok:<br \/>\nTartalom 25-30 mag\/gramm<br \/>\nCsomag s\u00falya 5\/10\/10 gramm<br \/>\n\u00c1prilis \u00fcltet\u00e9s<br \/>\nSz\u00fcret j\u00falius<br \/>\nVeget\u00e1ci\u00f3ja 85-90 nap<\/p>\n<p>A csomag 1 gram magot tartalmaz<\/p>\n","protected":false},"featured_media":24025,"comment_status":"closed","ping_status":"closed","template":"","meta":[],"product_brand":[],"product_cat":[373],"product_tag":[],"class_list":{"0":"post-24024","1":"product","2":"type-product","3":"status-publish","4":"has-post-thumbnail","6":"product_cat-dinnye-es-tok-vetomagok-bolgar-florian-vetomagok","8":"first","9":"instock","10":"taxable","11":"shipping-taxable","12":"purchasable","13":"product-type-simple"},"_links":{"self":[{"href":"https:\/\/chilimag.hu\/webshop\/wp-json\/wp\/v2\/product\/24024","targetHints":{"allow":["GET"]}}],"collection":[{"href":"https:\/\/chilimag.hu\/webshop\/wp-json\/wp\/v2\/product"}],"about":[{"href":"https:\/\/chilimag.hu\/webshop\/wp-json\/wp\/v2\/types\/product"}],"replies":[{"embeddable":true,"href":"https:\/\/chilimag.hu\/webshop\/wp-json\/wp\/v2\/comments?post=24024"}],"wp:featuredmedia":[{"embeddable":true,"href":"https:\/\/chilimag.hu\/webshop\/wp-json\/wp\/v2\/media\/24025"}],"wp:attachment":[{"href":"https:\/\/chilimag.hu\/webshop\/wp-json\/wp\/v2\/media?parent=24024"}],"wp:term":[{"taxonomy":"product_brand","embeddable":true,"href":"https:\/\/chilimag.hu\/webshop\/wp-json\/wp\/v2\/product_brand?post=24024"},{"taxonomy":"product_cat","embeddable":true,"href":"https:\/\/chilimag.hu\/webshop\/wp-json\/wp\/v2\/product_cat?post=24024"},{"taxonomy":"product_tag","embeddable":true,"href":"https:\/\/chilimag.hu\/webshop\/wp-json\/wp\/v2\/product_tag?post=24024"}],"curies":[{"name":"wp","href":"https:\/\/api.w.org\/{rel}","templated":true}]}}