{"id":24021,"date":"2023-04-08T10:00:54","date_gmt":"2023-04-08T10:00:54","guid":{"rendered":"https:\/\/chilimag.hu\/webshop\/?post_type=product&#038;p=24021"},"modified":"2026-02-13T15:24:12","modified_gmt":"2026-02-13T15:24:12","slug":"sargadinnye-hibrid-1-f1-florian-bg","status":"publish","type":"product","link":"https:\/\/chilimag.hu\/webshop\/termek\/sargadinnye-hibrid-1-f1-florian-bg\/","title":{"rendered":"S\u00e1rgadinnye Hibrid 1 F1 Florian Bg"},"content":{"rendered":"","protected":false},"excerpt":{"rendered":"<p><img decoding=\"async\" class=\"img-inline\" src=\"https:\/\/brcci.eu\/cache\/thumbnails\/12ecd0e6e419f1b9b1484ef02ad361979dd8e054\/1a6c5e1406ad462ca86d17b2800862d7f837862c-829875ad0a268b741b7edd818ffce098.png\" alt=\"FLORIAN OOD\" \/><\/p>\n<p>Hibrid 1 F1 Professzion\u00e1lis bolg\u00e1r s\u00e1rgadinnyemag, Fl\u00f3ri\u00e1n<\/p>\n<p>M\u0171szaki adatok:<br \/>\nKorai hibrid fajta k\u00fclt\u00e9ri \u00e9s \u00fcvegh\u00e1zi termeszt\u00e9sre.<br \/>\nM\u00e9lys\u00e9g &#8211; 3-6 cm<br \/>\nVet\u00e9s &#8211; \u00e1prilist\u00f3l kezd\u0151d\u0151en<br \/>\nVet\u0151mennyis\u00e9g &#8211; 200-300 gramm\/10 aras<br \/>\nTerm\u0151k\u00e9pess\u00e9g &#8211; hozam 2,5 &#8211; 3,5 tonna\/10 \u00e1r<br \/>\nA veget\u00e1ci\u00f3s id\u0151szak k\u00f6r\u00fclbel\u00fcl 75-80 nap. Vagyis a gy\u00fcm\u00f6lcs\u00f6k 5-10 nappal r\u00f6videbb veget\u00e1ci\u00f3s peri\u00f3dus\u00faak (korai), mint a Pobeditel 1 F1.<br \/>\nSz\u00e1ll\u00edt\u00e1s\u00e1ll\u00f3 \u00e9s forgalomba hozatalra alkalmas.<br \/>\nGy\u00fcm\u00f6lcs jellemz\u0151k:<br \/>\nA gy\u00fcm\u00f6lcs\u00f6k hossz\u00fak\u00e1s, ov\u00e1lis alak\u00faak, aranys\u00e1rga h\u00e9j\u00fa, nagyon j\u00f3 \u00edz\u0171 szeletekre tagol\u00f3dnak.<br \/>\nFriss fogyaszt\u00e1sra alkalmas.<br \/>\nH\u00fasa \u00e9s \u00edze &#8211; viszonylag vastag, \u00e9l\u00e9nk s\u00e1rga-narancss\u00e1rga, enyh\u00e9n lisztes \u00e1llag\u00fa. \u00cdzletes \u00e9s nagyon er\u0151s illat\u00fa. A gy\u00fcm\u00f6lcs\u00f6k viszonylag nagyok, 2-3 kg.<br \/>\nA n\u00f6v\u00e9ny specifik\u00e1ci\u00f3i:<br \/>\nN\u00f6v\u00e9nyek &#8211; er\u0151teljes, m\u00e9rs\u00e9kelt n\u00f6veked\u00e9s\u0171 \u00e9s j\u00f3 lombozat\u00fa, egylaki egylaki vir\u00e1gokkal.<br \/>\nA sz\u00e1r hossza 1,8-2,2 m.<br \/>\nA levelek k\u00f6zepes m\u00e9ret\u0171ek, enyh\u00e9n v\u00e1gottak, s\u00f6t\u00e9tz\u00f6ld sz\u00edn\u0171ek.<br \/>\n\u00c1ltal\u00e1noss\u00e1gok:<br \/>\nTartalom kb. 19 mag\/gramm<br \/>\n\u00c1prilis \u00fcltet\u00e9s<br \/>\nSz\u00fcret j\u00falius-augusztus<br \/>\nVeget\u00e1ci\u00f3ja 75-80 nap<\/p>\n<p>A csomag 1 gram magot tartalmaz<\/p>\n","protected":false},"featured_media":24022,"comment_status":"closed","ping_status":"closed","template":"","meta":[],"product_brand":[],"product_cat":[373],"product_tag":[],"class_list":{"0":"post-24021","1":"product","2":"type-product","3":"status-publish","4":"has-post-thumbnail","6":"product_cat-dinnye-es-tok-vetomagok-bolgar-florian-vetomagok","8":"first","9":"instock","10":"taxable","11":"shipping-taxable","12":"purchasable","13":"product-type-simple"},"_links":{"self":[{"href":"https:\/\/chilimag.hu\/webshop\/wp-json\/wp\/v2\/product\/24021","targetHints":{"allow":["GET"]}}],"collection":[{"href":"https:\/\/chilimag.hu\/webshop\/wp-json\/wp\/v2\/product"}],"about":[{"href":"https:\/\/chilimag.hu\/webshop\/wp-json\/wp\/v2\/types\/product"}],"replies":[{"embeddable":true,"href":"https:\/\/chilimag.hu\/webshop\/wp-json\/wp\/v2\/comments?post=24021"}],"wp:featuredmedia":[{"embeddable":true,"href":"https:\/\/chilimag.hu\/webshop\/wp-json\/wp\/v2\/media\/24022"}],"wp:attachment":[{"href":"https:\/\/chilimag.hu\/webshop\/wp-json\/wp\/v2\/media?parent=24021"}],"wp:term":[{"taxonomy":"product_brand","embeddable":true,"href":"https:\/\/chilimag.hu\/webshop\/wp-json\/wp\/v2\/product_brand?post=24021"},{"taxonomy":"product_cat","embeddable":true,"href":"https:\/\/chilimag.hu\/webshop\/wp-json\/wp\/v2\/product_cat?post=24021"},{"taxonomy":"product_tag","embeddable":true,"href":"https:\/\/chilimag.hu\/webshop\/wp-json\/wp\/v2\/product_tag?post=24021"}],"curies":[{"name":"wp","href":"https:\/\/api.w.org\/{rel}","templated":true}]}}