{"id":24018,"date":"2023-04-08T09:56:25","date_gmt":"2023-04-08T09:56:25","guid":{"rendered":"https:\/\/chilimag.hu\/webshop\/?post_type=product&#038;p=24018"},"modified":"2026-02-06T10:02:37","modified_gmt":"2026-02-06T10:02:37","slug":"sargadinnye-gladiator-f1-profy-gold-florian-bg","status":"publish","type":"product","link":"https:\/\/chilimag.hu\/webshop\/termek\/sargadinnye-gladiator-f1-profy-gold-florian-bg\/","title":{"rendered":"S\u00e1rgadinnye Gladiator F1 Profy Gold Florian Bg"},"content":{"rendered":"","protected":false},"excerpt":{"rendered":"<p><img decoding=\"async\" class=\"img-inline\" src=\"https:\/\/brcci.eu\/cache\/thumbnails\/12ecd0e6e419f1b9b1484ef02ad361979dd8e054\/1a6c5e1406ad462ca86d17b2800862d7f837862c-829875ad0a268b741b7edd818ffce098.png\" alt=\"FLORIAN OOD\" \/><\/p>\n<p>Gladiator F1 &#8211; \u00daJ Floriant\u00f3l<\/p>\n<p>Gladiator F1 bolg\u00e1r szeletelt dinnyemag, f\u00e9lkorai, gy\u00fcm\u00f6lcs 3,5-4 kg, Florian Bulgaria<\/p>\n<p>\u00daj dinnye hibrid, kiv\u00e9teles \u00edzzel, arom\u00e1val \u00e9s \u00e1llaggal.<br \/>\nAz \u00faj bolg\u00e1r dinnye v\u00e1laszt\u00e9k Fl\u00f3ri\u00e1nt\u00f3l. Alkalmas tavaszi-ny\u00e1ri, ny\u00e1ri \u00e9s ny\u00e1ri-\u0151szi termeszt\u00e9sre. A n\u00f6v\u00e9nyek nagyon er\u0151sek, nagy s\u00f6t\u00e9tz\u00f6ld levelekkel, rendk\u00edv\u00fcl \u00e9l\u00e9nkek, nagyon magas term\u00e9shozam\u00faak \u00e9s nagyon nagy term\u00e9sek. Gy\u00fcm\u00f6lcsei narancss\u00e1rga sz\u00edn\u0171ek, sz\u00e9lesen elliptikusak, gyeng\u00e9n bord\u00e1zottak, finom h\u00e1l\u00f3zattal bor\u00edtottak, reped\u00e9smentesek, nagyon nagyok, el\u00e9rik a 4 kg-ot. A p\u00e9p narancss\u00e1rga, l\u00e9d\u00fas, \u00e9des \u00e9s arom\u00e1s, kiv\u00e1l\u00f3 \u00e1llag\u00fa. A v\u00e9gterm\u00e9k kiv\u00e1l\u00f3 kereskedelmi megjelen\u00e9s\u0171, nagy tart\u00f3ss\u00e1ggal, nagy sz\u00e1ll\u00edt\u00e1si ellen\u00e1ll\u00e1ssal, reped\u00e9smentess\u00e9ggel, nagyon j\u00f3 \u00edzmin\u0151s\u00e9ggel p\u00e1rosul. Alkalmas polietil\u00e9n \u00fcvegh\u00e1zakban \u00e9s szabadban t\u00f6rt\u00e9n\u0151 termeszt\u00e9sre. Veget\u00e1ci\u00f3s id\u0151szak 80-85 nap.<\/p>\n<p>A csomag 1 gram magot tartalmaz<\/p>\n","protected":false},"featured_media":24019,"comment_status":"closed","ping_status":"closed","template":"","meta":[],"product_brand":[],"product_cat":[373],"product_tag":[],"class_list":{"0":"post-24018","1":"product","2":"type-product","3":"status-publish","4":"has-post-thumbnail","6":"product_cat-dinnye-es-tok-vetomagok-bolgar-florian-vetomagok","8":"first","9":"instock","10":"taxable","11":"shipping-taxable","12":"purchasable","13":"product-type-simple"},"_links":{"self":[{"href":"https:\/\/chilimag.hu\/webshop\/wp-json\/wp\/v2\/product\/24018","targetHints":{"allow":["GET"]}}],"collection":[{"href":"https:\/\/chilimag.hu\/webshop\/wp-json\/wp\/v2\/product"}],"about":[{"href":"https:\/\/chilimag.hu\/webshop\/wp-json\/wp\/v2\/types\/product"}],"replies":[{"embeddable":true,"href":"https:\/\/chilimag.hu\/webshop\/wp-json\/wp\/v2\/comments?post=24018"}],"wp:featuredmedia":[{"embeddable":true,"href":"https:\/\/chilimag.hu\/webshop\/wp-json\/wp\/v2\/media\/24019"}],"wp:attachment":[{"href":"https:\/\/chilimag.hu\/webshop\/wp-json\/wp\/v2\/media?parent=24018"}],"wp:term":[{"taxonomy":"product_brand","embeddable":true,"href":"https:\/\/chilimag.hu\/webshop\/wp-json\/wp\/v2\/product_brand?post=24018"},{"taxonomy":"product_cat","embeddable":true,"href":"https:\/\/chilimag.hu\/webshop\/wp-json\/wp\/v2\/product_cat?post=24018"},{"taxonomy":"product_tag","embeddable":true,"href":"https:\/\/chilimag.hu\/webshop\/wp-json\/wp\/v2\/product_tag?post=24018"}],"curies":[{"name":"wp","href":"https:\/\/api.w.org\/{rel}","templated":true}]}}