{"id":24008,"date":"2023-04-08T07:01:37","date_gmt":"2023-04-08T07:01:37","guid":{"rendered":"https:\/\/chilimag.hu\/webshop\/?post_type=product&#038;p=24008"},"modified":"2026-03-13T06:30:25","modified_gmt":"2026-03-13T06:30:25","slug":"sargadinnye-sladina-f1-profy-gold-florian-bg","status":"publish","type":"product","link":"https:\/\/chilimag.hu\/webshop\/termek\/sargadinnye-sladina-f1-profy-gold-florian-bg\/","title":{"rendered":"S\u00e1rgadinnye Sladina F1 Profy Gold Florian Bg"},"content":{"rendered":"","protected":false},"excerpt":{"rendered":"<p><img decoding=\"async\" class=\"img-inline\" src=\"https:\/\/brcci.eu\/cache\/thumbnails\/12ecd0e6e419f1b9b1484ef02ad361979dd8e054\/1a6c5e1406ad462ca86d17b2800862d7f837862c-829875ad0a268b741b7edd818ffce098.png\" alt=\"FLORIAN OOD\" \/><\/p>\n<p>Melon Sweet F1 (Sladina F1) anan\u00e1sz t\u00edpus\u00fa mag narancsmaggal, Florian<\/p>\n<p>\u00dajfajta bolg\u00e1r dinnye &#8211; Fl\u00f3ri\u00e1n v\u00e1logat\u00e1s. Kora-k\u00f6z\u00e9p-korai hibrid. Tavaszt\u00f3l \u0151szig termeszthet\u0151. A n\u00f6v\u00e9ny nagyon l\u00e9tfontoss\u00e1g\u00fa \u00e9s k\u00e9pl\u00e9keny, gyors l\u00e9trehoz\u00e1sa jellemzi. Gy\u00fcm\u00f6lcsei k\u00f6zepesek vagy nagyok, 3-3,5 kg t\u00f6meg\u0171ek, egyforma m\u00e9ret\u0171ek, kiv\u00e1l\u00f3 s\u0171r\u0171 anan\u00e1szh\u00e1l\u00f3zattal, er\u0151sek, de finomak, hossz\u00fak\u00e1s ellipszis alak\u00faak, szinte sima fal\u00faak.<br \/>\n\u00c9rett \u00e1llapotban a k\u00e9reg sz\u00edne s\u00f6t\u00e9ts\u00e1rga, r\u00e9zv\u00f6r\u00f6s \u00e1rnyalattal. A p\u00e9p narancss\u00e1rg\u00e1v\u00e1 v\u00e1lik, ropog\u00f3s \u00e1llag\u00fa, illatos \u00e9s rendk\u00edv\u00fcl \u00e9des, jellegzetes bolg\u00e1r \u00edzzel. A k\u00e9reg nyom\u00e1s alatt nagyon kem\u00e9ny, sz\u00e1ll\u00edt\u00e1s k\u00f6zbeni mechanikai s\u00e9r\u00fcl\u00e9sek nyomai n\u00e9lk\u00fcl. A fajta kiv\u00e1l\u00f3an \u00f6tv\u00f6zi a csod\u00e1latra m\u00e9lt\u00f3 kereskedelmi megjelen\u00e9st a s\u0171r\u0171, finom \u00e9s er\u0151s Anan\u00e1sz t\u00edpus\u00fa h\u00e1l\u00f3zattal, kiv\u00e1l\u00f3 sz\u00e1ll\u00edthat\u00f3s\u00e1ggal \u00e9s a bolg\u00e1r dinny\u00e9re jellemz\u0151 egyedi \u00edzzel. Alkalmas polietil\u00e9n \u00fcvegh\u00e1zakban \u00e9s szabadban t\u00f6rt\u00e9n\u0151 termeszt\u00e9sre. Veget\u00e1ci\u00f3s id\u0151szak 70-80 nap.<\/p>\n<p>A csomag 1 gram magot tartalmaz<\/p>\n","protected":false},"featured_media":24009,"comment_status":"closed","ping_status":"closed","template":"","meta":[],"product_brand":[],"product_cat":[373],"product_tag":[],"class_list":{"0":"post-24008","1":"product","2":"type-product","3":"status-publish","4":"has-post-thumbnail","6":"product_cat-dinnye-es-tok-vetomagok-bolgar-florian-vetomagok","8":"first","9":"instock","10":"taxable","11":"shipping-taxable","12":"purchasable","13":"product-type-simple"},"_links":{"self":[{"href":"https:\/\/chilimag.hu\/webshop\/wp-json\/wp\/v2\/product\/24008","targetHints":{"allow":["GET"]}}],"collection":[{"href":"https:\/\/chilimag.hu\/webshop\/wp-json\/wp\/v2\/product"}],"about":[{"href":"https:\/\/chilimag.hu\/webshop\/wp-json\/wp\/v2\/types\/product"}],"replies":[{"embeddable":true,"href":"https:\/\/chilimag.hu\/webshop\/wp-json\/wp\/v2\/comments?post=24008"}],"wp:featuredmedia":[{"embeddable":true,"href":"https:\/\/chilimag.hu\/webshop\/wp-json\/wp\/v2\/media\/24009"}],"wp:attachment":[{"href":"https:\/\/chilimag.hu\/webshop\/wp-json\/wp\/v2\/media?parent=24008"}],"wp:term":[{"taxonomy":"product_brand","embeddable":true,"href":"https:\/\/chilimag.hu\/webshop\/wp-json\/wp\/v2\/product_brand?post=24008"},{"taxonomy":"product_cat","embeddable":true,"href":"https:\/\/chilimag.hu\/webshop\/wp-json\/wp\/v2\/product_cat?post=24008"},{"taxonomy":"product_tag","embeddable":true,"href":"https:\/\/chilimag.hu\/webshop\/wp-json\/wp\/v2\/product_tag?post=24008"}],"curies":[{"name":"wp","href":"https:\/\/api.w.org\/{rel}","templated":true}]}}