{"id":24005,"date":"2023-04-08T06:58:14","date_gmt":"2023-04-08T06:58:14","guid":{"rendered":"https:\/\/chilimag.hu\/webshop\/?post_type=product&#038;p=24005"},"modified":"2026-02-01T12:05:56","modified_gmt":"2026-02-01T12:05:56","slug":"sargadinnye-eleksir-f1-profy-gold-florian-bg","status":"publish","type":"product","link":"https:\/\/chilimag.hu\/webshop\/termek\/sargadinnye-eleksir-f1-profy-gold-florian-bg\/","title":{"rendered":"S\u00e1rgadinnye Eleksir F1 Profy Gold Florian Bg"},"content":{"rendered":"","protected":false},"excerpt":{"rendered":"<div class=\"elementor-element elementor-element-2bf5bbaa elementor-widget elementor-widget-woocommerce-product-short-description\" data-id=\"2bf5bbaa\" data-element_type=\"widget\" data-widget_type=\"woocommerce-product-short-description.default\">\n<div class=\"elementor-widget-container\">\n<div class=\"woocommerce-product-details__short-description\">\n<p><img decoding=\"async\" class=\"img-inline\" src=\"https:\/\/brcci.eu\/cache\/thumbnails\/12ecd0e6e419f1b9b1484ef02ad361979dd8e054\/1a6c5e1406ad462ca86d17b2800862d7f837862c-829875ad0a268b741b7edd818ffce098.png\" alt=\"FLORIAN OOD\" \/><\/p>\n<p>Dinnye Eleksir F1 nagyon l\u00e9d\u00fas maggal \u00e9s kiv\u00e1l\u00f3 \u00e1llaggal, Florian<\/p>\n<p>\u00dajfajta bolg\u00e1r dinnye \u2013 Fl\u00f3ri\u00e1n v\u00e1logat\u00e1s. Kora-k\u00f6z\u00e9p-korai hibrid. Alkalmas tavaszi-ny\u00e1ri, ny\u00e1ri \u00e9s ny\u00e1ri-\u0151szi termeszt\u00e9sre. A n\u00f6v\u00e9nyek nagyon er\u0151sek \u00e9s \u00e9leter\u0151sek, nagy, s\u00f6t\u00e9tz\u00f6ld levelekkel. Gy\u00fcm\u00f6lcsei k\u00f6zepesek \u00e9s nagyok, 3-4 kg t\u00f6meg\u0171ek, a s\u00e1rgadinnye elliptikus alak\u00fa, finom h\u00e1l\u00f3zattal, enyh\u00e9n mark\u00e1ns bar\u00e1zd\u00e1kkal. \u00c9rett \u00e1llapotban a sz\u00edne s\u00e1rg\u00e1s-narancss\u00e1rga lesz. A p\u00e9p vil\u00e1gos narancss\u00e1rga, ropog\u00f3s, szemcs\u00e9s \u00e1llag\u00fa, rendk\u00edv\u00fcl \u00e9des \u00e9s \u00edzletes, a dinnye jellegzetes bolg\u00e1r arom\u00e1j\u00e1val. Szed\u00e9s ut\u00e1n a gy\u00fcm\u00f6lcs\u00f6k k\u00fcl\u00f6n\u00f6sen tart\u00f3sak, mechanikai nyom\u00e1s alatt nagyon kem\u00e9nyek, ami meghat\u00e1rozza kiv\u00e1l\u00f3 sz\u00e1ll\u00edthat\u00f3s\u00e1gukat. Alkalmas polietil\u00e9n \u00fcvegh\u00e1zakban \u00e9s szabadban t\u00f6rt\u00e9n\u0151 termeszt\u00e9sre. Veget\u00e1ci\u00f3s id\u0151szak 70-80 nap.<\/p>\n<p>A csomag 1 gram magot tartalmaz<\/p>\n<\/div>\n<\/div>\n<\/div>\n<p>Dinnye Eleksir F1 nagyon l\u00e9d\u00fas maggal \u00e9s kiv\u00e1l\u00f3 \u00e1llaggal, Florian<\/p>\n<p>\u00dajfajta bolg\u00e1r dinnye &#8211; Fl\u00f3ri\u00e1n v\u00e1logat\u00e1s. Kora-k\u00f6z\u00e9p-korai hibrid. Alkalmas tavaszi-ny\u00e1ri, ny\u00e1ri \u00e9s ny\u00e1ri-\u0151szi termeszt\u00e9sre. A n\u00f6v\u00e9nyek nagyon er\u0151sek \u00e9s \u00e9leter\u0151sek, nagy, s\u00f6t\u00e9tz\u00f6ld levelekkel. Gy\u00fcm\u00f6lcsei k\u00f6zepesek \u00e9s nagyok, 3-4 kg t\u00f6meg\u0171ek, a s\u00e1rgadinnye elliptikus alak\u00fa, finom h\u00e1l\u00f3zattal, enyh\u00e9n mark\u00e1ns bar\u00e1zd\u00e1kkal. \u00c9rett \u00e1llapotban a sz\u00edne s\u00e1rg\u00e1s-narancss\u00e1rga lesz. A p\u00e9p vil\u00e1gos narancss\u00e1rga, ropog\u00f3s, szemcs\u00e9s \u00e1llag\u00fa, rendk\u00edv\u00fcl \u00e9des \u00e9s \u00edzletes, a dinnye jellegzetes bolg\u00e1r arom\u00e1j\u00e1val. Szed\u00e9s ut\u00e1n a gy\u00fcm\u00f6lcs\u00f6k k\u00fcl\u00f6n\u00f6sen tart\u00f3sak, mechanikai nyom\u00e1s alatt nagyon kem\u00e9nyek, ami meghat\u00e1rozza kiv\u00e1l\u00f3 sz\u00e1ll\u00edthat\u00f3s\u00e1gukat. Alkalmas polietil\u00e9n \u00fcvegh\u00e1zakban \u00e9s szabadban t\u00f6rt\u00e9n\u0151 termeszt\u00e9sre. Veget\u00e1ci\u00f3s id\u0151szak 70-80 nap.<\/p>\n<p>A csomag 1 gram magot tartalmaz<\/p>\n","protected":false},"featured_media":24006,"comment_status":"closed","ping_status":"closed","template":"","meta":[],"product_brand":[],"product_cat":[373],"product_tag":[],"class_list":{"0":"post-24005","1":"product","2":"type-product","3":"status-publish","4":"has-post-thumbnail","6":"product_cat-dinnye-es-tok-vetomagok-bolgar-florian-vetomagok","8":"first","9":"instock","10":"taxable","11":"shipping-taxable","12":"purchasable","13":"product-type-simple"},"_links":{"self":[{"href":"https:\/\/chilimag.hu\/webshop\/wp-json\/wp\/v2\/product\/24005","targetHints":{"allow":["GET"]}}],"collection":[{"href":"https:\/\/chilimag.hu\/webshop\/wp-json\/wp\/v2\/product"}],"about":[{"href":"https:\/\/chilimag.hu\/webshop\/wp-json\/wp\/v2\/types\/product"}],"replies":[{"embeddable":true,"href":"https:\/\/chilimag.hu\/webshop\/wp-json\/wp\/v2\/comments?post=24005"}],"wp:featuredmedia":[{"embeddable":true,"href":"https:\/\/chilimag.hu\/webshop\/wp-json\/wp\/v2\/media\/24006"}],"wp:attachment":[{"href":"https:\/\/chilimag.hu\/webshop\/wp-json\/wp\/v2\/media?parent=24005"}],"wp:term":[{"taxonomy":"product_brand","embeddable":true,"href":"https:\/\/chilimag.hu\/webshop\/wp-json\/wp\/v2\/product_brand?post=24005"},{"taxonomy":"product_cat","embeddable":true,"href":"https:\/\/chilimag.hu\/webshop\/wp-json\/wp\/v2\/product_cat?post=24005"},{"taxonomy":"product_tag","embeddable":true,"href":"https:\/\/chilimag.hu\/webshop\/wp-json\/wp\/v2\/product_tag?post=24005"}],"curies":[{"name":"wp","href":"https:\/\/api.w.org\/{rel}","templated":true}]}}