{"id":24002,"date":"2023-04-08T06:54:02","date_gmt":"2023-04-08T06:54:02","guid":{"rendered":"https:\/\/chilimag.hu\/webshop\/?post_type=product&#038;p=24002"},"modified":"2026-04-24T09:16:26","modified_gmt":"2026-04-24T09:16:26","slug":"gorogdinnye-zloty-wolici-f1-florian-bg","status":"publish","type":"product","link":"https:\/\/chilimag.hu\/webshop\/termek\/gorogdinnye-zloty-wolici-f1-florian-bg\/","title":{"rendered":"G\u00f6r\u00f6gdinnye Zloto Wolici F1 Florian Bg"},"content":{"rendered":"","protected":false},"excerpt":{"rendered":"<p><img decoding=\"async\" class=\"img-inline\" src=\"https:\/\/brcci.eu\/cache\/thumbnails\/12ecd0e6e419f1b9b1484ef02ad361979dd8e054\/1a6c5e1406ad462ca86d17b2800862d7f837862c-829875ad0a268b741b7edd818ffce098.png\" alt=\"FLORIAN OOD\" \/><\/p>\n<p>Korai g\u00f6r\u00f6gdinnye hibrid citroms\u00e1rga h\u00e9jjal, piros maggal, kerek term\u00e9sform\u00e1val, s\u00falya 2,5-3,5 kg. H\u00fasa kem\u00e9ny, \u00e9des, l\u00e9d\u00fass\u00e1ga nagyon finom. A korai termeszt\u00e9shez a pal\u00e1nt\u00e1kat fedett helyen termesztik, majd m\u00e1jusban \u00fcltetik ki a sz\u00e1nt\u00f3f\u00f6ldre. K\u00e9z\u00e1ll\u00f3 hibrid.<\/p>\n<p>Magok sz\u00e1ma csomagonk\u00e9nt: 20 mag (1 gr)<\/p>\n<p>G\u00f6r\u00f6gdinnye magok Zloto Wolici F1 &#8211; 12-25 sem<br \/>\nA hibrid \u00e9r\u00e9se nagyon korai. A Zloto Wolici s\u00e1rga h\u00e9j\u00fa, nagy, g\u00f6mb alak\u00fa \u00e9s v\u00e9kony h\u00e9j\u00fa dinny\u00e9t k\u00edn\u00e1l.<br \/>\nA g\u00f6r\u00f6gdinnye s\u00e1rga, mint a citrom, v\u00f6r\u00f6ses maggal, l\u00e9d\u00fas \u00e9s nagyon \u00e9des.<\/p>\n<p>A veget\u00e1ci\u00f3s id\u0151szak 130-150 nap.<\/p>\n<p>A s\u00e1rga h\u00e9j\u00fa g\u00f6r\u00f6gdinnye jellemz\u0151i &#8211; Zloto Wolici F1<br \/>\nT\u00edpus: g\u00f6r\u00f6gdinnye;<\/p>\n<p>A fajta sz\u00e1rmaz\u00e1sa: Lengyelorsz\u00e1g;<\/p>\n<p>S\u00faly: 4-5 kg;<\/p>\n<p>A csomag 1 gram magot tartalmaz<\/p>\n","protected":false},"featured_media":24003,"comment_status":"closed","ping_status":"closed","template":"","meta":[],"product_brand":[],"product_cat":[373],"product_tag":[],"class_list":{"0":"post-24002","1":"product","2":"type-product","3":"status-publish","4":"has-post-thumbnail","6":"product_cat-dinnye-es-tok-vetomagok-bolgar-florian-vetomagok","8":"first","9":"instock","10":"taxable","11":"shipping-taxable","12":"purchasable","13":"product-type-simple"},"_links":{"self":[{"href":"https:\/\/chilimag.hu\/webshop\/wp-json\/wp\/v2\/product\/24002","targetHints":{"allow":["GET"]}}],"collection":[{"href":"https:\/\/chilimag.hu\/webshop\/wp-json\/wp\/v2\/product"}],"about":[{"href":"https:\/\/chilimag.hu\/webshop\/wp-json\/wp\/v2\/types\/product"}],"replies":[{"embeddable":true,"href":"https:\/\/chilimag.hu\/webshop\/wp-json\/wp\/v2\/comments?post=24002"}],"wp:featuredmedia":[{"embeddable":true,"href":"https:\/\/chilimag.hu\/webshop\/wp-json\/wp\/v2\/media\/24003"}],"wp:attachment":[{"href":"https:\/\/chilimag.hu\/webshop\/wp-json\/wp\/v2\/media?parent=24002"}],"wp:term":[{"taxonomy":"product_brand","embeddable":true,"href":"https:\/\/chilimag.hu\/webshop\/wp-json\/wp\/v2\/product_brand?post=24002"},{"taxonomy":"product_cat","embeddable":true,"href":"https:\/\/chilimag.hu\/webshop\/wp-json\/wp\/v2\/product_cat?post=24002"},{"taxonomy":"product_tag","embeddable":true,"href":"https:\/\/chilimag.hu\/webshop\/wp-json\/wp\/v2\/product_tag?post=24002"}],"curies":[{"name":"wp","href":"https:\/\/api.w.org\/{rel}","templated":true}]}}