{"id":23999,"date":"2023-04-08T06:49:52","date_gmt":"2023-04-08T06:49:52","guid":{"rendered":"https:\/\/chilimag.hu\/webshop\/?post_type=product&#038;p=23999"},"modified":"2026-03-05T11:07:40","modified_gmt":"2026-03-05T11:07:40","slug":"gorogdinnye-janosik-florian-bg","status":"publish","type":"product","link":"https:\/\/chilimag.hu\/webshop\/termek\/gorogdinnye-janosik-florian-bg\/","title":{"rendered":"G\u00f6r\u00f6gdinnye Janosik Florian Bg"},"content":{"rendered":"","protected":false},"excerpt":{"rendered":"<h1 class=\"product_title entry-title elementor-heading-title elementor-size-default\"><img decoding=\"async\" class=\"img-inline\" src=\"https:\/\/brcci.eu\/cache\/thumbnails\/12ecd0e6e419f1b9b1484ef02ad361979dd8e054\/1a6c5e1406ad462ca86d17b2800862d7f837862c-829875ad0a268b741b7edd818ffce098.png\" alt=\"FLORIAN OOD\" \/><\/h1>\n<p>Sz\u00e1nt\u00f3f\u00f6ldi \u00e9s polietil\u00e9n alag\u00fatban termeszt\u00e9sre sz\u00e1nt, f\u00e9lkorai lengyel fajta v\u00f6r\u00f6s dinnye Term\u00e9sei nagyok, kerekek, \u00e1tlagos t\u00f6mege 3,5-5,5 kg A p\u00e9p s\u00e1rga, ropog\u00f3s, \u00e9des, kev\u00e9s maggal Veget\u00e1ci\u00f3s id\u0151szak 68-75 nap.<\/p>\n<p>A magvakat \u00e1prilis 15-30.<\/p>\n<p>A f\u00e9szkekbe vet\u00e9st 2 m\u00e9teres m\u00e9lys\u00e9gben a sorok k\u00f6z\u00f6tt \u00e9s 80-100 cm-es n\u00f6v\u00e9nyek k\u00f6z\u00f6tt alkalmazz\u00e1k.<\/p>\n<p>Magok mennyis\u00e9ge zs\u00e1konk\u00e9nt: 2 gramm &#8211; 40 mag<\/p>\n<p>M\u0171szaki adatok<br \/>\nM\u00e9lys\u00e9ge 4-7 cm<br \/>\n\u00c1prilis 15-30-ig vetik<br \/>\nVet\u0151mennyis\u00e9g 150-300 gramm\/hekt\u00e1r<br \/>\nA vet\u0151magb\u00f3l t\u00f6rt\u00e9n\u0151 termel\u00e9s t\u00edpusai<br \/>\n\u00c1ttekint\u00e9s<br \/>\n12-25 magot tartalmaz grammonk\u00e9nt<br \/>\nS\u00falya 2 gramm<br \/>\n\u00dcltet\u00e9s \u00e1prilis 15-30<br \/>\nSz\u00fcret j\u00falius-augusztus<br \/>\nVeget\u00e1ci\u00f3ja 130-150 nap<\/p>\n<p>A csomag 2 gram magot tartalmaz<\/p>\n","protected":false},"featured_media":24000,"comment_status":"closed","ping_status":"closed","template":"","meta":[],"product_brand":[],"product_cat":[373],"product_tag":[],"class_list":{"0":"post-23999","1":"product","2":"type-product","3":"status-publish","4":"has-post-thumbnail","6":"product_cat-dinnye-es-tok-vetomagok-bolgar-florian-vetomagok","8":"first","9":"instock","10":"taxable","11":"shipping-taxable","12":"purchasable","13":"product-type-simple"},"_links":{"self":[{"href":"https:\/\/chilimag.hu\/webshop\/wp-json\/wp\/v2\/product\/23999","targetHints":{"allow":["GET"]}}],"collection":[{"href":"https:\/\/chilimag.hu\/webshop\/wp-json\/wp\/v2\/product"}],"about":[{"href":"https:\/\/chilimag.hu\/webshop\/wp-json\/wp\/v2\/types\/product"}],"replies":[{"embeddable":true,"href":"https:\/\/chilimag.hu\/webshop\/wp-json\/wp\/v2\/comments?post=23999"}],"wp:featuredmedia":[{"embeddable":true,"href":"https:\/\/chilimag.hu\/webshop\/wp-json\/wp\/v2\/media\/24000"}],"wp:attachment":[{"href":"https:\/\/chilimag.hu\/webshop\/wp-json\/wp\/v2\/media?parent=23999"}],"wp:term":[{"taxonomy":"product_brand","embeddable":true,"href":"https:\/\/chilimag.hu\/webshop\/wp-json\/wp\/v2\/product_brand?post=23999"},{"taxonomy":"product_cat","embeddable":true,"href":"https:\/\/chilimag.hu\/webshop\/wp-json\/wp\/v2\/product_cat?post=23999"},{"taxonomy":"product_tag","embeddable":true,"href":"https:\/\/chilimag.hu\/webshop\/wp-json\/wp\/v2\/product_tag?post=23999"}],"curies":[{"name":"wp","href":"https:\/\/api.w.org\/{rel}","templated":true}]}}