{"id":23996,"date":"2023-04-08T06:46:47","date_gmt":"2023-04-08T06:46:47","guid":{"rendered":"https:\/\/chilimag.hu\/webshop\/?post_type=product&#038;p=23996"},"modified":"2026-04-24T09:16:26","modified_gmt":"2026-04-24T09:16:26","slug":"gorogdinnye-charleston-grey-florian-bg","status":"publish","type":"product","link":"https:\/\/chilimag.hu\/webshop\/termek\/gorogdinnye-charleston-grey-florian-bg\/","title":{"rendered":"G\u00f6r\u00f6gdinnye Charleston Grey Florian Bg"},"content":{"rendered":"","protected":false},"excerpt":{"rendered":"<p><img decoding=\"async\" class=\"img-inline\" src=\"https:\/\/brcci.eu\/cache\/thumbnails\/12ecd0e6e419f1b9b1484ef02ad361979dd8e054\/1a6c5e1406ad462ca86d17b2800862d7f837862c-829875ad0a268b741b7edd818ffce098.png\" alt=\"FLORIAN OOD\" \/><\/p>\n<p>F\u00e9lkorai-k\u00e9s\u0151i fajta v\u00f6r\u00f6s dinnye, nagyon megny\u00falt term\u00e9ssel, 60 cm-es h\u00e9jjal, vil\u00e1gosz\u00f6ld sz\u00edn\u0171, tarka cs\u00edkokkal, term\u00e9sei nagyok, 11-13 kg t\u00f6meg\u0171ek. A mag v\u00f6r\u00f6s, nagyon l\u00e9d\u00fas \u00e9s \u00e9des. Ellen\u00e1llnak a sz\u00e1ll\u00edt\u00e1snak.<\/p>\n<p>Magok sz\u00e1ma csomagonk\u00e9nt: 5 gr &#8211; 100 mag<\/p>\n<p>&nbsp;<\/p>\n<p>Vet\u00e9sid\u0151 \u00e1prilis 15-30.<\/p>\n<p>Vet\u0151mennyis\u00e9g &#8211; 35-40 gr.\/100m 2.<\/p>\n<p>A magok 5-10 nap m\u00falva cs\u00edr\u00e1znak.<\/p>\n<p>A vet\u0151mag cs\u00edr\u00e1z\u00e1s\u00e1nak optim\u00e1lis h\u0151m\u00e9rs\u00e9klete 18-20 \u00b0C.<\/p>\n<p>A n\u00f6v\u00e9nyek n\u00f6veked\u00e9s\u00e9hez \u00e9s fejl\u0151d\u00e9s\u00e9hez 28-30 \u00b0 C h\u0151m\u00e9rs\u00e9klet \u00e9s a talaj k\u00f6r\u00fclbel\u00fcl 70% -\u00e1nak megfelel\u0151 p\u00e1ratartalom sz\u00fcks\u00e9ges.<\/p>\n<p>\u00c1tlagos hozam &#8211; 350-450 kg.\/100 m 2.<\/p>\n<p>A magok mennyis\u00e9ge zs\u00e1konk\u00e9nt: 5 gramm.<\/p>\n<p>M\u0171szaki adatok<br \/>\nM\u00e9lys\u00e9ge 4-7 cm<br \/>\n\u00c1prilis 15-30-ig vetik<br \/>\nVet\u0151mennyis\u00e9g 150-300 gramm\/hekt\u00e1r<br \/>\nA vet\u0151magb\u00f3l t\u00f6rt\u00e9n\u0151 termel\u00e9s t\u00edpusai<br \/>\n\u00c1ttekint\u00e9s<br \/>\n12-25 magot tartalmaz grammonk\u00e9nt<br \/>\nS\u00falya 5 gramm<br \/>\n\u00c1prilis \u00fcltet\u00e9s<br \/>\nSz\u00fcret j\u00falius-augusztus<br \/>\nVeget\u00e1ci\u00f3ja 80-85 nap<\/p>\n<p>A csomag 5 gram magot tartalmaz<\/p>\n","protected":false},"featured_media":23997,"comment_status":"closed","ping_status":"closed","template":"","meta":[],"product_brand":[],"product_cat":[373],"product_tag":[],"class_list":{"0":"post-23996","1":"product","2":"type-product","3":"status-publish","4":"has-post-thumbnail","6":"product_cat-dinnye-es-tok-vetomagok-bolgar-florian-vetomagok","8":"first","9":"instock","10":"taxable","11":"shipping-taxable","12":"purchasable","13":"product-type-simple"},"_links":{"self":[{"href":"https:\/\/chilimag.hu\/webshop\/wp-json\/wp\/v2\/product\/23996","targetHints":{"allow":["GET"]}}],"collection":[{"href":"https:\/\/chilimag.hu\/webshop\/wp-json\/wp\/v2\/product"}],"about":[{"href":"https:\/\/chilimag.hu\/webshop\/wp-json\/wp\/v2\/types\/product"}],"replies":[{"embeddable":true,"href":"https:\/\/chilimag.hu\/webshop\/wp-json\/wp\/v2\/comments?post=23996"}],"wp:featuredmedia":[{"embeddable":true,"href":"https:\/\/chilimag.hu\/webshop\/wp-json\/wp\/v2\/media\/23997"}],"wp:attachment":[{"href":"https:\/\/chilimag.hu\/webshop\/wp-json\/wp\/v2\/media?parent=23996"}],"wp:term":[{"taxonomy":"product_brand","embeddable":true,"href":"https:\/\/chilimag.hu\/webshop\/wp-json\/wp\/v2\/product_brand?post=23996"},{"taxonomy":"product_cat","embeddable":true,"href":"https:\/\/chilimag.hu\/webshop\/wp-json\/wp\/v2\/product_cat?post=23996"},{"taxonomy":"product_tag","embeddable":true,"href":"https:\/\/chilimag.hu\/webshop\/wp-json\/wp\/v2\/product_tag?post=23996"}],"curies":[{"name":"wp","href":"https:\/\/api.w.org\/{rel}","templated":true}]}}