{"id":23970,"date":"2023-04-07T13:53:20","date_gmt":"2023-04-07T13:53:20","guid":{"rendered":"https:\/\/chilimag.hu\/webshop\/?post_type=product&#038;p=23970"},"modified":"2026-02-23T19:02:33","modified_gmt":"2026-02-23T19:02:33","slug":"kinai-kell-hilton-florian-bg","status":"publish","type":"product","link":"https:\/\/chilimag.hu\/webshop\/termek\/kinai-kell-hilton-florian-bg\/","title":{"rendered":"K\u00ednai kel Hilton Florian Bg"},"content":{"rendered":"","protected":false},"excerpt":{"rendered":"<p><img decoding=\"async\" class=\"img-inline\" src=\"https:\/\/brcci.eu\/cache\/thumbnails\/12ecd0e6e419f1b9b1484ef02ad361979dd8e054\/1a6c5e1406ad462ca86d17b2800862d7f837862c-829875ad0a268b741b7edd818ffce098.png\" alt=\"FLORIAN OOD\" \/><\/p>\n<p>Ny\u00e1ri \u00e9s \u0151szi betakar\u00edt\u00e1sra alkalmas k\u00ednai kel korai fajt\u00e1ja. A sapk\u00e1k kem\u00e9nyek, hord\u00f3 alak\u00faak, vil\u00e1gosz\u00f6ld sz\u00edn\u0171ek, \u00e1tlagos t\u00f6meg\u00fck 1,2-1,5 kg. A fajta nagyon ellen\u00e1ll a vir\u00e1gz\u00e1snak. Friss fogyaszt\u00e1sra alkalmas. K\u00e9s\u0151i n\u00f6v\u00e9nyeket termesztenek, a magvakat j\u00falius 5-15. k\u00f6z\u00f6tt, a n\u00f6v\u00e9nyeket egy h\u00f3nappal k\u00e9s\u0151bb, augusztus 5-15-ig \u00fcltetik 60\/45 cm-es sort\u00e1vols\u00e1ggal.<\/p>\n<p>Veget\u00e1ci\u00f3s id\u0151szak 58-65 nap.<\/p>\n<p>A csomag 1 grammot tartalmaz<\/p>\n","protected":false},"featured_media":23971,"comment_status":"closed","ping_status":"closed","template":"","meta":[],"product_brand":[],"product_cat":[378],"product_tag":[],"class_list":{"0":"post-23970","1":"product","2":"type-product","3":"status-publish","4":"has-post-thumbnail","6":"product_cat-kaposzta-es-karfiol-vetomagok","8":"first","9":"instock","10":"taxable","11":"shipping-taxable","12":"purchasable","13":"product-type-simple"},"_links":{"self":[{"href":"https:\/\/chilimag.hu\/webshop\/wp-json\/wp\/v2\/product\/23970","targetHints":{"allow":["GET"]}}],"collection":[{"href":"https:\/\/chilimag.hu\/webshop\/wp-json\/wp\/v2\/product"}],"about":[{"href":"https:\/\/chilimag.hu\/webshop\/wp-json\/wp\/v2\/types\/product"}],"replies":[{"embeddable":true,"href":"https:\/\/chilimag.hu\/webshop\/wp-json\/wp\/v2\/comments?post=23970"}],"wp:featuredmedia":[{"embeddable":true,"href":"https:\/\/chilimag.hu\/webshop\/wp-json\/wp\/v2\/media\/23971"}],"wp:attachment":[{"href":"https:\/\/chilimag.hu\/webshop\/wp-json\/wp\/v2\/media?parent=23970"}],"wp:term":[{"taxonomy":"product_brand","embeddable":true,"href":"https:\/\/chilimag.hu\/webshop\/wp-json\/wp\/v2\/product_brand?post=23970"},{"taxonomy":"product_cat","embeddable":true,"href":"https:\/\/chilimag.hu\/webshop\/wp-json\/wp\/v2\/product_cat?post=23970"},{"taxonomy":"product_tag","embeddable":true,"href":"https:\/\/chilimag.hu\/webshop\/wp-json\/wp\/v2\/product_tag?post=23970"}],"curies":[{"name":"wp","href":"https:\/\/api.w.org\/{rel}","templated":true}]}}