{"id":23960,"date":"2023-04-07T13:38:03","date_gmt":"2023-04-07T13:38:03","guid":{"rendered":"https:\/\/chilimag.hu\/webshop\/?post_type=product&#038;p=23960"},"modified":"2026-03-29T16:16:35","modified_gmt":"2026-03-29T16:16:35","slug":"kellbimbo-brusells-florian-bg","status":"publish","type":"product","link":"https:\/\/chilimag.hu\/webshop\/termek\/kellbimbo-brusells-florian-bg\/","title":{"rendered":"Kelbimb\u00f3 Sprouts Red Florian Bg"},"content":{"rendered":"","protected":false},"excerpt":{"rendered":"<p><img decoding=\"async\" class=\"img-inline\" src=\"https:\/\/brcci.eu\/cache\/thumbnails\/12ecd0e6e419f1b9b1484ef02ad361979dd8e054\/1a6c5e1406ad462ca86d17b2800862d7f837862c-829875ad0a268b741b7edd818ffce098.png\" alt=\"FLORIAN OOD\" \/><\/p>\n<p>A z\u00f6lds\u00e9gek kicsik, finomak, \u00e9rz\u00e9kenyek, intenz\u00edv lila sz\u00edn\u0171ek, amelyek f\u0151z\u00e9s ut\u00e1n is megmaradnak, a k\u00e9t\u00e9ves n\u00f6v\u00e9ny hidegt\u0171r\u0151. Az els\u0151 \u00e9vben ak\u00e1r 60 cm magas sz\u00e1rat alkot. A levelek bels\u0151 r\u00e9sz\u00e9n kis z\u00f6ldek k\u00e9pz\u0151dnek, amelyek el\u00e9rik a 2,5-5 cm-t, sz\u00e1muk egy n\u00f6v\u00e9nyben el\u00e9ri a 90-et. Finom, zsenge, kiv\u00e1l\u00f3 \u00edz\u0171. Nagyon magas C-vitamin-, s\u00f3k-, vitamin-, karotin- \u00e9s nyersfeh\u00e9rje-tartalma van. T\u00e9len is tarthat\u00f3 Veget\u00e1ci\u00f3s id\u0151szak 150-165 nap.<\/p>\n<p>Vet\u00e9si id\u0151szak: janu\u00e1r 20 eleje &#8211; febru\u00e1r 10., f\u00e9lkora \u00e1prilis 25-m\u00e1jus 10., j\u00fanius v\u00e9ge 5-15.<\/p>\n<p>M\u0171szaki adatok<br \/>\nM\u00e9lys\u00e9ge 1-1,5 cm<br \/>\nVet\u00e9s janu\u00e1r-j\u00fanius<br \/>\n\u00c1ttekint\u00e9s<br \/>\n200-270 magot tartalmaz grammonk\u00e9nt<br \/>\nS\u00falya 0,5 gramm<br \/>\nVeget\u00e1ci\u00f3ja 150-165 nap<\/p>\n","protected":false},"featured_media":23964,"comment_status":"closed","ping_status":"closed","template":"","meta":[],"product_brand":[],"product_cat":[378],"product_tag":[],"class_list":{"0":"post-23960","1":"product","2":"type-product","3":"status-publish","4":"has-post-thumbnail","6":"product_cat-kaposzta-es-karfiol-vetomagok","8":"first","9":"instock","10":"taxable","11":"shipping-taxable","12":"purchasable","13":"product-type-simple"},"_links":{"self":[{"href":"https:\/\/chilimag.hu\/webshop\/wp-json\/wp\/v2\/product\/23960","targetHints":{"allow":["GET"]}}],"collection":[{"href":"https:\/\/chilimag.hu\/webshop\/wp-json\/wp\/v2\/product"}],"about":[{"href":"https:\/\/chilimag.hu\/webshop\/wp-json\/wp\/v2\/types\/product"}],"replies":[{"embeddable":true,"href":"https:\/\/chilimag.hu\/webshop\/wp-json\/wp\/v2\/comments?post=23960"}],"wp:featuredmedia":[{"embeddable":true,"href":"https:\/\/chilimag.hu\/webshop\/wp-json\/wp\/v2\/media\/23964"}],"wp:attachment":[{"href":"https:\/\/chilimag.hu\/webshop\/wp-json\/wp\/v2\/media?parent=23960"}],"wp:term":[{"taxonomy":"product_brand","embeddable":true,"href":"https:\/\/chilimag.hu\/webshop\/wp-json\/wp\/v2\/product_brand?post=23960"},{"taxonomy":"product_cat","embeddable":true,"href":"https:\/\/chilimag.hu\/webshop\/wp-json\/wp\/v2\/product_cat?post=23960"},{"taxonomy":"product_tag","embeddable":true,"href":"https:\/\/chilimag.hu\/webshop\/wp-json\/wp\/v2\/product_tag?post=23960"}],"curies":[{"name":"wp","href":"https:\/\/api.w.org\/{rel}","templated":true}]}}