{"id":23957,"date":"2023-04-07T12:44:55","date_gmt":"2023-04-07T12:44:55","guid":{"rendered":"https:\/\/chilimag.hu\/webshop\/?post_type=product&#038;p=23957"},"modified":"2026-02-17T20:23:05","modified_gmt":"2026-02-17T20:23:05","slug":"kaposzta-topaz-florian-bg","status":"publish","type":"product","link":"https:\/\/chilimag.hu\/webshop\/termek\/kaposzta-topaz-florian-bg\/","title":{"rendered":"K\u00e1poszta Red  Florian Bg"},"content":{"rendered":"","protected":false},"excerpt":{"rendered":"<p><img decoding=\"async\" class=\"img-inline\" src=\"https:\/\/brcci.eu\/cache\/thumbnails\/12ecd0e6e419f1b9b1484ef02ad361979dd8e054\/1a6c5e1406ad462ca86d17b2800862d7f837862c-829875ad0a268b741b7edd818ffce098.png\" alt=\"FLORIAN OOD\" \/><\/p>\n<p>K\u00f6z\u00e9pkorai fajta s\u00f6t\u00e9tlila k\u00e1poszt\u00e1val, kerek, t\u00f6m\u00f6r, \u00e1tlagosan 2-2,5 kg t\u00f6meg\u0171, kiv\u00e1l\u00f3 \u00edz\u0171. Sal\u00e1t\u00e1nak \u00e9s tart\u00e1sra is alkalmas Veget\u00e1ci\u00f3s id\u0151szak 110-120 nap.<\/p>\n<p>Vet\u00e9si id\u0151szak: janu\u00e1r 20 eleje &#8211; febru\u00e1r 10, f\u00e9lkora \u00e1prilis 25-m\u00e1jus 10, v\u00e9ge m\u00e1jus 10-15.<\/p>\n<p>Magmennyis\u00e9g zs\u00e1konk\u00e9nt: 1300 mag (5 gr)<\/p>\n<p>M\u0171szaki adatok:<\/p>\n<p>M\u00e9lys\u00e9ge 1-1,5 cm<br \/>\nJanu\u00e1r 20-t\u00f3l febru\u00e1r 10-ig vet\u00e9s, \u00e1prilis 25-m\u00e1jus 10., m\u00e1jus 10-15.<br \/>\nVet\u00e9smennyis\u00e9g 60-70 gramm\/hekt\u00e1r<br \/>\nA magvakb\u00f3l, pal\u00e1nt\u00e1kb\u00f3l t\u00f6rt\u00e9n\u0151 el\u0151\u00e1ll\u00edt\u00e1s fajt\u00e1i<br \/>\n\u00c1ltal\u00e1noss\u00e1gok:<\/p>\n<p>200-270 magot tartalmaz grammonk\u00e9nt<br \/>\nS\u00falya 5 gramm<br \/>\n\u00dcltet\u00e9s m\u00e1rcius-j\u00fanius<br \/>\nSz\u00fcret j\u00fanius-okt\u00f3ber<br \/>\nVeget\u00e1ci\u00f3ja 110-120 nap<\/p>\n<p>A csomag 5 grammot tartalmaz<\/p>\n","protected":false},"featured_media":23958,"comment_status":"closed","ping_status":"closed","template":"","meta":[],"product_brand":[],"product_cat":[378],"product_tag":[],"class_list":{"0":"post-23957","1":"product","2":"type-product","3":"status-publish","4":"has-post-thumbnail","6":"product_cat-kaposzta-es-karfiol-vetomagok","8":"first","9":"instock","10":"taxable","11":"shipping-taxable","12":"purchasable","13":"product-type-simple"},"_links":{"self":[{"href":"https:\/\/chilimag.hu\/webshop\/wp-json\/wp\/v2\/product\/23957","targetHints":{"allow":["GET"]}}],"collection":[{"href":"https:\/\/chilimag.hu\/webshop\/wp-json\/wp\/v2\/product"}],"about":[{"href":"https:\/\/chilimag.hu\/webshop\/wp-json\/wp\/v2\/types\/product"}],"replies":[{"embeddable":true,"href":"https:\/\/chilimag.hu\/webshop\/wp-json\/wp\/v2\/comments?post=23957"}],"wp:featuredmedia":[{"embeddable":true,"href":"https:\/\/chilimag.hu\/webshop\/wp-json\/wp\/v2\/media\/23958"}],"wp:attachment":[{"href":"https:\/\/chilimag.hu\/webshop\/wp-json\/wp\/v2\/media?parent=23957"}],"wp:term":[{"taxonomy":"product_brand","embeddable":true,"href":"https:\/\/chilimag.hu\/webshop\/wp-json\/wp\/v2\/product_brand?post=23957"},{"taxonomy":"product_cat","embeddable":true,"href":"https:\/\/chilimag.hu\/webshop\/wp-json\/wp\/v2\/product_cat?post=23957"},{"taxonomy":"product_tag","embeddable":true,"href":"https:\/\/chilimag.hu\/webshop\/wp-json\/wp\/v2\/product_tag?post=23957"}],"curies":[{"name":"wp","href":"https:\/\/api.w.org\/{rel}","templated":true}]}}