{"id":23944,"date":"2023-04-07T12:29:45","date_gmt":"2023-04-07T12:29:45","guid":{"rendered":"https:\/\/chilimag.hu\/webshop\/?post_type=product&#038;p=23944"},"modified":"2026-03-08T18:07:05","modified_gmt":"2026-03-08T18:07:05","slug":"paprika-tsarska-profy-gold-florian-bg","status":"publish","type":"product","link":"https:\/\/chilimag.hu\/webshop\/termek\/paprika-tsarska-profy-gold-florian-bg\/","title":{"rendered":"Paprika Tsarska Kapia Profy Gold Florian Bg"},"content":{"rendered":"","protected":false},"excerpt":{"rendered":"<p><img decoding=\"async\" class=\"img-inline\" src=\"https:\/\/brcci.eu\/cache\/thumbnails\/12ecd0e6e419f1b9b1484ef02ad361979dd8e054\/1a6c5e1406ad462ca86d17b2800862d7f837862c-829875ad0a268b741b7edd818ffce098.png\" alt=\"FLORIAN OOD\" \/><\/p>\n<p>\u00daj, nagy term\u0151k\u00e9pess\u00e9g\u0171, f\u00e9lkorai bolg\u00e1r paprikafajta, bolg\u00e1r capia t\u00edpus\u00fa. A n\u00f6v\u00e9nyek er\u0151teljesek, k\u00f6zepes hossz\u00fas\u00e1g\u00fa csom\u00f3pontokkal \u00e9s nagy, s\u00f6t\u00e9tz\u00f6ld levelekkel. K\u00e9t \u00e9s h\u00e1rom f\u00e9lig h\u00e1romsz\u00f6g alak\u00fa lebenyekkel, amelyek orrform\u00e1j\u00faak \u00e9s n\u00e9melyik horoggal v\u00e9gz\u0151dik. \u00c9r\u00e9s el\u0151tt z\u00f6ldek, botanikai \u00e9retts\u00e9gben s\u00f6t\u00e9tv\u00f6r\u00f6sek, nagyon nagyok, 180-250 gr t\u00f6meg\u0171ek. Az ardel hossza \u00e1tlagosan 16-22 cm, a magh\u00e9j vastags\u00e1ga 5-7 mm. A gy\u00fcm\u00f6lcs\u00f6k intenz\u00edv v\u00f6r\u00f6s sz\u00edn\u0171ek, f\u00e9nyesek, \u00e9des \u00edz\u0171ek, nagyon arom\u00e1sak, keser\u0171 \u00edz n\u00e9lk\u00fcl, s\u00fct\u00e9s ut\u00e1n nagyon k\u00f6nnyen h\u00e1mozhat\u00f3k. Alkalmas f\u00e9lkorai gy\u00e1rt\u00e1sra ny\u00edlt fel\u00fcleteken \u00e9s szol\u00e1ris k\u00f6rnyezetben. N\u00f6v\u00e9nytermeszt\u00e9s &#8211; sz\u00e1ron \u00e9s pal\u00e1nkon. Friss fogyaszt\u00e1sra sz\u00e1nt. Magok sz\u00e1ma egy grammban: 130-150 db.<\/p>\n<p>A csomag 0,5 grammot tartalmaz<\/p>\n","protected":false},"featured_media":23945,"comment_status":"closed","ping_status":"closed","template":"","meta":[],"product_brand":[],"product_cat":[380],"product_tag":[],"class_list":{"0":"post-23944","1":"product","2":"type-product","3":"status-publish","4":"has-post-thumbnail","6":"product_cat-paprika-vetomagok-bolgar-florian-vetomagok","8":"first","9":"instock","10":"taxable","11":"shipping-taxable","12":"purchasable","13":"product-type-simple"},"_links":{"self":[{"href":"https:\/\/chilimag.hu\/webshop\/wp-json\/wp\/v2\/product\/23944","targetHints":{"allow":["GET"]}}],"collection":[{"href":"https:\/\/chilimag.hu\/webshop\/wp-json\/wp\/v2\/product"}],"about":[{"href":"https:\/\/chilimag.hu\/webshop\/wp-json\/wp\/v2\/types\/product"}],"replies":[{"embeddable":true,"href":"https:\/\/chilimag.hu\/webshop\/wp-json\/wp\/v2\/comments?post=23944"}],"wp:featuredmedia":[{"embeddable":true,"href":"https:\/\/chilimag.hu\/webshop\/wp-json\/wp\/v2\/media\/23945"}],"wp:attachment":[{"href":"https:\/\/chilimag.hu\/webshop\/wp-json\/wp\/v2\/media?parent=23944"}],"wp:term":[{"taxonomy":"product_brand","embeddable":true,"href":"https:\/\/chilimag.hu\/webshop\/wp-json\/wp\/v2\/product_brand?post=23944"},{"taxonomy":"product_cat","embeddable":true,"href":"https:\/\/chilimag.hu\/webshop\/wp-json\/wp\/v2\/product_cat?post=23944"},{"taxonomy":"product_tag","embeddable":true,"href":"https:\/\/chilimag.hu\/webshop\/wp-json\/wp\/v2\/product_tag?post=23944"}],"curies":[{"name":"wp","href":"https:\/\/api.w.org\/{rel}","templated":true}]}}