{"id":23900,"date":"2023-04-07T10:23:10","date_gmt":"2023-04-07T10:23:10","guid":{"rendered":"https:\/\/chilimag.hu\/webshop\/?post_type=product&#038;p=23900"},"modified":"2026-02-18T08:05:26","modified_gmt":"2026-02-18T08:05:26","slug":"paprika-sigaretta-di-bergamo-florian-bg","status":"publish","type":"product","link":"https:\/\/chilimag.hu\/webshop\/termek\/paprika-sigaretta-di-bergamo-florian-bg\/","title":{"rendered":"Paprika Sigaretta Di Bergamo Florian Bg"},"content":{"rendered":"","protected":false},"excerpt":{"rendered":"<p><img decoding=\"async\" class=\"img-inline\" src=\"https:\/\/brcci.eu\/cache\/thumbnails\/12ecd0e6e419f1b9b1484ef02ad361979dd8e054\/1a6c5e1406ad462ca86d17b2800862d7f837862c-829875ad0a268b741b7edd818ffce098.png\" alt=\"FLORIAN OOD\" \/><\/p>\n<p>A Cigaretta di Bergamo cs\u00edp\u0151s paprika magvak nagy hozam\u00fa fajta el\u00e9ri a 9-10 cm hossz\u00fas\u00e1got, Florian<\/p>\n<p>Magas hozam\u00fa paprikafajta, friss fogyaszt\u00e1sra, s\u00fct\u00e9sre \u00e9s bef\u0151z\u00e9sre is alkalmas. A n\u00f6v\u00e9ny nagyon term\u0151, 70-90 cm magas. Term\u00e9se v\u00e9kony, 9-10 cm hossz\u00fa, h\u00fcvelyhez hasonl\u00f3, k\u00f6zepes, h\u00fasos, kiv\u00e1l\u00f3 \u00edz\u0171, z\u00f6ld sz\u00edn\u0171, \u00e9retten pirosra sz\u00ednez\u0151dik. Veget\u00e1ci\u00f3s id\u0151szak 90 nap.<\/p>\n<p>Kiszerel\u00e9s: 150 mag (1 gr)<\/p>\n<p>Vet\u00e9si id\u0151szak:<\/p>\n<p>korai gy\u00e1rt\u00e1sra febru\u00e1r 1-15<br \/>\nk\u00f6z\u00e9p-korai gy\u00e1rt\u00e1shoz m\u00e1rcius 1-20.<br \/>\nMagok mennyis\u00e9ge bor\u00edt\u00e9konk\u00e9nt 1 gramm (130-150 db).<br \/>\nM\u0171szaki jellemz\u0151k:<\/p>\n<p>M\u00e9lys\u00e9ge 0,5-1 cm<br \/>\nFebru\u00e1r 01-15-t\u0151l, m\u00e1rcius 01-20-ig vetik<br \/>\nVet\u00e9smennyis\u00e9g 0,150-0,200 Kg\/hekt\u00e1r<br \/>\nA magvakb\u00f3l, pal\u00e1nt\u00e1kb\u00f3l t\u00f6rt\u00e9n\u0151 el\u0151\u00e1ll\u00edt\u00e1s fajt\u00e1i<br \/>\nT\u00e1bornok:<\/p>\n<p>Folytat\u00e1s 130-150 szeminte\/gramm<br \/>\nS\u00falya 1 gramm<br \/>\n\u00dcltet\u00e9s febru\u00e1r-m\u00e1rcius<br \/>\nSz\u00fcret m\u00e1jus-j\u00fanius<br \/>\nVeget\u00e1ci\u00f3ja 90-100 nap<\/p>\n<p>A csomag 1 grammot tartalmaz<\/p>\n<p>&nbsp;<\/p>\n<p>&nbsp;<\/p>\n","protected":false},"featured_media":23901,"comment_status":"closed","ping_status":"closed","template":"","meta":[],"product_brand":[],"product_cat":[380],"product_tag":[],"class_list":{"0":"post-23900","1":"product","2":"type-product","3":"status-publish","4":"has-post-thumbnail","6":"product_cat-paprika-vetomagok-bolgar-florian-vetomagok","8":"first","9":"instock","10":"taxable","11":"shipping-taxable","12":"purchasable","13":"product-type-simple"},"_links":{"self":[{"href":"https:\/\/chilimag.hu\/webshop\/wp-json\/wp\/v2\/product\/23900","targetHints":{"allow":["GET"]}}],"collection":[{"href":"https:\/\/chilimag.hu\/webshop\/wp-json\/wp\/v2\/product"}],"about":[{"href":"https:\/\/chilimag.hu\/webshop\/wp-json\/wp\/v2\/types\/product"}],"replies":[{"embeddable":true,"href":"https:\/\/chilimag.hu\/webshop\/wp-json\/wp\/v2\/comments?post=23900"}],"wp:featuredmedia":[{"embeddable":true,"href":"https:\/\/chilimag.hu\/webshop\/wp-json\/wp\/v2\/media\/23901"}],"wp:attachment":[{"href":"https:\/\/chilimag.hu\/webshop\/wp-json\/wp\/v2\/media?parent=23900"}],"wp:term":[{"taxonomy":"product_brand","embeddable":true,"href":"https:\/\/chilimag.hu\/webshop\/wp-json\/wp\/v2\/product_brand?post=23900"},{"taxonomy":"product_cat","embeddable":true,"href":"https:\/\/chilimag.hu\/webshop\/wp-json\/wp\/v2\/product_cat?post=23900"},{"taxonomy":"product_tag","embeddable":true,"href":"https:\/\/chilimag.hu\/webshop\/wp-json\/wp\/v2\/product_tag?post=23900"}],"curies":[{"name":"wp","href":"https:\/\/api.w.org\/{rel}","templated":true}]}}