{"id":23896,"date":"2023-04-07T08:39:40","date_gmt":"2023-04-07T08:39:40","guid":{"rendered":"https:\/\/chilimag.hu\/webshop\/?post_type=product&#038;p=23896"},"modified":"2024-05-11T18:16:47","modified_gmt":"2024-05-11T18:16:47","slug":"brokkoli-triton-sakata","status":"publish","type":"product","link":"https:\/\/chilimag.hu\/webshop\/termek\/brokkoli-triton-sakata\/","title":{"rendered":"Brokkoli Triton F1 Sakata"},"content":{"rendered":"","protected":false},"excerpt":{"rendered":"<p><img decoding=\"async\" class=\"general_border\" src=\"https:\/\/seminteplante.ro\/img\/m\/37-brand_default.jpg\" alt=\"Sakata\" width=\"154\" height=\"70\" \/><\/p>\n<p>Triton F1 (1000 mag) brokkoli er\u0151teljes n\u00f6v\u00e9nyekkel \u00e9s er\u0151s lev\u00e9lszerkezettel, amely nagyon j\u00f3l alkalmazkodik a k\u00fcl\u00f6nb\u00f6z\u0151 n\u00f6veked\u00e9si k\u00f6r\u00fclm\u00e9nyekhez, Sakata<\/p>\n<p>Kiszerel\u00e9s: 1000 mag<\/p>\n<p>Korai hibrid, az \u00fcltet\u00e9st\u0151l sz\u00e1m\u00edtott 75 napos veget\u00e1ci\u00f3s peri\u00f3dussal, alkalmas kora tavaszi, de ny\u00e1ri-\u0151szi vet\u00e9sre is. A n\u00f6v\u00e9nyek nagyon er\u0151teljesek, er\u0151s lombozat\u00faak. Nagyon j\u00f3 alkalmazkod\u00e1si k\u00e9pess\u00e9get mutat a k\u00fcl\u00f6nb\u00f6z\u0151 kultur\u00e1lis k\u00f6r\u00fclm\u00e9nyekhez.<br \/>\nVir\u00e1gzatai nagyok, nagyon j\u00f3 min\u0151s\u00e9g\u0171ek, t\u00f6m\u00f6rek, finom szerkezet\u0171ek, s\u00f6t\u00e9tz\u00f6ld sz\u00edn\u0171ek, k\u00fcl\u00f6nleges kereskedelmi megjelen\u00e9s\u0171ek. \u00c1tlagos s\u00falyuk 400-600g.<\/p>\n<p>A csomag 40 szem magot tartalmaz<\/p>\n","protected":false},"featured_media":24291,"comment_status":"closed","ping_status":"closed","template":"","meta":[],"product_brand":[],"product_cat":[392],"product_tag":[],"class_list":{"0":"post-23896","1":"product","2":"type-product","3":"status-publish","4":"has-post-thumbnail","6":"product_cat-japan-sakata-vetomagok","8":"first","9":"outofstock","10":"taxable","11":"shipping-taxable","12":"purchasable","13":"product-type-simple"},"_links":{"self":[{"href":"https:\/\/chilimag.hu\/webshop\/wp-json\/wp\/v2\/product\/23896","targetHints":{"allow":["GET"]}}],"collection":[{"href":"https:\/\/chilimag.hu\/webshop\/wp-json\/wp\/v2\/product"}],"about":[{"href":"https:\/\/chilimag.hu\/webshop\/wp-json\/wp\/v2\/types\/product"}],"replies":[{"embeddable":true,"href":"https:\/\/chilimag.hu\/webshop\/wp-json\/wp\/v2\/comments?post=23896"}],"wp:featuredmedia":[{"embeddable":true,"href":"https:\/\/chilimag.hu\/webshop\/wp-json\/wp\/v2\/media\/24291"}],"wp:attachment":[{"href":"https:\/\/chilimag.hu\/webshop\/wp-json\/wp\/v2\/media?parent=23896"}],"wp:term":[{"taxonomy":"product_brand","embeddable":true,"href":"https:\/\/chilimag.hu\/webshop\/wp-json\/wp\/v2\/product_brand?post=23896"},{"taxonomy":"product_cat","embeddable":true,"href":"https:\/\/chilimag.hu\/webshop\/wp-json\/wp\/v2\/product_cat?post=23896"},{"taxonomy":"product_tag","embeddable":true,"href":"https:\/\/chilimag.hu\/webshop\/wp-json\/wp\/v2\/product_tag?post=23896"}],"curies":[{"name":"wp","href":"https:\/\/api.w.org\/{rel}","templated":true}]}}