{"id":23892,"date":"2023-04-07T08:29:17","date_gmt":"2023-04-07T08:29:17","guid":{"rendered":"https:\/\/chilimag.hu\/webshop\/?post_type=product&#038;p=23892"},"modified":"2026-03-20T17:55:51","modified_gmt":"2026-03-20T17:55:51","slug":"karfiol-sicilian-violet-florian-bg","status":"publish","type":"product","link":"https:\/\/chilimag.hu\/webshop\/termek\/karfiol-sicilian-violet-florian-bg\/","title":{"rendered":"Karfiol Sicilia Violet Florian Bg"},"content":{"rendered":"","protected":false},"excerpt":{"rendered":"<p><img decoding=\"async\" class=\"img-inline\" src=\"https:\/\/brcci.eu\/cache\/thumbnails\/12ecd0e6e419f1b9b1484ef02ad361979dd8e054\/1a6c5e1406ad462ca86d17b2800862d7f837862c-829875ad0a268b741b7edd818ffce098.png\" alt=\"FLORIAN OOD\" \/><\/p>\n<p>A n\u00f6v\u00e9nyeket pal\u00e1ntanevel\u00e9ssel \u00e1ll\u00edtj\u00e1k el\u0151.<\/p>\n<p>Vet\u00e9s: korai n\u00f6v\u00e9nyekn\u00e9l janu\u00e1r 10-20, k\u00e9s\u0151i kult\u00far\u00e1kn\u00e1l m\u00e1jus 25-j\u00fanius 10.<\/p>\n<p>A korai n\u00f6v\u00e9nyek \u00fcltet\u00e9se m\u00e1rcius 20-a, a k\u00e9s\u0151i n\u00f6v\u00e9nyek\u00e9 j\u00fanius 25-j\u00falius 10.<\/p>\n<p>A csomag 1,5 grammot tartalmaz<\/p>\n","protected":false},"featured_media":24292,"comment_status":"closed","ping_status":"closed","template":"","meta":[],"product_brand":[],"product_cat":[378],"product_tag":[],"class_list":{"0":"post-23892","1":"product","2":"type-product","3":"status-publish","4":"has-post-thumbnail","6":"product_cat-kaposzta-es-karfiol-vetomagok","8":"first","9":"instock","10":"taxable","11":"shipping-taxable","12":"purchasable","13":"product-type-simple"},"_links":{"self":[{"href":"https:\/\/chilimag.hu\/webshop\/wp-json\/wp\/v2\/product\/23892","targetHints":{"allow":["GET"]}}],"collection":[{"href":"https:\/\/chilimag.hu\/webshop\/wp-json\/wp\/v2\/product"}],"about":[{"href":"https:\/\/chilimag.hu\/webshop\/wp-json\/wp\/v2\/types\/product"}],"replies":[{"embeddable":true,"href":"https:\/\/chilimag.hu\/webshop\/wp-json\/wp\/v2\/comments?post=23892"}],"wp:featuredmedia":[{"embeddable":true,"href":"https:\/\/chilimag.hu\/webshop\/wp-json\/wp\/v2\/media\/24292"}],"wp:attachment":[{"href":"https:\/\/chilimag.hu\/webshop\/wp-json\/wp\/v2\/media?parent=23892"}],"wp:term":[{"taxonomy":"product_brand","embeddable":true,"href":"https:\/\/chilimag.hu\/webshop\/wp-json\/wp\/v2\/product_brand?post=23892"},{"taxonomy":"product_cat","embeddable":true,"href":"https:\/\/chilimag.hu\/webshop\/wp-json\/wp\/v2\/product_cat?post=23892"},{"taxonomy":"product_tag","embeddable":true,"href":"https:\/\/chilimag.hu\/webshop\/wp-json\/wp\/v2\/product_tag?post=23892"}],"curies":[{"name":"wp","href":"https:\/\/api.w.org\/{rel}","templated":true}]}}