{"id":23888,"date":"2023-04-07T08:10:34","date_gmt":"2023-04-07T08:10:34","guid":{"rendered":"https:\/\/chilimag.hu\/webshop\/?post_type=product&#038;p=23888"},"modified":"2026-04-15T12:44:05","modified_gmt":"2026-04-15T12:44:05","slug":"padlizsan-white-florian-bg","status":"publish","type":"product","link":"https:\/\/chilimag.hu\/webshop\/termek\/padlizsan-white-florian-bg\/","title":{"rendered":"Padlizs\u00e1n White  Florian Bg"},"content":{"rendered":"","protected":false},"excerpt":{"rendered":"<p><img decoding=\"async\" class=\"img-inline\" src=\"https:\/\/brcci.eu\/cache\/thumbnails\/12ecd0e6e419f1b9b1484ef02ad361979dd8e054\/1a6c5e1406ad462ca86d17b2800862d7f837862c-829875ad0a268b741b7edd818ffce098.png\" alt=\"FLORIAN OOD\" \/><\/p>\n<p>A fajta Olaszorsz\u00e1gb\u00f3l sz\u00e1rmazik.<br \/>\nA \u00a0padlizs\u00e1n h\u00fasa puha \u00e9s \u00edzletes.<br \/>\nA n\u00f6v\u00e9ny term\u0151, term\u00e9se k\u00f6zepes m\u00e9ret\u0171, de sok van.<br \/>\nA padlizs\u00e1n frissen vagy konzervk\u00e9nt fogyaszthat\u00f3.<br \/>\nEz egy olyan n\u00f6v\u00e9ny, amely nem ig\u00e9nyel t\u00e1mogat\u00e1st a fejl\u0151d\u00e9shez.<br \/>\nA padlizs\u00e1n \u00a0termeszthet\u0151 a sz\u00e1nt\u00f3f\u00f6ld\u00f6n pal\u00e1nt\u00e1val, ny\u00e1ron, vagy eg\u00e9sz \u00e9vben \u00fcvegh\u00e1zban vagy szol\u00e1rban.<br \/>\nA feh\u00e9r padlizs\u00e1n az \u00e1t\u00fcltet\u00e9s ut\u00e1n 65-70 nappal \u00e9ri el az \u00e9retts\u00e9get.<br \/>\nA \u00a0padlizs\u00e1n jellemz\u0151i a napsug\u00e1rz\u00e1st\u00f3l, a termeszt\u00e9si id\u0151szakt\u00f3l, a p\u00e1ratartalomt\u00f3l, a m\u0171tr\u00e1gy\u00e1kt\u00f3l, a talaj t\u00edpus\u00e1t\u00f3l, az elv\u00e9gzett talajmunk\u00e1t\u00f3l, a k\u00e1rtev\u0151kt\u0151l \u00e9s egy\u00e9b t\u00e9nyez\u0151kt\u0151l f\u00fcgg\u0151en v\u00e1ltozhatnak. Ez\u00e9rt a kapott eredm\u00e9nyek elt\u00e9rhetnek a bemutatott k\u00e9pekt\u0151l \u00e9s a le\u00edrt jellemz\u0151kt\u0151l.<\/p>\n<p>A csomag 1 grammot tartalmaz<\/p>\n","protected":false},"featured_media":23889,"comment_status":"closed","ping_status":"closed","template":"","meta":[],"product_brand":[],"product_cat":[383],"product_tag":[],"class_list":{"0":"post-23888","1":"product","2":"type-product","3":"status-publish","4":"has-post-thumbnail","6":"product_cat-uborka-es-padlizsan-vetomagok","8":"first","9":"instock","10":"taxable","11":"shipping-taxable","12":"purchasable","13":"product-type-simple"},"_links":{"self":[{"href":"https:\/\/chilimag.hu\/webshop\/wp-json\/wp\/v2\/product\/23888","targetHints":{"allow":["GET"]}}],"collection":[{"href":"https:\/\/chilimag.hu\/webshop\/wp-json\/wp\/v2\/product"}],"about":[{"href":"https:\/\/chilimag.hu\/webshop\/wp-json\/wp\/v2\/types\/product"}],"replies":[{"embeddable":true,"href":"https:\/\/chilimag.hu\/webshop\/wp-json\/wp\/v2\/comments?post=23888"}],"wp:featuredmedia":[{"embeddable":true,"href":"https:\/\/chilimag.hu\/webshop\/wp-json\/wp\/v2\/media\/23889"}],"wp:attachment":[{"href":"https:\/\/chilimag.hu\/webshop\/wp-json\/wp\/v2\/media?parent=23888"}],"wp:term":[{"taxonomy":"product_brand","embeddable":true,"href":"https:\/\/chilimag.hu\/webshop\/wp-json\/wp\/v2\/product_brand?post=23888"},{"taxonomy":"product_cat","embeddable":true,"href":"https:\/\/chilimag.hu\/webshop\/wp-json\/wp\/v2\/product_cat?post=23888"},{"taxonomy":"product_tag","embeddable":true,"href":"https:\/\/chilimag.hu\/webshop\/wp-json\/wp\/v2\/product_tag?post=23888"}],"curies":[{"name":"wp","href":"https:\/\/api.w.org\/{rel}","templated":true}]}}