{"id":23885,"date":"2023-04-07T07:40:21","date_gmt":"2023-04-07T07:40:21","guid":{"rendered":"https:\/\/chilimag.hu\/webshop\/?post_type=product&#038;p=23885"},"modified":"2026-03-31T17:57:56","modified_gmt":"2026-03-31T17:57:56","slug":"padlizsan-tsakoniki-florian-bg","status":"publish","type":"product","link":"https:\/\/chilimag.hu\/webshop\/termek\/padlizsan-tsakoniki-florian-bg\/","title":{"rendered":"Padlizs\u00e1n Tsakoniki Florian Bg"},"content":{"rendered":"","protected":false},"excerpt":{"rendered":"<p><img decoding=\"async\" class=\"img-inline\" src=\"https:\/\/brcci.eu\/cache\/thumbnails\/12ecd0e6e419f1b9b1484ef02ad361979dd8e054\/1a6c5e1406ad462ca86d17b2800862d7f837862c-829875ad0a268b741b7edd818ffce098.png\" alt=\"FLORIAN OOD\" \/><\/p>\n<p>TSAKSONIKI padlizs\u00e1n &#8211; 1 gr<\/p>\n<p>Nagyon term\u0151 korai padlizs\u00e1n fajta, term\u00e9se 22-24 cm hossz\u00fa, hengeres, v\u00e9kony h\u00e9j\u00fa, halv\u00e1nylila, feh\u00e9r cs\u00edkokkal.<\/p>\n<p>Gyeng\u00e9d p\u00e9p\u00fcknek \u00e9s \u00e9des \u00edz\u00fcknek k\u00f6sz\u00f6nhet\u0151en nagyon finomak \u00e9s ide\u00e1lisak a muszaka elk\u00e9sz\u00edt\u00e9s\u00e9hez.A n\u00f6v\u00e9ny ellen\u00e1ll a magas h\u0151m\u00e9rs\u00e9kletnek Veget\u00e1ci\u00f3s id\u0151szak 75 nap.<\/p>\n<p>A magvakat korai termeszt\u00e9sre (janu\u00e1r 25-febru\u00e1r 5., csak meleg\u00edt\u00e9ssel), k\u00f6zepes termeszt\u00e9sre (m\u00e1rcius 15-30., meleg\u00edt\u00e9s n\u00e9lk\u00fcl) vetj\u00fck.<\/p>\n<p>Magok mennyis\u00e9ge zs\u00e1konk\u00e9nt: 1 gramm (180-220 db).<\/p>\n<p>M\u0171szaki adatok:<\/p>\n<p>M\u00e9lys\u00e9ge 1-1,5 cm<br \/>\nJanu\u00e1r 25-febru\u00e1r 5., \u00e1prilis 25-30<br \/>\nVet\u00e9smennyis\u00e9g 50 gramm\/hekt\u00e1r<br \/>\nA magvakb\u00f3l, pal\u00e1nt\u00e1kb\u00f3l t\u00f6rt\u00e9n\u0151 el\u0151\u00e1ll\u00edt\u00e1s fajt\u00e1i<br \/>\n\u00c1ltal\u00e1noss\u00e1gok:<\/p>\n<p>Tartalom 180-220 mag\/gramm<br \/>\nS\u00falya 1 gramm<br \/>\n\u00dcltet\u00e9s janu\u00e1r 25-febru\u00e1r 05, m\u00e1rcius 15-30<br \/>\nA betakar\u00edt\u00e1s j\u00faniusban kezd\u0151dik<br \/>\nVeget\u00e1ci\u00f3ja 75-80 nap<\/p>\n<p>A csomag 1 grammot tartalmaz<\/p>\n","protected":false},"featured_media":25171,"comment_status":"closed","ping_status":"closed","template":"","meta":[],"product_brand":[],"product_cat":[383],"product_tag":[],"class_list":{"0":"post-23885","1":"product","2":"type-product","3":"status-publish","4":"has-post-thumbnail","6":"product_cat-uborka-es-padlizsan-vetomagok","8":"first","9":"instock","10":"taxable","11":"shipping-taxable","12":"purchasable","13":"product-type-simple"},"_links":{"self":[{"href":"https:\/\/chilimag.hu\/webshop\/wp-json\/wp\/v2\/product\/23885","targetHints":{"allow":["GET"]}}],"collection":[{"href":"https:\/\/chilimag.hu\/webshop\/wp-json\/wp\/v2\/product"}],"about":[{"href":"https:\/\/chilimag.hu\/webshop\/wp-json\/wp\/v2\/types\/product"}],"replies":[{"embeddable":true,"href":"https:\/\/chilimag.hu\/webshop\/wp-json\/wp\/v2\/comments?post=23885"}],"wp:featuredmedia":[{"embeddable":true,"href":"https:\/\/chilimag.hu\/webshop\/wp-json\/wp\/v2\/media\/25171"}],"wp:attachment":[{"href":"https:\/\/chilimag.hu\/webshop\/wp-json\/wp\/v2\/media?parent=23885"}],"wp:term":[{"taxonomy":"product_brand","embeddable":true,"href":"https:\/\/chilimag.hu\/webshop\/wp-json\/wp\/v2\/product_brand?post=23885"},{"taxonomy":"product_cat","embeddable":true,"href":"https:\/\/chilimag.hu\/webshop\/wp-json\/wp\/v2\/product_cat?post=23885"},{"taxonomy":"product_tag","embeddable":true,"href":"https:\/\/chilimag.hu\/webshop\/wp-json\/wp\/v2\/product_tag?post=23885"}],"curies":[{"name":"wp","href":"https:\/\/api.w.org\/{rel}","templated":true}]}}