{"id":23879,"date":"2023-04-07T07:34:14","date_gmt":"2023-04-07T07:34:14","guid":{"rendered":"https:\/\/chilimag.hu\/webshop\/?post_type=product&#038;p=23879"},"modified":"2026-02-02T07:44:20","modified_gmt":"2026-02-02T07:44:20","slug":"padlizsan-black-beauty-florian-bg","status":"publish","type":"product","link":"https:\/\/chilimag.hu\/webshop\/termek\/padlizsan-black-beauty-florian-bg\/","title":{"rendered":"Padlizs\u00e1n Black Beauty Florian Bg"},"content":{"rendered":"","protected":false},"excerpt":{"rendered":"<p><img decoding=\"async\" class=\"img-inline\" src=\"https:\/\/brcci.eu\/cache\/thumbnails\/12ecd0e6e419f1b9b1484ef02ad361979dd8e054\/1a6c5e1406ad462ca86d17b2800862d7f837862c-829875ad0a268b741b7edd818ffce098.png\" alt=\"FLORIAN OOD\" \/><\/p>\n<p>Padlizs\u00e1n BLACK BEAUTY padlizs\u00e1n mag, ov\u00e1lis-kerek forma, Floriant\u00f3l<\/p>\n<p>Kiszerel\u00e9s: 300 mag (1,5 gr)<\/p>\n<p>K\u00f6zvetlen fajta fokozott term\u0151k\u00e9pess\u00e9g\u0171, k\u00e9s\u0151i n\u00f6veked\u00e9s\u0171. Term\u00e9se nagy, s\u00f6t\u00e9tlila sz\u00edn\u0171, term\u00e9se kerek-ov\u00e1lis, \u00e1tlagos t\u00f6mege 0,600-1,100 kg. Nyers fogyaszt\u00e1sra \u00e9s feldolgoz\u00e1sra alkalmas. A veget\u00e1ci\u00f3s id\u0151szak 120-125 nap.<\/p>\n<p>A korai termel\u00e9sn\u00e9l a vet\u00e9sid\u0151 janu\u00e1r 25-febru\u00e1r 5., az \u00e1tlagos vet\u00e9sid\u0151: \u00e1prilis 25-30.<\/p>\n<p>M\u0171szaki adatok:<\/p>\n<p>M\u00e9lys\u00e9ge 1-1,5 cm<br \/>\nJanu\u00e1r 25-febru\u00e1r 5., \u00e1prilis 25-30<br \/>\nVet\u00e9smennyis\u00e9g 35-50 gramm\/hekt\u00e1r<br \/>\nA vet\u0151magb\u00f3l t\u00f6rt\u00e9n\u0151 termel\u00e9s t\u00edpusai<br \/>\n\u00c1ltal\u00e1noss\u00e1gok:<\/p>\n<p>Tartalom 180-220 mag\/gramm<br \/>\nS\u00falya 1,5 gramm<br \/>\n\u00dcltet\u00e9s janu\u00e1r-m\u00e1jus<br \/>\nSz\u00fcret j\u00fanius-szeptember<br \/>\nVeget\u00e1ci\u00f3ja 120-125 nap<\/p>\n<p>A csomag 1,5 grammot tartalmaz<\/p>\n","protected":false},"featured_media":25168,"comment_status":"closed","ping_status":"closed","template":"","meta":[],"product_brand":[],"product_cat":[383],"product_tag":[],"class_list":{"0":"post-23879","1":"product","2":"type-product","3":"status-publish","4":"has-post-thumbnail","6":"product_cat-uborka-es-padlizsan-vetomagok","8":"first","9":"instock","10":"taxable","11":"shipping-taxable","12":"purchasable","13":"product-type-simple"},"_links":{"self":[{"href":"https:\/\/chilimag.hu\/webshop\/wp-json\/wp\/v2\/product\/23879","targetHints":{"allow":["GET"]}}],"collection":[{"href":"https:\/\/chilimag.hu\/webshop\/wp-json\/wp\/v2\/product"}],"about":[{"href":"https:\/\/chilimag.hu\/webshop\/wp-json\/wp\/v2\/types\/product"}],"replies":[{"embeddable":true,"href":"https:\/\/chilimag.hu\/webshop\/wp-json\/wp\/v2\/comments?post=23879"}],"wp:featuredmedia":[{"embeddable":true,"href":"https:\/\/chilimag.hu\/webshop\/wp-json\/wp\/v2\/media\/25168"}],"wp:attachment":[{"href":"https:\/\/chilimag.hu\/webshop\/wp-json\/wp\/v2\/media?parent=23879"}],"wp:term":[{"taxonomy":"product_brand","embeddable":true,"href":"https:\/\/chilimag.hu\/webshop\/wp-json\/wp\/v2\/product_brand?post=23879"},{"taxonomy":"product_cat","embeddable":true,"href":"https:\/\/chilimag.hu\/webshop\/wp-json\/wp\/v2\/product_cat?post=23879"},{"taxonomy":"product_tag","embeddable":true,"href":"https:\/\/chilimag.hu\/webshop\/wp-json\/wp\/v2\/product_tag?post=23879"}],"curies":[{"name":"wp","href":"https:\/\/api.w.org\/{rel}","templated":true}]}}