{"id":23876,"date":"2023-04-07T07:30:52","date_gmt":"2023-04-07T07:30:52","guid":{"rendered":"https:\/\/chilimag.hu\/webshop\/?post_type=product&#038;p=23876"},"modified":"2026-04-17T17:43:07","modified_gmt":"2026-04-17T17:43:07","slug":"padlizsan-nr-12-florian-bg","status":"publish","type":"product","link":"https:\/\/chilimag.hu\/webshop\/termek\/padlizsan-nr-12-florian-bg\/","title":{"rendered":"Padlizs\u00e1n Nr 12 Florian Bg"},"content":{"rendered":"","protected":false},"excerpt":{"rendered":"<p><img decoding=\"async\" class=\"img-inline\" src=\"https:\/\/brcci.eu\/cache\/thumbnails\/12ecd0e6e419f1b9b1484ef02ad361979dd8e054\/1a6c5e1406ad462ca86d17b2800862d7f837862c-829875ad0a268b741b7edd818ffce098.png\" alt=\"FLORIAN OOD\" \/><\/p>\n<p>Bolg\u00e1r f\u00e9lkorai \u00e9s nagyon term\u0151 padlizs\u00e1n fajta.Gy\u00fcm\u00f6lcsei k\u00f6rte alak\u00faak \u00e9s s\u00f6t\u00e9tlila sz\u00edn\u0171ek,f\u00e9nyesek,\u00e1tlags\u00falyuk 250g,kit\u0171n\u0151 \u00edz\u0171ek F\u0151z\u00e9sre,s\u00fct\u00e9sre,t\u00f6ltel\u00e9kre \u00e9s tart\u00f3s\u00edt\u00e1sra alkalmasak Veget\u00e1ci\u00f3s id\u0151szak 80-85 nap.<\/p>\n<p>Vet\u00e9si \u00fatmutat\u00f3: A magvak elvet\u00e9se: &#8211; korai termeszt\u00e9sre (janu\u00e1r 25. &#8211; febru\u00e1r 5.) &#8211; meleg\u00edt\u00e9ssel, k\u00f6zepes termeszt\u00e9sre (m\u00e1rcius 15. &#8211; 30.) &#8211; meleg\u00edt\u00e9s n\u00e9lk\u00fcl<\/p>\n<p>Magok sz\u00e1ma csomagonk\u00e9nt: 1000 mag (5 gr)<\/p>\n<p>Vet\u00e9si m\u00e9lys\u00e9g &#8211; 1-1,5 cm<\/p>\n<p>Vet\u00e9smennyis\u00e9g &#8211; 35 &#8211; 50 gramm\/1000 m\u00e9ter Magok mennyis\u00e9ge bor\u00edt\u00e9konk\u00e9nt: 3 gramm.<\/p>\n<p>M\u0171szaki adatok:<\/p>\n<p>M\u00e9lys\u00e9ge 2-3 cm<br \/>\nA pal\u00e1nt\u00e1kb\u00f3l t\u00f6rt\u00e9n\u0151 termel\u00e9s t\u00edpusai<br \/>\n\u00c1ltal\u00e1noss\u00e1gok:<\/p>\n<p>S\u00falya 5 gramm<br \/>\n\u00dcltet\u00e9s &#8211; korai termeszt\u00e9sre (janu\u00e1r 25. &#8211; febru\u00e1r 5.) &#8211; f\u0171t\u00e9ssel &#8211; k\u00f6zepes termeszt\u00e9sre (m\u00e1rcius 15. &#8211; 30.) &#8211; f\u0171t\u00e9s n\u00e9lk\u00fcl<br \/>\nA betakar\u00edt\u00e1s j\u00faliusban kezd\u0151dik<br \/>\nVeget\u00e1ci\u00f3ja 80-85 nap<\/p>\n<p>A csomag 1,5 grammot tartalmaz<\/p>\n","protected":false},"featured_media":25170,"comment_status":"closed","ping_status":"closed","template":"","meta":[],"product_brand":[],"product_cat":[383],"product_tag":[],"class_list":{"0":"post-23876","1":"product","2":"type-product","3":"status-publish","4":"has-post-thumbnail","6":"product_cat-uborka-es-padlizsan-vetomagok","8":"first","9":"instock","10":"taxable","11":"shipping-taxable","12":"purchasable","13":"product-type-simple"},"_links":{"self":[{"href":"https:\/\/chilimag.hu\/webshop\/wp-json\/wp\/v2\/product\/23876","targetHints":{"allow":["GET"]}}],"collection":[{"href":"https:\/\/chilimag.hu\/webshop\/wp-json\/wp\/v2\/product"}],"about":[{"href":"https:\/\/chilimag.hu\/webshop\/wp-json\/wp\/v2\/types\/product"}],"replies":[{"embeddable":true,"href":"https:\/\/chilimag.hu\/webshop\/wp-json\/wp\/v2\/comments?post=23876"}],"wp:featuredmedia":[{"embeddable":true,"href":"https:\/\/chilimag.hu\/webshop\/wp-json\/wp\/v2\/media\/25170"}],"wp:attachment":[{"href":"https:\/\/chilimag.hu\/webshop\/wp-json\/wp\/v2\/media?parent=23876"}],"wp:term":[{"taxonomy":"product_brand","embeddable":true,"href":"https:\/\/chilimag.hu\/webshop\/wp-json\/wp\/v2\/product_brand?post=23876"},{"taxonomy":"product_cat","embeddable":true,"href":"https:\/\/chilimag.hu\/webshop\/wp-json\/wp\/v2\/product_cat?post=23876"},{"taxonomy":"product_tag","embeddable":true,"href":"https:\/\/chilimag.hu\/webshop\/wp-json\/wp\/v2\/product_tag?post=23876"}],"curies":[{"name":"wp","href":"https:\/\/api.w.org\/{rel}","templated":true}]}}